{"id":66416,"date":"2026-04-14T11:14:48","date_gmt":"2026-04-14T09:14:48","guid":{"rendered":"https:\/\/www.thermokey.com\/?page_id=66416"},"modified":"2026-04-14T11:15:13","modified_gmt":"2026-04-14T09:15:13","slug":"siec-sprzedazy-reszta-swiata","status":"publish","type":"page","link":"https:\/\/www.thermokey.com\/pl\/siec-sprzedazy-reszta-swiata\/","title":{"rendered":"Siec Sprzedazy &#8211; Reszta \u015bwiata"},"content":{"rendered":"<section class=\"wpb-content-wrapper\"><!DOCTYPE html PUBLIC \"-\/\/W3C\/\/DTD HTML 4.0 Transitional\/\/EN\" \"http:\/\/www.w3.org\/TR\/REC-html40\/loose.dtd\">\n<html><body><p>[vc_row css=&rdquo;.vc_custom_1775726683437{margin-top: 45px !important;}&rdquo;][vc_column css=&rdquo;.vc_custom_1775727117790{padding-left: 120px !important;}&rdquo;][vc_column_text css=&rdquo;.vc_custom_1776153819888{padding-top: 20px !important;padding-bottom: 20px !important;}&rdquo;]<\/p>\n<p style=\"text-align: center;\"><strong>Thermokey S.p.A.<\/strong><br>\n<a href=\"https:\/\/maps.app.goo.gl\/6Ng8a766kWVDp4js9\">Via dell&rsquo;Industria, 1 &ndash; 33061<\/a><br>\nRivarotta di Rivignano Teor (UD)<br>\nT. +39 0432 772300 | F.+39 0432 779734<\/p>\n<p style=\"text-align: center;\"><span style=\"text-decoration: underline;\"><a href=\"mailto:info@thermokey.com\">info@thermokey.com<\/a><\/span> |&nbsp;<span style=\"text-decoration: underline;\"><a href=\"mailto:sales@thermokey.com\">sales@thermokey.com<\/a><\/span><\/p>\n<p>[\/vc_column_text][vc_column_text css=&rdquo;.vc_custom_1776153956839{padding-top: 20px !important;padding-bottom: 20px !important;}&rdquo;]<\/p>\n<p style=\"text-align: center;\"><strong><span style=\"font-size: 1em;\">Alternatywnie prosimy o wype&#322;nienie poni&#380;szego formularza.<br>\n<\/span><\/strong>Dedykowany Sales Area Manager skontaktuje si&#281; z Pa&#324;stwem wkr&oacute;tce.<\/p>\n<p>[\/vc_column_text][\/vc_column][\/vc_row]<\/p>\n<\/body><\/html>\n<\/section>","protected":false},"excerpt":{"rendered":"<p>[vc_row css=&rdquo;.vc_custom_1775726683437{margin-top: 45px !important;}&rdquo;][vc_column css=&rdquo;.vc_custom_1775727117790{padding-left: 120px !important;}&rdquo;][vc_column_text css=&rdquo;.vc_custom_1776153819888{padding-top: 20px !important;padding-bottom: 20px !important;}&rdquo;] Thermokey S.p.A. Via dell&rsquo;Industria, 1 &ndash; 33061 Rivarotta di Rivignano Teor (UD) T. +39 0432 772300 | F.+39 0432 779734 info@thermokey.com |&nbsp;sales@thermokey.com [\/vc_column_text][vc_column_text css=&rdquo;.vc_custom_1776153956839{padding-top: 20px !important;padding-bottom: 20px !important;}&rdquo;] Alternatywnie prosimy o wype&#322;nienie poni&#380;szego formularza. Dedykowany Sales Area Manager skontaktuje si&#281; z Pa&#324;stwem wkr&oacute;tce. [&hellip;]<\/p>\n","protected":false},"author":2,"featured_media":0,"parent":0,"menu_order":0,"comment_status":"closed","ping_status":"closed","template":"","meta":{"_acf_changed":false,"inline_featured_image":false,"footnotes":""},"class_list":["post-66416","page","type-page","status-publish","hentry"],"acf":[],"yoast_head":"<!-- This site is optimized with the Yoast SEO plugin v27.1.1 - https:\/\/yoast.com\/product\/yoast-seo-wordpress\/ -->\n<title>Reszta \u015bwiata - ThermoKey<\/title>\n<meta name=\"description\" content=\"Sie\u0107 sprzeda\u017cy Thermokey na pozosta\u0142ych rynkach \u015bwiata zapewnia lokaln\u0105 wiedz\u0119 HVAC\u2011R, wsparcie techniczne oraz dopasowane rozwi\u0105zania wymiennik\u00f3w ciep\u0142a.\" \/>\n<meta name=\"robots\" content=\"index, follow, max-snippet:-1, max-image-preview:large, max-video-preview:-1\" \/>\n<link rel=\"canonical\" href=\"https:\/\/www.thermokey.com\/pl\/siec-sprzedazy-reszta-swiata\/\" \/>\n<meta property=\"og:locale\" content=\"pl_PL\" \/>\n<meta property=\"og:type\" content=\"article\" \/>\n<meta property=\"og:title\" content=\"Reszta \u015bwiata - ThermoKey\" \/>\n<meta property=\"og:description\" content=\"Sie\u0107 sprzeda\u017cy Thermokey na pozosta\u0142ych rynkach \u015bwiata zapewnia lokaln\u0105 wiedz\u0119 HVAC\u2011R, wsparcie techniczne oraz dopasowane rozwi\u0105zania wymiennik\u00f3w ciep\u0142a.\" \/>\n<meta property=\"og:url\" content=\"https:\/\/www.thermokey.com\/pl\/siec-sprzedazy-reszta-swiata\/\" \/>\n<meta property=\"og:site_name\" content=\"Thermokey\" \/>\n<meta property=\"article:modified_time\" content=\"2026-04-14T09:15:13+00:00\" \/>\n<meta name=\"twitter:card\" content=\"summary_large_image\" \/>\n<meta name=\"twitter:label1\" content=\"Szacowany czas czytania\" \/>\n\t<meta name=\"twitter:data1\" content=\"1 minuta\" \/>\n<script type=\"application\/ld+json\" class=\"yoast-schema-graph\">{\"@context\":\"https:\/\/schema.org\",\"@graph\":[{\"@type\":\"WebPage\",\"@id\":\"https:\/\/www.thermokey.com\/pl\/siec-sprzedazy-reszta-swiata\/\",\"url\":\"https:\/\/www.thermokey.com\/pl\/siec-sprzedazy-reszta-swiata\/\",\"name\":\"Reszta \u015bwiata - ThermoKey\",\"isPartOf\":{\"@id\":\"https:\/\/www.thermokey.com\/pl\/#website\"},\"datePublished\":\"2026-04-14T09:14:48+00:00\",\"dateModified\":\"2026-04-14T09:15:13+00:00\",\"description\":\"Sie\u0107 sprzeda\u017cy Thermokey na pozosta\u0142ych rynkach \u015bwiata zapewnia lokaln\u0105 wiedz\u0119 HVAC\u2011R, wsparcie techniczne oraz dopasowane rozwi\u0105zania wymiennik\u00f3w ciep\u0142a.\",\"breadcrumb\":{\"@id\":\"https:\/\/www.thermokey.com\/pl\/siec-sprzedazy-reszta-swiata\/#breadcrumb\"},\"inLanguage\":\"pl-PL\",\"potentialAction\":[{\"@type\":\"ReadAction\",\"target\":[\"https:\/\/www.thermokey.com\/pl\/siec-sprzedazy-reszta-swiata\/\"]}]},{\"@type\":\"BreadcrumbList\",\"@id\":\"https:\/\/www.thermokey.com\/pl\/siec-sprzedazy-reszta-swiata\/#breadcrumb\",\"itemListElement\":[{\"@type\":\"ListItem\",\"position\":1,\"name\":\"Home\",\"item\":\"https:\/\/www.thermokey.com\/pl\/\"},{\"@type\":\"ListItem\",\"position\":2,\"name\":\"Siec Sprzedazy &#8211; Reszta \u015bwiata\"}]},{\"@type\":\"WebSite\",\"@id\":\"https:\/\/www.thermokey.com\/pl\/#website\",\"url\":\"https:\/\/www.thermokey.com\/pl\/\",\"name\":\"Thermokey\",\"description\":\"Heat Exchange Solutions\",\"potentialAction\":[{\"@type\":\"SearchAction\",\"target\":{\"@type\":\"EntryPoint\",\"urlTemplate\":\"https:\/\/www.thermokey.com\/pl\/?s={search_term_string}\"},\"query-input\":{\"@type\":\"PropertyValueSpecification\",\"valueRequired\":true,\"valueName\":\"search_term_string\"}}],\"inLanguage\":\"pl-PL\"}]}<\/script>\n<!-- \/ Yoast SEO plugin. -->","yoast_head_json":{"title":"Reszta \u015bwiata - ThermoKey","description":"Sie\u0107 sprzeda\u017cy Thermokey na pozosta\u0142ych rynkach \u015bwiata zapewnia lokaln\u0105 wiedz\u0119 HVAC\u2011R, wsparcie techniczne oraz dopasowane rozwi\u0105zania wymiennik\u00f3w ciep\u0142a.","robots":{"index":"index","follow":"follow","max-snippet":"max-snippet:-1","max-image-preview":"max-image-preview:large","max-video-preview":"max-video-preview:-1"},"canonical":"https:\/\/www.thermokey.com\/pl\/siec-sprzedazy-reszta-swiata\/","og_locale":"pl_PL","og_type":"article","og_title":"Reszta \u015bwiata - ThermoKey","og_description":"Sie\u0107 sprzeda\u017cy Thermokey na pozosta\u0142ych rynkach \u015bwiata zapewnia lokaln\u0105 wiedz\u0119 HVAC\u2011R, wsparcie techniczne oraz dopasowane rozwi\u0105zania wymiennik\u00f3w ciep\u0142a.","og_url":"https:\/\/www.thermokey.com\/pl\/siec-sprzedazy-reszta-swiata\/","og_site_name":"Thermokey","article_modified_time":"2026-04-14T09:15:13+00:00","twitter_card":"summary_large_image","twitter_misc":{"Szacowany czas czytania":"1 minuta"},"schema":{"@context":"https:\/\/schema.org","@graph":[{"@type":"WebPage","@id":"https:\/\/www.thermokey.com\/pl\/siec-sprzedazy-reszta-swiata\/","url":"https:\/\/www.thermokey.com\/pl\/siec-sprzedazy-reszta-swiata\/","name":"Reszta \u015bwiata - ThermoKey","isPartOf":{"@id":"https:\/\/www.thermokey.com\/pl\/#website"},"datePublished":"2026-04-14T09:14:48+00:00","dateModified":"2026-04-14T09:15:13+00:00","description":"Sie\u0107 sprzeda\u017cy Thermokey na pozosta\u0142ych rynkach \u015bwiata zapewnia lokaln\u0105 wiedz\u0119 HVAC\u2011R, wsparcie techniczne oraz dopasowane rozwi\u0105zania wymiennik\u00f3w ciep\u0142a.","breadcrumb":{"@id":"https:\/\/www.thermokey.com\/pl\/siec-sprzedazy-reszta-swiata\/#breadcrumb"},"inLanguage":"pl-PL","potentialAction":[{"@type":"ReadAction","target":["https:\/\/www.thermokey.com\/pl\/siec-sprzedazy-reszta-swiata\/"]}]},{"@type":"BreadcrumbList","@id":"https:\/\/www.thermokey.com\/pl\/siec-sprzedazy-reszta-swiata\/#breadcrumb","itemListElement":[{"@type":"ListItem","position":1,"name":"Home","item":"https:\/\/www.thermokey.com\/pl\/"},{"@type":"ListItem","position":2,"name":"Siec Sprzedazy &#8211; Reszta \u015bwiata"}]},{"@type":"WebSite","@id":"https:\/\/www.thermokey.com\/pl\/#website","url":"https:\/\/www.thermokey.com\/pl\/","name":"Thermokey","description":"Heat Exchange Solutions","potentialAction":[{"@type":"SearchAction","target":{"@type":"EntryPoint","urlTemplate":"https:\/\/www.thermokey.com\/pl\/?s={search_term_string}"},"query-input":{"@type":"PropertyValueSpecification","valueRequired":true,"valueName":"search_term_string"}}],"inLanguage":"pl-PL"}]}},"_links":{"self":[{"href":"https:\/\/www.thermokey.com\/pl\/wp-json\/wp\/v2\/pages\/66416","targetHints":{"allow":["GET"]}}],"collection":[{"href":"https:\/\/www.thermokey.com\/pl\/wp-json\/wp\/v2\/pages"}],"about":[{"href":"https:\/\/www.thermokey.com\/pl\/wp-json\/wp\/v2\/types\/page"}],"author":[{"embeddable":true,"href":"https:\/\/www.thermokey.com\/pl\/wp-json\/wp\/v2\/users\/2"}],"replies":[{"embeddable":true,"href":"https:\/\/www.thermokey.com\/pl\/wp-json\/wp\/v2\/comments?post=66416"}],"version-history":[{"count":2,"href":"https:\/\/www.thermokey.com\/pl\/wp-json\/wp\/v2\/pages\/66416\/revisions"}],"predecessor-version":[{"id":66448,"href":"https:\/\/www.thermokey.com\/pl\/wp-json\/wp\/v2\/pages\/66416\/revisions\/66448"}],"wp:attachment":[{"href":"https:\/\/www.thermokey.com\/pl\/wp-json\/wp\/v2\/media?parent=66416"}],"curies":[{"name":"wp","href":"https:\/\/api.w.org\/{rel}","templated":true}]}}