{"id":3207,"date":"2017-12-11T12:20:20","date_gmt":"2017-12-11T11:20:20","guid":{"rendered":"http:\/\/dev.thermokey.it\/manuals\/"},"modified":"2026-04-30T16:50:18","modified_gmt":"2026-04-30T14:50:18","slug":"instrukcje-techniczne","status":"publish","type":"page","link":"https:\/\/www.thermokey.com\/pl\/pobierz\/instrukcje-techniczne\/","title":{"rendered":"Instrukcje techniczne"},"content":{"rendered":"<section class=\"wpb-content-wrapper\"><!DOCTYPE html PUBLIC \"-\/\/W3C\/\/DTD HTML 4.0 Transitional\/\/EN\" \"http:\/\/www.w3.org\/TR\/REC-html40\/loose.dtd\">\n<html><body><p>[vc_row][vc_column width=&rdquo;1\/2&Prime;][vc_custom_heading text=&rdquo;Instrukcje og&oacute;lne&rdquo; font_container=&rdquo;tag:h2|font_size:22|text_align:left|color:%23034a7c&rdquo; css=&rdquo;.vc_custom_1762266614525{margin-bottom: 20px !important;}&rdquo;][vc_column_text el_class=&rdquo;tk-links-list&rdquo; css=&rdquo;.vc_custom_1777560615227{margin-bottom: 20px !important;}&rdquo;]<\/p>\n<ul>\n<li><a href=\"https:\/\/www.thermokey.com\/wp-content\/uploads\/2026\/04\/IG-Manual-02.26_WEB.pdf\" target=\"_blank\" rel=\"noopener noreferrer\">Instrukcja IG &ndash; og&oacute;lne instrukcje bezpiecznego u&#380;ytkowania<\/a><\/li>\n<li><a href=\"https:\/\/www.thermokey.com\/wp-content\/uploads\/2026\/04\/IM-Manual-04.26_WEB.pdf\" target=\"_blank\" rel=\"noopener noreferrer\">Instrukcja IM &ndash; instrukcje dotycz&#261;ce obs&#322;ugi i rozpakowania<\/a><\/li>\n<li><a href=\"https:\/\/www.thermokey.com\/wp-content\/uploads\/2026\/04\/IS-Manual-WEB_12.22.pdf\" target=\"_blank\" rel=\"noopener noreferrer\">Instrukcja IS &ndash; szczeg&oacute;&#322;owe instrukcje u&#380;ytkowania i konserwacji<\/a><\/li>\n<li><a href=\"https:\/\/www.thermokey.com\/wp-content\/uploads\/2022\/02\/Manuale-IS-integrato-12.22_ver.-digitale.pdf\" target=\"_blank\" rel=\"noopener\"><span lang=\"PL\">INSTRUKCJA IS &ndash; R<\/span><b><span lang=\"PL\">&#280;<\/span><\/b><span lang=\"PL\">CZNE CZYSZCZENIE LAMELOWYCH WYMIENNIK<\/span><b><span lang=\"PL\">&Oacute;<\/span><\/b><span lang=\"PL\">W CIEP&#321;A<\/span><\/a><\/li>\n<li><a href=\"https:\/\/www.thermokey.com\/wp-content\/uploads\/2022\/02\/Manuale-TC_10.21.pdf\" target=\"_blank\" rel=\"noopener noreferrer\">Instrukcja TC &ndash; instrukcja i specyfikacje techniczne<\/a><\/li>\n<li><a href=\"\/dev\/wp-content\/uploads\/2026\/03\/Indications-use-TKMicro-WEB_01.26-1.pdf\" target=\"_blank\" rel=\"noopener noreferrer\">Wskazania do stosowania rdzeni tkmicro<\/a><\/li>\n<li><a href=\"\/dev\/wp-content\/uploads\/2017\/12\/111007_TECHNICAL-BULLETIN.pdf\" target=\"_blank\" rel=\"noopener noreferrer\">Biuletyn techniczny 2001-01<\/a><\/li>\n<\/ul>\n<p>[\/vc_column_text][\/vc_column][vc_column width=&rdquo;1\/2&Prime;][vc_custom_heading text=&rdquo;Instrukcje obs&#322;ugi poszczeg&oacute;lnych produkt&oacute;w&rdquo; font_container=&rdquo;tag:h2|font_size:22|text_align:left|color:%23034a7c&rdquo; css=&rdquo;.vc_custom_1762266631493{margin-bottom: 20px !important;}&rdquo;][vc_column_text el_class=&rdquo;tk-links-list&rdquo; css=&rdquo;.vc_custom_1777560534722{margin-bottom: 20px !important;}&rdquo;]<\/p>\n<ul>\n<li><a href=\"https:\/\/www.thermokey.com\/pl\/manuale-tc-series-jv-sj_web-03-26-2\/\" target=\"_blank\" rel=\"noopener\">Instrukcja tc &ndash; Ch&#322;odnice suche, skraplacze i ch&#322;odnice gazu serii V<\/a><\/li>\n<li><a href=\"https:\/\/www.thermokey.com\/wp-content\/uploads\/2022\/02\/Manuale-TC-dual-flow_10.21_V.-digitale.pdf\" target=\"_blank\" rel=\"noopener noreferrer\">Instrukcja tc &ndash; ch&#322;odnice dwuprzep&#322;ywowe unol<\/a><\/li>\n<li><a href=\"https:\/\/www.thermokey.com\/wp-content\/uploads\/2017\/12\/manuale_TC-tksmart-GEN.pdf\">Instrukcja tc &ndash; TK Smart<\/a><\/li>\n<li><a href=\"https:\/\/www.thermokey.com\/wp-content\/uploads\/2019\/04\/GEN_manuale-TC-WFS.pdf\" target=\"_blank\" rel=\"noopener noreferrer\">Instrukcja tc &ndash; AFS Adiabatik-Air-Fresh-System<\/a><\/li>\n<li><a href=\"https:\/\/www.thermokey.com\/wp-content\/uploads\/2019\/12\/GEN_manuale-TC-WFS.pdf\" target=\"_blank\" rel=\"noopener noreferrer\">INSTRUKCJA TC &ndash; SYSTEM MOKREGO O&#379;EBROWANIA WFS<\/a><\/li>\n<li><a href=\"https:\/\/www.thermokey.com\/wp-content\/uploads\/2026\/04\/TC-Manual-EPS-WEB_02.25.pdf\" target=\"_blank\" rel=\"noopener noreferrer\">Instrukcja tc &ndash; EPS Adiabatic Evaporative Panel System<\/a><\/li>\n<\/ul>\n<p>[\/vc_column_text][\/vc_column][\/vc_row]<\/p>\n<\/body><\/html>\n<\/section>","protected":false},"excerpt":{"rendered":"<p>[vc_row][vc_column width=&rdquo;1\/2&Prime;][vc_custom_heading text=&rdquo;Instrukcje og&oacute;lne&rdquo; font_container=&rdquo;tag:h2|font_size:22|text_align:left|color:%23034a7c&rdquo; css=&rdquo;.vc_custom_1762266614525{margin-bottom: 20px !important;}&rdquo;][vc_column_text el_class=&rdquo;tk-links-list&rdquo; css=&rdquo;.vc_custom_1777560615227{margin-bottom: 20px !important;}&rdquo;] Instrukcja IG &ndash; og&oacute;lne instrukcje bezpiecznego u&#380;ytkowania Instrukcja IM &ndash; instrukcje dotycz&#261;ce obs&#322;ugi i rozpakowania Instrukcja IS &ndash; szczeg&oacute;&#322;owe instrukcje u&#380;ytkowania i konserwacji INSTRUKCJA IS &ndash; R&#280;CZNE CZYSZCZENIE LAMELOWYCH WYMIENNIK&Oacute;W CIEP&#321;A Instrukcja TC &ndash; instrukcja i specyfikacje techniczne Wskazania do stosowania rdzeni tkmicro [&hellip;]<\/p>\n","protected":false},"author":1,"featured_media":0,"parent":4853,"menu_order":2,"comment_status":"closed","ping_status":"closed","template":"","meta":{"_acf_changed":false,"inline_featured_image":false,"footnotes":""},"class_list":["post-3207","page","type-page","status-publish","hentry"],"acf":[],"yoast_head":"<!-- This site is optimized with the Yoast SEO plugin v27.1.1 - https:\/\/yoast.com\/product\/yoast-seo-wordpress\/ -->\n<title>Instrukcje techniczne - ThermoKey<\/title>\n<meta name=\"description\" content=\"Instrukcje techniczne dotycz\u0105ce gamy produkt\u00f3w ThermoKey, konkretnych rozwi\u0105za\u0144, obs\u0142ugi, instrukcji i specyfikacji technicznych.\" \/>\n<meta name=\"robots\" content=\"index, follow, max-snippet:-1, max-image-preview:large, max-video-preview:-1\" \/>\n<link rel=\"canonical\" href=\"https:\/\/www.thermokey.com\/pl\/pobierz\/instrukcje-techniczne\/\" \/>\n<meta property=\"og:locale\" content=\"pl_PL\" \/>\n<meta property=\"og:type\" content=\"article\" \/>\n<meta property=\"og:title\" content=\"Instrukcje techniczne - ThermoKey\" \/>\n<meta property=\"og:description\" content=\"Instrukcje techniczne dotycz\u0105ce gamy produkt\u00f3w ThermoKey, konkretnych rozwi\u0105za\u0144, obs\u0142ugi, instrukcji i specyfikacji technicznych.\" \/>\n<meta property=\"og:url\" content=\"https:\/\/www.thermokey.com\/pl\/pobierz\/instrukcje-techniczne\/\" \/>\n<meta property=\"og:site_name\" content=\"Thermokey\" \/>\n<meta property=\"article:modified_time\" content=\"2026-04-30T14:50:18+00:00\" \/>\n<meta name=\"twitter:card\" content=\"summary_large_image\" \/>\n<meta name=\"twitter:label1\" content=\"Szacowany czas czytania\" \/>\n\t<meta name=\"twitter:data1\" content=\"1 minuta\" \/>\n<script type=\"application\/ld+json\" class=\"yoast-schema-graph\">{\"@context\":\"https:\/\/schema.org\",\"@graph\":[{\"@type\":\"WebPage\",\"@id\":\"https:\/\/www.thermokey.com\/pl\/pobierz\/instrukcje-techniczne\/\",\"url\":\"https:\/\/www.thermokey.com\/pl\/pobierz\/instrukcje-techniczne\/\",\"name\":\"Instrukcje techniczne - ThermoKey\",\"isPartOf\":{\"@id\":\"https:\/\/www.thermokey.com\/pl\/#website\"},\"datePublished\":\"2017-12-11T11:20:20+00:00\",\"dateModified\":\"2026-04-30T14:50:18+00:00\",\"description\":\"Instrukcje techniczne dotycz\u0105ce gamy produkt\u00f3w ThermoKey, konkretnych rozwi\u0105za\u0144, obs\u0142ugi, instrukcji i specyfikacji technicznych.\",\"breadcrumb\":{\"@id\":\"https:\/\/www.thermokey.com\/pl\/pobierz\/instrukcje-techniczne\/#breadcrumb\"},\"inLanguage\":\"pl-PL\",\"potentialAction\":[{\"@type\":\"ReadAction\",\"target\":[\"https:\/\/www.thermokey.com\/pl\/pobierz\/instrukcje-techniczne\/\"]}]},{\"@type\":\"BreadcrumbList\",\"@id\":\"https:\/\/www.thermokey.com\/pl\/pobierz\/instrukcje-techniczne\/#breadcrumb\",\"itemListElement\":[{\"@type\":\"ListItem\",\"position\":1,\"name\":\"Home\",\"item\":\"https:\/\/www.thermokey.com\/pl\/\"},{\"@type\":\"ListItem\",\"position\":2,\"name\":\"Pobierz\",\"item\":\"https:\/\/www.thermokey.com\/pl\/pobierz\/\"},{\"@type\":\"ListItem\",\"position\":3,\"name\":\"Instrukcje techniczne\"}]},{\"@type\":\"WebSite\",\"@id\":\"https:\/\/www.thermokey.com\/pl\/#website\",\"url\":\"https:\/\/www.thermokey.com\/pl\/\",\"name\":\"Thermokey\",\"description\":\"Heat Exchange Solutions\",\"potentialAction\":[{\"@type\":\"SearchAction\",\"target\":{\"@type\":\"EntryPoint\",\"urlTemplate\":\"https:\/\/www.thermokey.com\/pl\/?s={search_term_string}\"},\"query-input\":{\"@type\":\"PropertyValueSpecification\",\"valueRequired\":true,\"valueName\":\"search_term_string\"}}],\"inLanguage\":\"pl-PL\"}]}<\/script>\n<!-- \/ Yoast SEO plugin. -->","yoast_head_json":{"title":"Instrukcje techniczne - ThermoKey","description":"Instrukcje techniczne dotycz\u0105ce gamy produkt\u00f3w ThermoKey, konkretnych rozwi\u0105za\u0144, obs\u0142ugi, instrukcji i specyfikacji technicznych.","robots":{"index":"index","follow":"follow","max-snippet":"max-snippet:-1","max-image-preview":"max-image-preview:large","max-video-preview":"max-video-preview:-1"},"canonical":"https:\/\/www.thermokey.com\/pl\/pobierz\/instrukcje-techniczne\/","og_locale":"pl_PL","og_type":"article","og_title":"Instrukcje techniczne - ThermoKey","og_description":"Instrukcje techniczne dotycz\u0105ce gamy produkt\u00f3w ThermoKey, konkretnych rozwi\u0105za\u0144, obs\u0142ugi, instrukcji i specyfikacji technicznych.","og_url":"https:\/\/www.thermokey.com\/pl\/pobierz\/instrukcje-techniczne\/","og_site_name":"Thermokey","article_modified_time":"2026-04-30T14:50:18+00:00","twitter_card":"summary_large_image","twitter_misc":{"Szacowany czas czytania":"1 minuta"},"schema":{"@context":"https:\/\/schema.org","@graph":[{"@type":"WebPage","@id":"https:\/\/www.thermokey.com\/pl\/pobierz\/instrukcje-techniczne\/","url":"https:\/\/www.thermokey.com\/pl\/pobierz\/instrukcje-techniczne\/","name":"Instrukcje techniczne - ThermoKey","isPartOf":{"@id":"https:\/\/www.thermokey.com\/pl\/#website"},"datePublished":"2017-12-11T11:20:20+00:00","dateModified":"2026-04-30T14:50:18+00:00","description":"Instrukcje techniczne dotycz\u0105ce gamy produkt\u00f3w ThermoKey, konkretnych rozwi\u0105za\u0144, obs\u0142ugi, instrukcji i specyfikacji technicznych.","breadcrumb":{"@id":"https:\/\/www.thermokey.com\/pl\/pobierz\/instrukcje-techniczne\/#breadcrumb"},"inLanguage":"pl-PL","potentialAction":[{"@type":"ReadAction","target":["https:\/\/www.thermokey.com\/pl\/pobierz\/instrukcje-techniczne\/"]}]},{"@type":"BreadcrumbList","@id":"https:\/\/www.thermokey.com\/pl\/pobierz\/instrukcje-techniczne\/#breadcrumb","itemListElement":[{"@type":"ListItem","position":1,"name":"Home","item":"https:\/\/www.thermokey.com\/pl\/"},{"@type":"ListItem","position":2,"name":"Pobierz","item":"https:\/\/www.thermokey.com\/pl\/pobierz\/"},{"@type":"ListItem","position":3,"name":"Instrukcje techniczne"}]},{"@type":"WebSite","@id":"https:\/\/www.thermokey.com\/pl\/#website","url":"https:\/\/www.thermokey.com\/pl\/","name":"Thermokey","description":"Heat Exchange Solutions","potentialAction":[{"@type":"SearchAction","target":{"@type":"EntryPoint","urlTemplate":"https:\/\/www.thermokey.com\/pl\/?s={search_term_string}"},"query-input":{"@type":"PropertyValueSpecification","valueRequired":true,"valueName":"search_term_string"}}],"inLanguage":"pl-PL"}]}},"_links":{"self":[{"href":"https:\/\/www.thermokey.com\/pl\/wp-json\/wp\/v2\/pages\/3207","targetHints":{"allow":["GET"]}}],"collection":[{"href":"https:\/\/www.thermokey.com\/pl\/wp-json\/wp\/v2\/pages"}],"about":[{"href":"https:\/\/www.thermokey.com\/pl\/wp-json\/wp\/v2\/types\/page"}],"author":[{"embeddable":true,"href":"https:\/\/www.thermokey.com\/pl\/wp-json\/wp\/v2\/users\/1"}],"replies":[{"embeddable":true,"href":"https:\/\/www.thermokey.com\/pl\/wp-json\/wp\/v2\/comments?post=3207"}],"version-history":[{"count":43,"href":"https:\/\/www.thermokey.com\/pl\/wp-json\/wp\/v2\/pages\/3207\/revisions"}],"predecessor-version":[{"id":66816,"href":"https:\/\/www.thermokey.com\/pl\/wp-json\/wp\/v2\/pages\/3207\/revisions\/66816"}],"up":[{"embeddable":true,"href":"https:\/\/www.thermokey.com\/pl\/wp-json\/wp\/v2\/pages\/4853"}],"wp:attachment":[{"href":"https:\/\/www.thermokey.com\/pl\/wp-json\/wp\/v2\/media?parent=3207"}],"curies":[{"name":"wp","href":"https:\/\/api.w.org\/{rel}","templated":true}]}}