{"id":3204,"date":"2017-12-11T12:20:34","date_gmt":"2017-12-11T11:20:34","guid":{"rendered":"http:\/\/dev.thermokey.it\/certifications\/"},"modified":"2025-03-20T13:01:21","modified_gmt":"2025-03-20T12:01:21","slug":"certyfikaty","status":"publish","type":"page","link":"https:\/\/www.thermokey.com\/pl\/pobierz\/certyfikaty\/","title":{"rendered":"Certyfikaty"},"content":{"rendered":"<section class=\"wpb-content-wrapper\"><!DOCTYPE html PUBLIC \"-\/\/W3C\/\/DTD HTML 4.0 Transitional\/\/EN\" \"http:\/\/www.w3.org\/TR\/REC-html40\/loose.dtd\">\n<html><body><p>[vc_row][vc_column width=&rdquo;1\/2&Prime;][vc_column_text el_class=&rdquo;tk-links-list&rdquo;]<\/p>\n<ul>\n<li><a href=\"https:\/\/www.thermokey.com\/wp-content\/uploads\/2023\/04\/ThermoKey-ISO-9001.-09-10-2023-1.pdf\" target=\"_blank\" rel=\"noopener noreferrer\"><strong>UNI EN ISO 9001: 2015 System zarz&#261;dzania jako&#347;ci&#261;<\/strong><\/a><\/li>\n<li><a href=\"https:\/\/www.thermokey.com\/wp-content\/uploads\/2026\/01\/ISO-14001-13-01-2026.pdf\" target=\"_blank\" rel=\"noopener noreferrer\"><strong>UNI EN ISO 14001: 2014 system zarz&#261;dzania &#347;rodowiskiem<\/strong><\/a><\/li>\n<li><a href=\"\/dev\/wp-content\/uploads\/2018\/01\/T%C3%9CV_Certificate_on_Turbo-Line_Condenser.pdf\" target=\"_blank\" rel=\"noopener noreferrer\"><strong>Certyfikat t&uuml;v dotycz&#261;cy skraplacza turbo-line<\/strong><\/a><\/li>\n<li><a href=\"\/dev\/wp-content\/uploads\/2018\/01\/T%C3%9CV_Certificate_against_Legionella_for_ThermoKey_Air_Fresh_System.pdf\" target=\"_blank\" rel=\"noopener noreferrer\"><strong>Certyfikat t&uuml;v przeciwko legionelli dla systemu &#347;wie&#380;ego powietrza thermokey<\/strong><\/a><\/li>\n<li><a href=\"https:\/\/www.thermokey.com\/wp-content\/uploads\/2023\/05\/Certificato-UL_ThermoKey-2023.pdf\">Certyfikat UL dla mikrokana&#322;owych wymiennik&oacute;w ciep&#322;a<\/a><\/li>\n<\/ul>\n<p>[\/vc_column_text][\/vc_column][vc_column width=&rdquo;1\/2&Prime;][vc_column_text el_class=&rdquo;tk-links-list&rdquo;]<\/p>\n<ul>\n<li><a href=\"https:\/\/www.thermokey.com\/wp-content\/uploads\/2023\/10\/PED-0948-PA2-14189-19-Rev.4.pdf\">Cat2 PED Certyfikat<\/a><\/li>\n<li><a href=\"https:\/\/www.thermokey.com\/wp-content\/uploads\/2026\/02\/ISO-45001-31-01-2026.pdf\" target=\"_blank\" rel=\"noopener noreferrer\"><strong>UNI ISO 45001:2018 system zarz&#261;dzania bezpiecze&#324;stwem i higien&#261; pracy<\/strong><\/a><\/li>\n<li><a href=\"\/dev\/wp-content\/uploads\/2018\/08\/Politca-QAS-UFFICIALE-ENG-rev.12.pdf\" target=\"_blank\" rel=\"noopener noreferrer\"><strong>Environment, health and safety policy<\/strong><\/a><\/li>\n<li><a href=\"\/dev\/wp-content\/uploads\/2023\/04\/23.130_ThermoKey-SpA_Hygiene-certifcate_EPS.pdf\" target=\"_blank\" rel=\"noopener noreferrer\"><strong>CERTYFIKAT HIGIENY EVAPORATIVE PANEL SYSTEM<\/strong><\/a><\/li>\n<\/ul>\n<p>[\/vc_column_text][\/vc_column][\/vc_row]<\/p>\n<\/body><\/html>\n<\/section>","protected":false},"excerpt":{"rendered":"<p>[vc_row][vc_column width=&rdquo;1\/2&Prime;][vc_column_text el_class=&rdquo;tk-links-list&rdquo;] UNI EN ISO 9001: 2015 System zarz&#261;dzania jako&#347;ci&#261; UNI EN ISO 14001: 2014 system zarz&#261;dzania &#347;rodowiskiem Certyfikat t&uuml;v dotycz&#261;cy skraplacza turbo-line Certyfikat t&uuml;v przeciwko legionelli dla systemu &#347;wie&#380;ego powietrza thermokey Certyfikat UL dla mikrokana&#322;owych wymiennik&oacute;w ciep&#322;a [\/vc_column_text][\/vc_column][vc_column width=&rdquo;1\/2&Prime;][vc_column_text el_class=&rdquo;tk-links-list&rdquo;] Cat2 PED Certyfikat UNI ISO 45001:2018 system zarz&#261;dzania bezpiecze&#324;stwem i higien&#261; pracy Environment, [&hellip;]<\/p>\n","protected":false},"author":1,"featured_media":0,"parent":4853,"menu_order":3,"comment_status":"closed","ping_status":"closed","template":"","meta":{"_acf_changed":false,"inline_featured_image":false,"footnotes":""},"class_list":["post-3204","page","type-page","status-publish","hentry"],"acf":[],"yoast_head":"<!-- This site is optimized with the Yoast SEO plugin v27.1.1 - https:\/\/yoast.com\/product\/yoast-seo-wordpress\/ -->\n<title>Certyfikaty - Thermokey<\/title>\n<meta name=\"description\" content=\"UNI EN ISO 9001: 2015 System zarz\u0105dzania jako\u015bci\u0105 UNI EN ISO 14001: 2014 system zarz\u0105dzania \u015brodowiskiem Certyfikat t\u00fcv dotycz\u0105cy skraplacza turbo-line\" \/>\n<meta name=\"robots\" content=\"index, follow, max-snippet:-1, max-image-preview:large, max-video-preview:-1\" \/>\n<link rel=\"canonical\" href=\"https:\/\/www.thermokey.com\/pl\/pobierz\/certyfikaty\/\" \/>\n<meta property=\"og:locale\" content=\"pl_PL\" \/>\n<meta property=\"og:type\" content=\"article\" \/>\n<meta property=\"og:title\" content=\"Certyfikaty - Thermokey\" \/>\n<meta property=\"og:description\" content=\"UNI EN ISO 9001: 2015 System zarz\u0105dzania jako\u015bci\u0105 UNI EN ISO 14001: 2014 system zarz\u0105dzania \u015brodowiskiem Certyfikat t\u00fcv dotycz\u0105cy skraplacza turbo-line\" \/>\n<meta property=\"og:url\" content=\"https:\/\/www.thermokey.com\/pl\/pobierz\/certyfikaty\/\" \/>\n<meta property=\"og:site_name\" content=\"Thermokey\" \/>\n<meta property=\"article:modified_time\" content=\"2025-03-20T12:01:21+00:00\" \/>\n<meta name=\"twitter:card\" content=\"summary_large_image\" \/>\n<meta name=\"twitter:label1\" content=\"Szacowany czas czytania\" \/>\n\t<meta name=\"twitter:data1\" content=\"1 minuta\" \/>\n<script type=\"application\/ld+json\" class=\"yoast-schema-graph\">{\"@context\":\"https:\/\/schema.org\",\"@graph\":[{\"@type\":\"WebPage\",\"@id\":\"https:\/\/www.thermokey.com\/pl\/pobierz\/certyfikaty\/\",\"url\":\"https:\/\/www.thermokey.com\/pl\/pobierz\/certyfikaty\/\",\"name\":\"Certyfikaty - Thermokey\",\"isPartOf\":{\"@id\":\"https:\/\/www.thermokey.com\/pl\/#website\"},\"datePublished\":\"2017-12-11T11:20:34+00:00\",\"dateModified\":\"2025-03-20T12:01:21+00:00\",\"description\":\"UNI EN ISO 9001: 2015 System zarz\u0105dzania jako\u015bci\u0105 UNI EN ISO 14001: 2014 system zarz\u0105dzania \u015brodowiskiem Certyfikat t\u00fcv dotycz\u0105cy skraplacza turbo-line\",\"breadcrumb\":{\"@id\":\"https:\/\/www.thermokey.com\/pl\/pobierz\/certyfikaty\/#breadcrumb\"},\"inLanguage\":\"pl-PL\",\"potentialAction\":[{\"@type\":\"ReadAction\",\"target\":[\"https:\/\/www.thermokey.com\/pl\/pobierz\/certyfikaty\/\"]}]},{\"@type\":\"BreadcrumbList\",\"@id\":\"https:\/\/www.thermokey.com\/pl\/pobierz\/certyfikaty\/#breadcrumb\",\"itemListElement\":[{\"@type\":\"ListItem\",\"position\":1,\"name\":\"Home\",\"item\":\"https:\/\/www.thermokey.com\/pl\/\"},{\"@type\":\"ListItem\",\"position\":2,\"name\":\"Pobierz\",\"item\":\"https:\/\/www.thermokey.com\/pl\/pobierz\/\"},{\"@type\":\"ListItem\",\"position\":3,\"name\":\"Certyfikaty\"}]},{\"@type\":\"WebSite\",\"@id\":\"https:\/\/www.thermokey.com\/pl\/#website\",\"url\":\"https:\/\/www.thermokey.com\/pl\/\",\"name\":\"Thermokey\",\"description\":\"Heat Exchange Solutions\",\"potentialAction\":[{\"@type\":\"SearchAction\",\"target\":{\"@type\":\"EntryPoint\",\"urlTemplate\":\"https:\/\/www.thermokey.com\/pl\/?s={search_term_string}\"},\"query-input\":{\"@type\":\"PropertyValueSpecification\",\"valueRequired\":true,\"valueName\":\"search_term_string\"}}],\"inLanguage\":\"pl-PL\"}]}<\/script>\n<!-- \/ Yoast SEO plugin. -->","yoast_head_json":{"title":"Certyfikaty - Thermokey","description":"UNI EN ISO 9001: 2015 System zarz\u0105dzania jako\u015bci\u0105 UNI EN ISO 14001: 2014 system zarz\u0105dzania \u015brodowiskiem Certyfikat t\u00fcv dotycz\u0105cy skraplacza turbo-line","robots":{"index":"index","follow":"follow","max-snippet":"max-snippet:-1","max-image-preview":"max-image-preview:large","max-video-preview":"max-video-preview:-1"},"canonical":"https:\/\/www.thermokey.com\/pl\/pobierz\/certyfikaty\/","og_locale":"pl_PL","og_type":"article","og_title":"Certyfikaty - Thermokey","og_description":"UNI EN ISO 9001: 2015 System zarz\u0105dzania jako\u015bci\u0105 UNI EN ISO 14001: 2014 system zarz\u0105dzania \u015brodowiskiem Certyfikat t\u00fcv dotycz\u0105cy skraplacza turbo-line","og_url":"https:\/\/www.thermokey.com\/pl\/pobierz\/certyfikaty\/","og_site_name":"Thermokey","article_modified_time":"2025-03-20T12:01:21+00:00","twitter_card":"summary_large_image","twitter_misc":{"Szacowany czas czytania":"1 minuta"},"schema":{"@context":"https:\/\/schema.org","@graph":[{"@type":"WebPage","@id":"https:\/\/www.thermokey.com\/pl\/pobierz\/certyfikaty\/","url":"https:\/\/www.thermokey.com\/pl\/pobierz\/certyfikaty\/","name":"Certyfikaty - Thermokey","isPartOf":{"@id":"https:\/\/www.thermokey.com\/pl\/#website"},"datePublished":"2017-12-11T11:20:34+00:00","dateModified":"2025-03-20T12:01:21+00:00","description":"UNI EN ISO 9001: 2015 System zarz\u0105dzania jako\u015bci\u0105 UNI EN ISO 14001: 2014 system zarz\u0105dzania \u015brodowiskiem Certyfikat t\u00fcv dotycz\u0105cy skraplacza turbo-line","breadcrumb":{"@id":"https:\/\/www.thermokey.com\/pl\/pobierz\/certyfikaty\/#breadcrumb"},"inLanguage":"pl-PL","potentialAction":[{"@type":"ReadAction","target":["https:\/\/www.thermokey.com\/pl\/pobierz\/certyfikaty\/"]}]},{"@type":"BreadcrumbList","@id":"https:\/\/www.thermokey.com\/pl\/pobierz\/certyfikaty\/#breadcrumb","itemListElement":[{"@type":"ListItem","position":1,"name":"Home","item":"https:\/\/www.thermokey.com\/pl\/"},{"@type":"ListItem","position":2,"name":"Pobierz","item":"https:\/\/www.thermokey.com\/pl\/pobierz\/"},{"@type":"ListItem","position":3,"name":"Certyfikaty"}]},{"@type":"WebSite","@id":"https:\/\/www.thermokey.com\/pl\/#website","url":"https:\/\/www.thermokey.com\/pl\/","name":"Thermokey","description":"Heat Exchange Solutions","potentialAction":[{"@type":"SearchAction","target":{"@type":"EntryPoint","urlTemplate":"https:\/\/www.thermokey.com\/pl\/?s={search_term_string}"},"query-input":{"@type":"PropertyValueSpecification","valueRequired":true,"valueName":"search_term_string"}}],"inLanguage":"pl-PL"}]}},"_links":{"self":[{"href":"https:\/\/www.thermokey.com\/pl\/wp-json\/wp\/v2\/pages\/3204","targetHints":{"allow":["GET"]}}],"collection":[{"href":"https:\/\/www.thermokey.com\/pl\/wp-json\/wp\/v2\/pages"}],"about":[{"href":"https:\/\/www.thermokey.com\/pl\/wp-json\/wp\/v2\/types\/page"}],"author":[{"embeddable":true,"href":"https:\/\/www.thermokey.com\/pl\/wp-json\/wp\/v2\/users\/1"}],"replies":[{"embeddable":true,"href":"https:\/\/www.thermokey.com\/pl\/wp-json\/wp\/v2\/comments?post=3204"}],"version-history":[{"count":32,"href":"https:\/\/www.thermokey.com\/pl\/wp-json\/wp\/v2\/pages\/3204\/revisions"}],"predecessor-version":[{"id":54281,"href":"https:\/\/www.thermokey.com\/pl\/wp-json\/wp\/v2\/pages\/3204\/revisions\/54281"}],"up":[{"embeddable":true,"href":"https:\/\/www.thermokey.com\/pl\/wp-json\/wp\/v2\/pages\/4853"}],"wp:attachment":[{"href":"https:\/\/www.thermokey.com\/pl\/wp-json\/wp\/v2\/media?parent=3204"}],"curies":[{"name":"wp","href":"https:\/\/api.w.org\/{rel}","templated":true}]}}