{"id":3178,"date":"2017-11-08T16:57:38","date_gmt":"2017-11-08T15:57:38","guid":{"rendered":"http:\/\/dev.thermokey.it\/thermokey-heat-exchange-solutions-from-1991\/"},"modified":"2025-03-20T14:41:12","modified_gmt":"2025-03-20T13:41:12","slug":"thermokey-rozwiazania-wymiany-cieplnej-od-1991-r","status":"publish","type":"page","link":"https:\/\/www.thermokey.com\/pl\/thermokey-rozwiazania-wymiany-cieplnej-od-1991-r\/","title":{"rendered":"Thermokey &#8211; Rozwi\u0105zania Wymiany Cieplnej Od 1991 R."},"content":{"rendered":"<section class=\"wpb-content-wrapper\"><!DOCTYPE html PUBLIC \"-\/\/W3C\/\/DTD HTML 4.0 Transitional\/\/EN\" \"http:\/\/www.w3.org\/TR\/REC-html40\/loose.dtd\">\n<html><body><p>[vc_row][vc_column][vc_video link=&rdquo;https:\/\/www.youtube.com\/watch?v=DQSHA6ljstQ&amp;t=19s&rdquo;][\/vc_column][\/vc_row][vc_row css=&rdquo;.vc_custom_1513780068584{padding-top: 30px !important;}&rdquo;][vc_column width=&rdquo;1\/3&Prime; css=&rdquo;.vc_custom_1516182729661{padding-bottom: 25px !important;}&rdquo;][vc_column_text el_class=&rdquo;tk-quote-lines&rdquo;]<span style=\"font-size: 1.5em; color: #00497c;\"><em>&nbsp;Z&#322;o&#380;ono&#347;&#263; rynku jest rozwi&#261;zywana za pomoc&#261; inteligencji, z mo&#380;liwo&#347;ci&#261; zidentyfikowania najbardziej wydajnego rozwi&#261;zania w czasie, kt&oacute;ry jest do Twojej dyspozycji. Nasz&#261; mocn&#261; stron&#261; jest praca z inteligentnymi lud&#378;mi; nasz&#261; warto&#347;ci&#261; jest umieszczenie ka&#380;dej osoby w warunkach, w kt&oacute;rych mo&#380;e wyrazi&#263; w najlepszy spos&oacute;b w&#322;asny talent.<\/em><\/span><\/p>\n<p>[\/vc_column_text][vc_column_text css=&rdquo;.vc_custom_1513699878051{padding-left: 45px !important;}&rdquo;]Giorgio Visentini<br>\n&mdash; CEO, ThermoKey Spa[\/vc_column_text][\/vc_column][vc_column width=&rdquo;2\/3&Prime;][vc_custom_heading text=&rdquo;PONAD 30 LAT SUKCESU&rdquo; font_container=&rdquo;tag:div|font_size:2em|text_align:left|color:%2300497c|line_height:100%25&Prime; use_theme_fonts=&rdquo;yes&rdquo; el_class=&rdquo;tk-titles-blue-underline&rdquo;][vc_column_text]Za&#322;o&#380;ona w 1991 roku firma ThermoKey od ponad 30 lat produkuje wymienniki ciep&#322;a r&oacute;&#380;nego typu i jest obecnie znana na ca&#322;ym &#347;wiecie jako idealny partner dla producent&oacute;w urz&#261;dze&#324; ch&#322;odniczych w zakresie proces&oacute;w klimatyzacji, ch&#322;odnictwa i ch&#322;odzenia.Wymienniki ThermoKey obejmuj&#261; r&oacute;&#380;ne typy rdzeni, ch&#322;odziarek jednostkowych, ch&#322;odnic cieczy i zdalnych skraplaczy, zar&oacute;wno w technologii okr&#261;g&#322;ej rurki jak i mikrokanalik&oacute;w aluminiowych.Firma dostarcza OEM i instalator&oacute;w z najwa&#380;niejszej dzielnicy tego sektora, w&#322;oskiego regionu p&oacute;&#322;nocno-wschodniego, gdzie opracowa&#322;a charakterystyczny.<\/p>\n<p>know-how: zdolno&#347;&#263; do szybkiego zidentyfikowania i dostarczenia najlepszego rozwi&#261;zania spe&#322;niaj&#261;cego potrzeby klienta.<\/p>\n<p>Wszystkie produkty s&#261; ca&#322;kowicie zaprojektowane, opracowane i wyprodukowane w firmie przy wsp&oacute;&#322;pracy mi&#281;dzynarodowych instytucji certyfikuj&#261;cych.<\/p>\n<p>Opr&oacute;cz szerokiej gamy wymiennik&oacute;w obecnych w naszym katalogu, istniej&#261; specjalne wymienniki, zaprojektowane zgodnie ze specyficznymi potrzebami klienta.[\/vc_column_text][\/vc_column][\/vc_row][vc_row][vc_column][vc_custom_heading text=&rdquo;A STRATEGIC LOCATION&rdquo; font_container=&rdquo;tag:div|font_size:2em|text_align:left|color:%2300497c|line_height:100%25&Prime; use_theme_fonts=&rdquo;yes&rdquo; css=&rdquo;.vc_custom_1513702311539{padding-top: 30px !important;padding-bottom: 10px !important;}&rdquo;][vc_single_image image=&rdquo;1841&Prime; img_size=&rdquo;full&rdquo; alignment=&rdquo;center&rdquo; css=&rdquo;.vc_custom_1513702242448{border-top-width: 1px !important;border-right-width: 1px !important;border-right-color: #e3e4e4 !important;border-right-style: solid !important;border-top-color: #e3e4e4 !important;border-top-style: solid !important;}&rdquo;][\/vc_column][\/vc_row][vc_row css=&rdquo;.vc_custom_1533560804326{padding-top: 30px !important;}&rdquo; el_id=&rdquo;Zr&oacute;wnowa&#380;ony-rozw&oacute;j-i-know-how&rdquo;][vc_column width=&rdquo;3\/12&Prime;][vc_custom_heading text=&rdquo;KNOW HOW&rdquo; font_container=&rdquo;tag:div|font_size:2em|text_align:left|color:%2300497c|line_height:100%25&Prime; use_theme_fonts=&rdquo;yes&rdquo; el_class=&rdquo;tk-titles-blue-underline&rdquo;][vc_column_text]Dzi&#281;ki niezwykle elastycznej produkcji i procesowi informatycznemu, a tak&#380;e zespo&#322;owi in&#380;ynier&oacute;w i sprzedawc&oacute;w, kt&oacute;rzy koncentruj&#261; si&#281; na konkretnych potrzebach naszych klient&oacute;w, ThermoKey oferuje produkty, kt&oacute;re s&#261; projektowane i dostarczane w mo&#380;liwie najkr&oacute;tszym czasie.<\/p>\n<p>Firma jest w stanie dostarczy&#263; rozwi&#261;zania do klimatyzacji przemys&#322;owej, ch&#322;odnictwa i ch&#322;odzenia przemys&#322;owego.[\/vc_column_text][\/vc_column][vc_column width=&rdquo;1\/12&Prime;][\/vc_column][vc_column width=&rdquo;8\/12&Prime;][vc_custom_heading text=&rdquo;DLACZEGO THERMOKEY&rdquo; font_container=&rdquo;tag:div|font_size:2em|text_align:left|color:%2300497c|line_height:100%25&Prime; use_theme_fonts=&rdquo;yes&rdquo; el_class=&rdquo;tk-titles-blue-underline&rdquo;][vc_column_text el_class=&rdquo;why-thermokey-list&rdquo;]ThermoKey to lider technologii, kt&oacute;ry sprosta wyzwaniom naszych czas&oacute;w:<\/p>\n<ul>\n<li><strong>&#346;redni Wzrost Globalnych Temperatur Na Planecie Z Powodu Ch&#322;odnictwa O Wysokim Gwp (Potencjale Tworzenia Efektu Cieplarnianego):<\/strong>\n<ul>\n<li>Thermokey jest pierwszym europejskim producentem wymiennik&oacute;w ciep&#322;a i jednostek wentylatorowych wykorzystuj&#261;cych aluminiowe, mikrokana&#322;owe wymienniki ciep&#322;a. Technologia mikrokana&#322;&oacute;w umo&#380;liwia redukcj&#281; p&#322;ynu ch&#322;odniczego do 65% i jest kompatybilna z czynnikami ch&#322;odniczymi niezawieraj&#261;cymi gwp, takimi jak amoniak i propan.<\/li>\n<\/ul>\n<\/li>\n<\/ul>\n<ul>\n<li><strong>Deficyt wody:<\/strong>\n<ul>\n<li>Thermokey oferuje rozwi&#261;zania ch&#322;odzenia procesowego w obiegu zamkni&#281;tym jako alternatyw&#281; dla rozleg&#322;ych wie&#380; ch&#322;odniczych wyparnych.<\/li>\n<\/ul>\n<\/li>\n<\/ul>\n<ul>\n<li><strong>Wzrost populacji:<\/strong>\n<ul>\n<li>Thermokey z dum&#261; przyczynia si&#281; &ndash; dzi&#281;ki swoim produktom ch&#322;odniczym &ndash; do w&#322;a&#347;ciwej produkcji i przechowywania wysokiej jako&#347;ci &#380;ywno&#347;ci i artyku&#322;&oacute;w farmaceutycznych.<\/li>\n<\/ul>\n<\/li>\n<\/ul>\n<ul>\n<li><strong>Poprawa jako&#347;ci &#380;ycia:<\/strong>\n<ul>\n<li>ThermoKey &ndash; dzi&#281;ki swoim produktom HVAC &ndash; przyczynia si&#281; do realizacji klimatyzowanego &#347;rodowiska.<\/li>\n<\/ul>\n<\/li>\n<\/ul>\n<ul>\n<li><strong>o Rosn&#261;ce zu&#380;ycie energii w centrach danych:<\/strong>\n<ul>\n<li>ThermoKey oferuje rozwi&#261;zania do swobodnego odprowadzania ciep&#322;a z ch&#322;odzenia, aby osi&#261;gn&#261;&#263; znaczn&#261; redukcj&#281; koszt&oacute;w energii ch&#322;odz&#261;cej.<\/li>\n<\/ul>\n<\/li>\n<\/ul>\n<p>[\/vc_column_text][\/vc_column][\/vc_row][vc_row][vc_column css=&rdquo;.vc_custom_1515754268725{padding-top: 60px !important;}&rdquo;][vc_custom_heading text=&rdquo;CERTYFIKATY JAKO&#346;CI&rdquo; font_container=&rdquo;tag:div|font_size:2em|text_align:left|color:%2300497c|line_height:100%25&Prime; use_theme_fonts=&rdquo;yes&rdquo; el_class=&rdquo;tk-titles-blue-underline&rdquo;][vc_column_text]<\/p>\n<ul>\n<li>Od 2002 r.&nbsp;<a href=\"https:\/\/www.thermokey.com\/wp-content\/uploads\/2021\/04\/ISO-9001_7-04-21.pdf\" target=\"_blank\" rel=\"noopener noreferrer\"><strong>System zarz&#261;dzania jako&#347;ci&#261; UNI EN ISO 9001: 2015<\/strong><\/a><\/li>\n<li>Od 2005 r. <a href=\"https:\/\/www.thermokey.com\/wp-content\/uploads\/2026\/01\/ISO-14001-13-01-2026.pdf\" target=\"_blank\" rel=\"noopener noreferrer\"><strong>UNI EN ISO 14001: 2015 System zarzadzania srodowiskiem<\/strong><\/a><\/li>\n<li>Od 2009 r. <a href=\"\/dev\/wp-content\/uploads\/2018\/01\/T%C3%9CV_Certificate_against_Legionella_for_ThermoKey_Air_Fresh_System.pdf\" target=\"_blank\" rel=\"noopener noreferrer\"><strong>T&Uuml;V Certificate against Legionella for ThermoKey Air Fresh System<\/strong><\/a><\/li>\n<li>od 2015 r. <a href=\"\/dev\/wp-content\/uploads\/2018\/01\/EAC_Declaration_and_Certificate.pdf\" target=\"_blank\" rel=\"noopener noreferrer\"><strong>Deklaracja i certyfikat EAC<\/strong><\/a><\/li>\n<li>od 2016 r. <a href=\"\/dev\/wp-content\/uploads\/2018\/01\/Wet_Fin_System_Hygiene_Certificate.pdf\" target=\"_blank\" rel=\"noopener noreferrer\"><strong>Certyfikat Higieny Wet Fin System<\/strong><\/a><\/li>\n<li>od 2018 r <a href=\"\/dev\/wp-content\/uploads\/2023\/04\/23.130_ThermoKey-SpA_Hygiene-certifcate_EPS.pdf\" target=\"_blank\" rel=\"noopener noreferrer\"><strong>Certyfikat higieny Evaporative Panel System<\/strong><\/a><\/li>\n<li>od 2019 r <a href=\"https:\/\/www.thermokey.com\/wp-content\/uploads\/2022\/05\/TIS-PED-MI-19-03-278340-14189-Rev.-3.pdf\"><b>Ped Cat2<\/b><\/a><\/li>\n<li>od 2021 r <a href=\"https:\/\/www.thermokey.com\/wp-content\/uploads\/2026\/02\/ISO-45001-31-01-2026.pdf\"><strong>UNI ISO 45001:2018 <\/strong><strong>System zarzadzania bezpieczenstwem i higiena pracy<\/strong><\/a><\/li>\n<\/ul>\n<p>[\/vc_column_text][\/vc_column][\/vc_row][vc_row][vc_column][vc_column_text]<\/p>\n<p>[\/vc_column_text][\/vc_column][\/vc_row]<\/p>\n<\/body><\/html>\n<\/section>","protected":false},"excerpt":{"rendered":"<p>[vc_row][vc_column][vc_video link=&rdquo;https:\/\/www.youtube.com\/watch?v=DQSHA6ljstQ&amp;t=19s&rdquo;][\/vc_column][\/vc_row][vc_row css=&rdquo;.vc_custom_1513780068584{padding-top: 30px !important;}&rdquo;][vc_column width=&rdquo;1\/3&Prime; css=&rdquo;.vc_custom_1516182729661{padding-bottom: 25px !important;}&rdquo;][vc_column_text el_class=&rdquo;tk-quote-lines&rdquo;]&nbsp;Z&#322;o&#380;ono&#347;&#263; rynku jest rozwi&#261;zywana za pomoc&#261; inteligencji, z mo&#380;liwo&#347;ci&#261; zidentyfikowania najbardziej wydajnego rozwi&#261;zania w czasie, kt&oacute;ry jest do Twojej dyspozycji. Nasz&#261; mocn&#261; stron&#261; jest praca z inteligentnymi lud&#378;mi; nasz&#261; warto&#347;ci&#261; jest umieszczenie ka&#380;dej osoby w warunkach, w kt&oacute;rych mo&#380;e wyrazi&#263; w najlepszy spos&oacute;b w&#322;asny talent. [\/vc_column_text][vc_column_text [&hellip;]<\/p>\n","protected":false},"author":1,"featured_media":0,"parent":0,"menu_order":0,"comment_status":"closed","ping_status":"closed","template":"","meta":{"_acf_changed":false,"inline_featured_image":false,"footnotes":""},"class_list":["post-3178","page","type-page","status-publish","hentry"],"acf":[],"yoast_head":"<!-- This site is optimized with the Yoast SEO plugin v27.1.1 - https:\/\/yoast.com\/product\/yoast-seo-wordpress\/ -->\n<title>Thermokey - Rozwi\u0105zania Wymiany Cieplnej Od 1991 R. - Thermokey<\/title>\n<meta name=\"description\" content=\"\u00a0Z\u0142o\u017cono\u015b\u0107 rynku jest rozwi\u0105zywana za pomoc\u0105 inteligencji, z mo\u017cliwo\u015bci\u0105 zidentyfikowania najbardziej wydajnego rozwi\u0105zania w czasie, kt\u00f3ry jest do Twojej\" \/>\n<meta name=\"robots\" content=\"index, follow, max-snippet:-1, max-image-preview:large, max-video-preview:-1\" \/>\n<link rel=\"canonical\" href=\"https:\/\/www.thermokey.com\/pl\/thermokey-rozwiazania-wymiany-cieplnej-od-1991-r\/\" \/>\n<meta property=\"og:locale\" content=\"pl_PL\" \/>\n<meta property=\"og:type\" content=\"article\" \/>\n<meta property=\"og:title\" content=\"Thermokey - Rozwi\u0105zania Wymiany Cieplnej Od 1991 R. - Thermokey\" \/>\n<meta property=\"og:description\" content=\"\u00a0Z\u0142o\u017cono\u015b\u0107 rynku jest rozwi\u0105zywana za pomoc\u0105 inteligencji, z mo\u017cliwo\u015bci\u0105 zidentyfikowania najbardziej wydajnego rozwi\u0105zania w czasie, kt\u00f3ry jest do Twojej\" \/>\n<meta property=\"og:url\" content=\"https:\/\/www.thermokey.com\/pl\/thermokey-rozwiazania-wymiany-cieplnej-od-1991-r\/\" \/>\n<meta property=\"og:site_name\" content=\"Thermokey\" \/>\n<meta property=\"article:modified_time\" content=\"2025-03-20T13:41:12+00:00\" \/>\n<meta name=\"twitter:card\" content=\"summary_large_image\" \/>\n<meta name=\"twitter:label1\" content=\"Szacowany czas czytania\" \/>\n\t<meta name=\"twitter:data1\" content=\"3 minuty\" \/>\n<script type=\"application\/ld+json\" class=\"yoast-schema-graph\">{\"@context\":\"https:\/\/schema.org\",\"@graph\":[{\"@type\":\"WebPage\",\"@id\":\"https:\/\/www.thermokey.com\/pl\/thermokey-rozwiazania-wymiany-cieplnej-od-1991-r\/\",\"url\":\"https:\/\/www.thermokey.com\/pl\/thermokey-rozwiazania-wymiany-cieplnej-od-1991-r\/\",\"name\":\"Thermokey - Rozwi\u0105zania Wymiany Cieplnej Od 1991 R. - Thermokey\",\"isPartOf\":{\"@id\":\"https:\/\/www.thermokey.com\/pl\/#website\"},\"datePublished\":\"2017-11-08T15:57:38+00:00\",\"dateModified\":\"2025-03-20T13:41:12+00:00\",\"description\":\"\u00a0Z\u0142o\u017cono\u015b\u0107 rynku jest rozwi\u0105zywana za pomoc\u0105 inteligencji, z mo\u017cliwo\u015bci\u0105 zidentyfikowania najbardziej wydajnego rozwi\u0105zania w czasie, kt\u00f3ry jest do Twojej\",\"breadcrumb\":{\"@id\":\"https:\/\/www.thermokey.com\/pl\/thermokey-rozwiazania-wymiany-cieplnej-od-1991-r\/#breadcrumb\"},\"inLanguage\":\"pl-PL\",\"potentialAction\":[{\"@type\":\"ReadAction\",\"target\":[\"https:\/\/www.thermokey.com\/pl\/thermokey-rozwiazania-wymiany-cieplnej-od-1991-r\/\"]}]},{\"@type\":\"BreadcrumbList\",\"@id\":\"https:\/\/www.thermokey.com\/pl\/thermokey-rozwiazania-wymiany-cieplnej-od-1991-r\/#breadcrumb\",\"itemListElement\":[{\"@type\":\"ListItem\",\"position\":1,\"name\":\"Home\",\"item\":\"https:\/\/www.thermokey.com\/pl\/\"},{\"@type\":\"ListItem\",\"position\":2,\"name\":\"Thermokey &#8211; Rozwi\u0105zania Wymiany Cieplnej Od 1991 R.\"}]},{\"@type\":\"WebSite\",\"@id\":\"https:\/\/www.thermokey.com\/pl\/#website\",\"url\":\"https:\/\/www.thermokey.com\/pl\/\",\"name\":\"Thermokey\",\"description\":\"Heat Exchange Solutions\",\"potentialAction\":[{\"@type\":\"SearchAction\",\"target\":{\"@type\":\"EntryPoint\",\"urlTemplate\":\"https:\/\/www.thermokey.com\/pl\/?s={search_term_string}\"},\"query-input\":{\"@type\":\"PropertyValueSpecification\",\"valueRequired\":true,\"valueName\":\"search_term_string\"}}],\"inLanguage\":\"pl-PL\"}]}<\/script>\n<!-- \/ Yoast SEO plugin. -->","yoast_head_json":{"title":"Thermokey - Rozwi\u0105zania Wymiany Cieplnej Od 1991 R. - Thermokey","description":"\u00a0Z\u0142o\u017cono\u015b\u0107 rynku jest rozwi\u0105zywana za pomoc\u0105 inteligencji, z mo\u017cliwo\u015bci\u0105 zidentyfikowania najbardziej wydajnego rozwi\u0105zania w czasie, kt\u00f3ry jest do Twojej","robots":{"index":"index","follow":"follow","max-snippet":"max-snippet:-1","max-image-preview":"max-image-preview:large","max-video-preview":"max-video-preview:-1"},"canonical":"https:\/\/www.thermokey.com\/pl\/thermokey-rozwiazania-wymiany-cieplnej-od-1991-r\/","og_locale":"pl_PL","og_type":"article","og_title":"Thermokey - Rozwi\u0105zania Wymiany Cieplnej Od 1991 R. - Thermokey","og_description":"\u00a0Z\u0142o\u017cono\u015b\u0107 rynku jest rozwi\u0105zywana za pomoc\u0105 inteligencji, z mo\u017cliwo\u015bci\u0105 zidentyfikowania najbardziej wydajnego rozwi\u0105zania w czasie, kt\u00f3ry jest do Twojej","og_url":"https:\/\/www.thermokey.com\/pl\/thermokey-rozwiazania-wymiany-cieplnej-od-1991-r\/","og_site_name":"Thermokey","article_modified_time":"2025-03-20T13:41:12+00:00","twitter_card":"summary_large_image","twitter_misc":{"Szacowany czas czytania":"3 minuty"},"schema":{"@context":"https:\/\/schema.org","@graph":[{"@type":"WebPage","@id":"https:\/\/www.thermokey.com\/pl\/thermokey-rozwiazania-wymiany-cieplnej-od-1991-r\/","url":"https:\/\/www.thermokey.com\/pl\/thermokey-rozwiazania-wymiany-cieplnej-od-1991-r\/","name":"Thermokey - Rozwi\u0105zania Wymiany Cieplnej Od 1991 R. - Thermokey","isPartOf":{"@id":"https:\/\/www.thermokey.com\/pl\/#website"},"datePublished":"2017-11-08T15:57:38+00:00","dateModified":"2025-03-20T13:41:12+00:00","description":"\u00a0Z\u0142o\u017cono\u015b\u0107 rynku jest rozwi\u0105zywana za pomoc\u0105 inteligencji, z mo\u017cliwo\u015bci\u0105 zidentyfikowania najbardziej wydajnego rozwi\u0105zania w czasie, kt\u00f3ry jest do Twojej","breadcrumb":{"@id":"https:\/\/www.thermokey.com\/pl\/thermokey-rozwiazania-wymiany-cieplnej-od-1991-r\/#breadcrumb"},"inLanguage":"pl-PL","potentialAction":[{"@type":"ReadAction","target":["https:\/\/www.thermokey.com\/pl\/thermokey-rozwiazania-wymiany-cieplnej-od-1991-r\/"]}]},{"@type":"BreadcrumbList","@id":"https:\/\/www.thermokey.com\/pl\/thermokey-rozwiazania-wymiany-cieplnej-od-1991-r\/#breadcrumb","itemListElement":[{"@type":"ListItem","position":1,"name":"Home","item":"https:\/\/www.thermokey.com\/pl\/"},{"@type":"ListItem","position":2,"name":"Thermokey &#8211; Rozwi\u0105zania Wymiany Cieplnej Od 1991 R."}]},{"@type":"WebSite","@id":"https:\/\/www.thermokey.com\/pl\/#website","url":"https:\/\/www.thermokey.com\/pl\/","name":"Thermokey","description":"Heat Exchange Solutions","potentialAction":[{"@type":"SearchAction","target":{"@type":"EntryPoint","urlTemplate":"https:\/\/www.thermokey.com\/pl\/?s={search_term_string}"},"query-input":{"@type":"PropertyValueSpecification","valueRequired":true,"valueName":"search_term_string"}}],"inLanguage":"pl-PL"}]}},"_links":{"self":[{"href":"https:\/\/www.thermokey.com\/pl\/wp-json\/wp\/v2\/pages\/3178","targetHints":{"allow":["GET"]}}],"collection":[{"href":"https:\/\/www.thermokey.com\/pl\/wp-json\/wp\/v2\/pages"}],"about":[{"href":"https:\/\/www.thermokey.com\/pl\/wp-json\/wp\/v2\/types\/page"}],"author":[{"embeddable":true,"href":"https:\/\/www.thermokey.com\/pl\/wp-json\/wp\/v2\/users\/1"}],"replies":[{"embeddable":true,"href":"https:\/\/www.thermokey.com\/pl\/wp-json\/wp\/v2\/comments?post=3178"}],"version-history":[{"count":23,"href":"https:\/\/www.thermokey.com\/pl\/wp-json\/wp\/v2\/pages\/3178\/revisions"}],"predecessor-version":[{"id":54287,"href":"https:\/\/www.thermokey.com\/pl\/wp-json\/wp\/v2\/pages\/3178\/revisions\/54287"}],"wp:attachment":[{"href":"https:\/\/www.thermokey.com\/pl\/wp-json\/wp\/v2\/media?parent=3178"}],"curies":[{"name":"wp","href":"https:\/\/api.w.org\/{rel}","templated":true}]}}