{"id":30626,"date":"2021-12-20T09:40:21","date_gmt":"2021-12-20T08:40:21","guid":{"rendered":"https:\/\/www.thermokey.com\/richiedere-una-quotazione\/"},"modified":"2022-02-01T11:19:23","modified_gmt":"2022-02-01T10:19:23","slug":"richiedere-una-quotazione","status":"publish","type":"page","link":"https:\/\/www.thermokey.com\/pl\/richiedere-una-quotazione\/","title":{"rendered":"Richiedere una quotazione"},"content":{"rendered":"<section class=\"wpb-content-wrapper\"><!DOCTYPE html PUBLIC \"-\/\/W3C\/\/DTD HTML 4.0 Transitional\/\/EN\" \"http:\/\/www.w3.org\/TR\/REC-html40\/loose.dtd\">\n<html><body><p>[vc_row][vc_column][vc_single_image image=&rdquo;29484&Prime; img_size=&rdquo;full&rdquo;][\/vc_column][\/vc_row][vc_row css=&rdquo;.vc_custom_1639986535419{border-top-width: 30px !important;padding-bottom: 25px !important;}&rdquo;][vc_column css=&rdquo;.vc_custom_1639988963592{margin-top: 35px !important;margin-bottom: 35px !important;}&rdquo;][vc_custom_heading text=&rdquo;Zapytanie ofertowe&rdquo; font_container=&rdquo;tag:h1|text_align:left|color:%23004987&Prime; css=&rdquo;.vc_custom_1643710607102{margin-bottom: 20px !important;}&rdquo;][vc_column_text]Nasz dzia&#322; sprzeda&#380;y oraz dzia&#322; techniczny s&#261; do Pa&#324;stwa dyspozycji, w zakresie doboru produktu ThermoKey, kt&oacute;ry najlepiej odpowiada Pa&#324;stwa potrzebom. Prosimy o wybranie produktu i wype&#322;nienie dedykowanego formularza.<\/p>\n<p>Prosimy o podanie informacji niezb&#281;dnych dla zrozumienia Pa&#324;stwa potrzeb, a jeden z naszych pracownik&oacute;w skontaktuje si&#281; z Pa&#324;stwem jak najszybciej, aby om&oacute;wi&#263; najlepsze rozwi&#261;zania.[\/vc_column_text][\/vc_column][\/vc_row][vc_row css=&rdquo;.vc_custom_1639989266755{margin-bottom: 25px !important;}&rdquo;][vc_column][vc_separator css=&rdquo;.vc_custom_1639989611906{border-top-width: 1px !important;border-top-color: #bababa !important;border-top-style: solid !important;border-radius: 1px !important;}&rdquo;][\/vc_column][\/vc_row][vc_row][vc_column width=&rdquo;1\/2&Prime;][vc_single_image image=&rdquo;29477&Prime; img_size=&rdquo;medium&rdquo;][\/vc_column][vc_column width=&rdquo;1\/2&Prime;][vc_custom_heading text=&rdquo;MIKROKANA&#321;OWE WYMIENNIKI CIEP&#321;A&rdquo; font_container=&rdquo;tag:h3|text_align:left&rdquo; css=&rdquo;.vc_custom_1643710650995{margin-bottom: 40px !important;}&rdquo;][vc_btn title=&rdquo;Richiedi quotazione&rdquo; style=&rdquo;custom&rdquo; custom_background=&rdquo;#dd1313&Prime; custom_text=&rdquo;#ffffff&rdquo; link=&rdquo;url:https%3A%2F%2Fwww.thermokey.com%2Fit%2Frichiedere-una-quotazione-batterie-microcanale%2F&rdquo; css=&rdquo;.vc_custom_1642508347015{margin-bottom: 30px !important;}&rdquo;][vc_column_text]<em><u><a href=\"https:\/\/www.thermokey.com\/pl\/produkty\/wezownice\/mikrokanalikowe-chlodnice-na-plyn\/\">Wi&#281;cej n\/t wymiennik&oacute;w mikrokana&#322;owych&gt;<\/a><\/u><\/em>[\/vc_column_text][\/vc_column][\/vc_row][vc_row css=&rdquo;.vc_custom_1639990273542{margin-top: 25px !important;margin-bottom: 25px !important;}&rdquo;][vc_column][vc_separator css=&rdquo;.vc_custom_1639989611906{border-top-width: 1px !important;border-top-color: #bababa !important;border-top-style: solid !important;border-radius: 1px !important;}&rdquo;][\/vc_column][\/vc_row][vc_row][vc_column width=&rdquo;1\/2&Prime;][vc_single_image image=&rdquo;29492&Prime; img_size=&rdquo;medium&rdquo;][\/vc_column][vc_column width=&rdquo;1\/2&Prime;][vc_custom_heading text=&rdquo;WYMIENNIKI CIEP&#321;A Z RURK&#260; OKR&#260;G&#321;&#260;&rdquo; font_container=&rdquo;tag:h3|text_align:left&rdquo; css=&rdquo;.vc_custom_1643710675524{margin-bottom: 40px !important;}&rdquo;][vc_btn title=&rdquo;Richiedi quotazione&rdquo; style=&rdquo;custom&rdquo; custom_background=&rdquo;#dd1313&Prime; custom_text=&rdquo;#ffffff&rdquo; link=&rdquo;url:https%3A%2F%2Fwww.thermokey.com%2Fit%2Frichiedere-una-quotazione-batterie-tubo-tondo%2F&rdquo; css=&rdquo;.vc_custom_1642509152369{margin-bottom: 30px !important;}&rdquo;][vc_column_text]<a href=\"https:\/\/www.thermokey.com\/pl\/produkty\/wezownice\/wezownice-z-okraglymi-rurkami\/\"><em><u>Wi&#281;cej n\/t wymiennik&oacute;w ciep&#322;a z rurk&#261; okr&#261;g&#322;&#261;<\/u><\/em><\/a>&gt;[\/vc_column_text][\/vc_column][\/vc_row][vc_row css=&rdquo;.vc_custom_1639990273542{margin-top: 25px !important;margin-bottom: 25px !important;}&rdquo;][vc_column][vc_separator css=&rdquo;.vc_custom_1639989611906{border-top-width: 1px !important;border-top-color: #bababa !important;border-top-style: solid !important;border-radius: 1px !important;}&rdquo;][\/vc_column][\/vc_row][vc_row][vc_column width=&rdquo;1\/2&Prime;][vc_single_image image=&rdquo;29511&Prime; img_size=&rdquo;medium&rdquo;][\/vc_column][vc_column width=&rdquo;1\/2&Prime;][vc_custom_heading text=&rdquo;SUCHE CH&#321;ODNICE CIECZY (tzw. DRY-COOLER&rsquo;y)&rdquo; font_container=&rdquo;tag:h3|text_align:left&rdquo; css=&rdquo;.vc_custom_1643710704398{margin-bottom: 40px !important;}&rdquo;][vc_btn title=&rdquo;Richiedi quotazione&rdquo; style=&rdquo;custom&rdquo; custom_background=&rdquo;#dd1313&Prime; custom_text=&rdquo;#ffffff&rdquo; link=&rdquo;url:https%3A%2F%2Fwww.thermokey.com%2Fit%2Frichiedere-una-quotazione-dry-coolers%2F&rdquo; css=&rdquo;.vc_custom_1642509139248{margin-bottom: 30px !important;}&rdquo;][vc_column_text]<a href=\"https:\/\/www.thermokey.com\/pl\/category\/produkty\/chlodnice-suche\/\"><em><u>Wi&#281;cej n\/t suchych ch&#322;odnic cieczy<\/u><\/em><\/a>&gt;[\/vc_column_text][\/vc_column][\/vc_row][vc_row css=&rdquo;.vc_custom_1639990273542{margin-top: 25px !important;margin-bottom: 25px !important;}&rdquo;][vc_column][vc_separator css=&rdquo;.vc_custom_1639989611906{border-top-width: 1px !important;border-top-color: #bababa !important;border-top-style: solid !important;border-radius: 1px !important;}&rdquo;][\/vc_column][\/vc_row][vc_row][vc_column width=&rdquo;1\/2&Prime;][vc_single_image image=&rdquo;29535&Prime; img_size=&rdquo;medium&rdquo;][\/vc_column][vc_column width=&rdquo;1\/2&Prime;][vc_custom_heading text=&rdquo;CH&#321;ODNICE POWIETRZA&rdquo; font_container=&rdquo;tag:h3|text_align:left&rdquo; css=&rdquo;.vc_custom_1643710726141{margin-bottom: 40px !important;}&rdquo;][vc_btn title=&rdquo;Richiedi quotazione&rdquo; style=&rdquo;custom&rdquo; custom_background=&rdquo;#dd1313&Prime; custom_text=&rdquo;#ffffff&rdquo; link=&rdquo;url:https%3A%2F%2Fwww.thermokey.com%2Fit%2Frichiedere-una-quotazione-aeroevaporatori%2F&rdquo; css=&rdquo;.vc_custom_1642509204125{margin-bottom: 30px !important;}&rdquo;][vc_column_text]<a href=\"https:\/\/www.thermokey.com\/pl\/category\/produkty\/jednostki-chlodnicze\/\"><em><u>Wi&#281;cej n\/t ch&#322;odnic powietrza<\/u><\/em><\/a>&gt;[\/vc_column_text][\/vc_column][\/vc_row][vc_row css=&rdquo;.vc_custom_1639990273542{margin-top: 25px !important;margin-bottom: 25px !important;}&rdquo;][vc_column][vc_separator css=&rdquo;.vc_custom_1639989611906{border-top-width: 1px !important;border-top-color: #bababa !important;border-top-style: solid !important;border-radius: 1px !important;}&rdquo;][\/vc_column][\/vc_row][vc_row][vc_column width=&rdquo;1\/2&Prime;][vc_single_image image=&rdquo;29545&Prime; img_size=&rdquo;medium&rdquo;][\/vc_column][vc_column width=&rdquo;1\/2&Prime;][vc_custom_heading text=&rdquo;SKRAPLACZE WENTYLATOROWE&rdquo; font_container=&rdquo;tag:h3|text_align:left&rdquo; css=&rdquo;.vc_custom_1643710748805{margin-bottom: 40px !important;}&rdquo;][vc_btn title=&rdquo;Richiedi quotazione&rdquo; style=&rdquo;custom&rdquo; custom_background=&rdquo;#dd1313&Prime; custom_text=&rdquo;#ffffff&rdquo; size=&rdquo;lg&rdquo; link=&rdquo;url:https%3A%2F%2Fwww.thermokey.com%2Fit%2Frichiedere-una-quotazione-condensatori-remoti%2F&rdquo; css=&rdquo;.vc_custom_1639995712220{margin-bottom: 30px !important;}&rdquo;][vc_column_text]<a href=\"https:\/\/www.thermokey.com\/pl\/category\/produkty\/zdalne-skraplacze\/\"><em><u>Wi&#281;cej n\/t skraplaczy wentylatorowych<\/u><\/em><\/a>&gt;[\/vc_column_text][\/vc_column][\/vc_row]<\/p>\n<\/body><\/html>\n<\/section>","protected":false},"excerpt":{"rendered":"<p>[vc_row][vc_column][vc_single_image image=&rdquo;29484&Prime; img_size=&rdquo;full&rdquo;][\/vc_column][\/vc_row][vc_row css=&rdquo;.vc_custom_1639986535419{border-top-width: 30px !important;padding-bottom: 25px !important;}&rdquo;][vc_column css=&rdquo;.vc_custom_1639988963592{margin-top: 35px !important;margin-bottom: 35px !important;}&rdquo;][vc_custom_heading text=&rdquo;Zapytanie ofertowe&rdquo; font_container=&rdquo;tag:h1|text_align:left|color:%23004987&Prime; css=&rdquo;.vc_custom_1643710607102{margin-bottom: 20px !important;}&rdquo;][vc_column_text]Nasz dzia&#322; sprzeda&#380;y oraz dzia&#322; techniczny s&#261; do Pa&#324;stwa dyspozycji, w zakresie doboru produktu ThermoKey, kt&oacute;ry najlepiej odpowiada Pa&#324;stwa potrzebom. Prosimy o wybranie produktu i wype&#322;nienie dedykowanego formularza. Prosimy o podanie informacji niezb&#281;dnych dla zrozumienia Pa&#324;stwa potrzeb, [&hellip;]<\/p>\n","protected":false},"author":3,"featured_media":0,"parent":0,"menu_order":0,"comment_status":"closed","ping_status":"closed","template":"","meta":{"_acf_changed":false,"inline_featured_image":false,"footnotes":""},"class_list":["post-30626","page","type-page","status-publish","hentry"],"acf":[],"yoast_head":"<!-- This site is optimized with the Yoast SEO plugin v27.1.1 - https:\/\/yoast.com\/product\/yoast-seo-wordpress\/ -->\n<title>Richiedere una quotazione - Thermokey<\/title>\n<meta name=\"description\" content=\"Nasz dzia\u0142 sprzeda\u017cy oraz dzia\u0142 techniczny s\u0105 do Pa\u0144stwa dyspozycji, w zakresie doboru produktu ThermoKey, kt\u00f3ry najlepiej odpowiada Pa\u0144stwa potrzebom.\" \/>\n<meta name=\"robots\" content=\"index, follow, max-snippet:-1, max-image-preview:large, max-video-preview:-1\" \/>\n<link rel=\"canonical\" href=\"https:\/\/www.thermokey.com\/pl\/richiedere-una-quotazione\/\" \/>\n<meta property=\"og:locale\" content=\"pl_PL\" \/>\n<meta property=\"og:type\" content=\"article\" \/>\n<meta property=\"og:title\" content=\"Richiedere una quotazione - Thermokey\" \/>\n<meta property=\"og:description\" content=\"Nasz dzia\u0142 sprzeda\u017cy oraz dzia\u0142 techniczny s\u0105 do Pa\u0144stwa dyspozycji, w zakresie doboru produktu ThermoKey, kt\u00f3ry najlepiej odpowiada Pa\u0144stwa potrzebom.\" \/>\n<meta property=\"og:url\" content=\"https:\/\/www.thermokey.com\/pl\/richiedere-una-quotazione\/\" \/>\n<meta property=\"og:site_name\" content=\"Thermokey\" \/>\n<meta property=\"article:modified_time\" content=\"2022-02-01T10:19:23+00:00\" \/>\n<meta name=\"twitter:card\" content=\"summary_large_image\" \/>\n<meta name=\"twitter:label1\" content=\"Szacowany czas czytania\" \/>\n\t<meta name=\"twitter:data1\" content=\"2 minuty\" \/>\n<script type=\"application\/ld+json\" class=\"yoast-schema-graph\">{\"@context\":\"https:\/\/schema.org\",\"@graph\":[{\"@type\":\"WebPage\",\"@id\":\"https:\/\/www.thermokey.com\/pl\/richiedere-una-quotazione\/\",\"url\":\"https:\/\/www.thermokey.com\/pl\/richiedere-una-quotazione\/\",\"name\":\"Richiedere una quotazione - Thermokey\",\"isPartOf\":{\"@id\":\"https:\/\/www.thermokey.com\/pl\/#website\"},\"datePublished\":\"2021-12-20T08:40:21+00:00\",\"dateModified\":\"2022-02-01T10:19:23+00:00\",\"description\":\"Nasz dzia\u0142 sprzeda\u017cy oraz dzia\u0142 techniczny s\u0105 do Pa\u0144stwa dyspozycji, w zakresie doboru produktu ThermoKey, kt\u00f3ry najlepiej odpowiada Pa\u0144stwa potrzebom.\",\"breadcrumb\":{\"@id\":\"https:\/\/www.thermokey.com\/pl\/richiedere-una-quotazione\/#breadcrumb\"},\"inLanguage\":\"pl-PL\",\"potentialAction\":[{\"@type\":\"ReadAction\",\"target\":[\"https:\/\/www.thermokey.com\/pl\/richiedere-una-quotazione\/\"]}]},{\"@type\":\"BreadcrumbList\",\"@id\":\"https:\/\/www.thermokey.com\/pl\/richiedere-una-quotazione\/#breadcrumb\",\"itemListElement\":[{\"@type\":\"ListItem\",\"position\":1,\"name\":\"Home\",\"item\":\"https:\/\/www.thermokey.com\/pl\/\"},{\"@type\":\"ListItem\",\"position\":2,\"name\":\"Richiedere una quotazione\"}]},{\"@type\":\"WebSite\",\"@id\":\"https:\/\/www.thermokey.com\/pl\/#website\",\"url\":\"https:\/\/www.thermokey.com\/pl\/\",\"name\":\"Thermokey\",\"description\":\"Heat Exchange Solutions\",\"potentialAction\":[{\"@type\":\"SearchAction\",\"target\":{\"@type\":\"EntryPoint\",\"urlTemplate\":\"https:\/\/www.thermokey.com\/pl\/?s={search_term_string}\"},\"query-input\":{\"@type\":\"PropertyValueSpecification\",\"valueRequired\":true,\"valueName\":\"search_term_string\"}}],\"inLanguage\":\"pl-PL\"}]}<\/script>\n<!-- \/ Yoast SEO plugin. -->","yoast_head_json":{"title":"Richiedere una quotazione - Thermokey","description":"Nasz dzia\u0142 sprzeda\u017cy oraz dzia\u0142 techniczny s\u0105 do Pa\u0144stwa dyspozycji, w zakresie doboru produktu ThermoKey, kt\u00f3ry najlepiej odpowiada Pa\u0144stwa potrzebom.","robots":{"index":"index","follow":"follow","max-snippet":"max-snippet:-1","max-image-preview":"max-image-preview:large","max-video-preview":"max-video-preview:-1"},"canonical":"https:\/\/www.thermokey.com\/pl\/richiedere-una-quotazione\/","og_locale":"pl_PL","og_type":"article","og_title":"Richiedere una quotazione - Thermokey","og_description":"Nasz dzia\u0142 sprzeda\u017cy oraz dzia\u0142 techniczny s\u0105 do Pa\u0144stwa dyspozycji, w zakresie doboru produktu ThermoKey, kt\u00f3ry najlepiej odpowiada Pa\u0144stwa potrzebom.","og_url":"https:\/\/www.thermokey.com\/pl\/richiedere-una-quotazione\/","og_site_name":"Thermokey","article_modified_time":"2022-02-01T10:19:23+00:00","twitter_card":"summary_large_image","twitter_misc":{"Szacowany czas czytania":"2 minuty"},"schema":{"@context":"https:\/\/schema.org","@graph":[{"@type":"WebPage","@id":"https:\/\/www.thermokey.com\/pl\/richiedere-una-quotazione\/","url":"https:\/\/www.thermokey.com\/pl\/richiedere-una-quotazione\/","name":"Richiedere una quotazione - Thermokey","isPartOf":{"@id":"https:\/\/www.thermokey.com\/pl\/#website"},"datePublished":"2021-12-20T08:40:21+00:00","dateModified":"2022-02-01T10:19:23+00:00","description":"Nasz dzia\u0142 sprzeda\u017cy oraz dzia\u0142 techniczny s\u0105 do Pa\u0144stwa dyspozycji, w zakresie doboru produktu ThermoKey, kt\u00f3ry najlepiej odpowiada Pa\u0144stwa potrzebom.","breadcrumb":{"@id":"https:\/\/www.thermokey.com\/pl\/richiedere-una-quotazione\/#breadcrumb"},"inLanguage":"pl-PL","potentialAction":[{"@type":"ReadAction","target":["https:\/\/www.thermokey.com\/pl\/richiedere-una-quotazione\/"]}]},{"@type":"BreadcrumbList","@id":"https:\/\/www.thermokey.com\/pl\/richiedere-una-quotazione\/#breadcrumb","itemListElement":[{"@type":"ListItem","position":1,"name":"Home","item":"https:\/\/www.thermokey.com\/pl\/"},{"@type":"ListItem","position":2,"name":"Richiedere una quotazione"}]},{"@type":"WebSite","@id":"https:\/\/www.thermokey.com\/pl\/#website","url":"https:\/\/www.thermokey.com\/pl\/","name":"Thermokey","description":"Heat Exchange Solutions","potentialAction":[{"@type":"SearchAction","target":{"@type":"EntryPoint","urlTemplate":"https:\/\/www.thermokey.com\/pl\/?s={search_term_string}"},"query-input":{"@type":"PropertyValueSpecification","valueRequired":true,"valueName":"search_term_string"}}],"inLanguage":"pl-PL"}]}},"_links":{"self":[{"href":"https:\/\/www.thermokey.com\/pl\/wp-json\/wp\/v2\/pages\/30626","targetHints":{"allow":["GET"]}}],"collection":[{"href":"https:\/\/www.thermokey.com\/pl\/wp-json\/wp\/v2\/pages"}],"about":[{"href":"https:\/\/www.thermokey.com\/pl\/wp-json\/wp\/v2\/types\/page"}],"author":[{"embeddable":true,"href":"https:\/\/www.thermokey.com\/pl\/wp-json\/wp\/v2\/users\/3"}],"replies":[{"embeddable":true,"href":"https:\/\/www.thermokey.com\/pl\/wp-json\/wp\/v2\/comments?post=30626"}],"version-history":[{"count":2,"href":"https:\/\/www.thermokey.com\/pl\/wp-json\/wp\/v2\/pages\/30626\/revisions"}],"predecessor-version":[{"id":30630,"href":"https:\/\/www.thermokey.com\/pl\/wp-json\/wp\/v2\/pages\/30626\/revisions\/30630"}],"wp:attachment":[{"href":"https:\/\/www.thermokey.com\/pl\/wp-json\/wp\/v2\/media?parent=30626"}],"curies":[{"name":"wp","href":"https:\/\/api.w.org\/{rel}","templated":true}]}}