{"id":10666,"date":"2019-04-02T17:31:12","date_gmt":"2019-04-02T15:31:12","guid":{"rendered":"https:\/\/www.thermokey.com\/?page_id=10666"},"modified":"2019-04-02T17:42:01","modified_gmt":"2019-04-02T15:42:01","slug":"szczegolowe-informacje-na-temat-korzystania-z-plikow-cookie","status":"publish","type":"page","link":"https:\/\/www.thermokey.com\/pl\/polityka-prywatnosci\/szczegolowe-informacje-na-temat-korzystania-z-plikow-cookie\/","title":{"rendered":"Szczeg\u00f3\u0142owe informacje na temat korzystania z plik\u00f3w cookie"},"content":{"rendered":"<section class=\"wpb-content-wrapper\"><!DOCTYPE html PUBLIC \"-\/\/W3C\/\/DTD HTML 4.0 Transitional\/\/EN\" \"http:\/\/www.w3.org\/TR\/REC-html40\/loose.dtd\">\n<html><body><p>[vc_row][vc_column][vc_column_text]<\/p>\n<p><strong><span class=\"tlid-translation\"><span lang=\"PL\">Cookie: Definicja, cechy i zastosowanie norm<\/span><\/span><\/strong><\/p>\n<p><span class=\"tlid-translation\"><span lang=\"PL\">Pliki cookie to ma&#322;e pliki tekstowe, kt&oacute;re przesy&#322;aj&#261; i rejestruj&#261;&nbsp; strony odwiedzane przez u&#380;ytkownika na jego komputerze lub urz&#261;dzeniu mobilnym, a nast&#281;pnie s&#261; przesy&#322;ane do tych samych witryn podczas nast&#281;pnej wizyty. Dzi&#281;ki plikom cookie strona zapami&#281;tuje dzia&#322;ania i preferencje u&#380;ytkownika (na przyk&#322;ad dane logowania, ulubiony j&#281;zyk, wymiary czcionek, inne ustawienia wizualne itp.), aby nie musia&#322;y by&#263; ponownie wskazywane, gdy u&#380;ytkownik wr&oacute;ci do witryny lub przegl&#261;da jedn&#261; stron&#281; po drugiej.<\/span><\/span><span lang=\"PL\"><br>\n<span class=\"tlid-translation\">W zwi&#261;zku z tym pliki cookie s&#261; u&#380;ywane do uwierzytelniania IT, monitorowania sesji i zapami&#281;tywania danych dotycz&#261;cych dzia&#322;a&#324; u&#380;ytkownik&oacute;w, kt&oacute;rzy uzyskuj&#261; dost&#281;p do witryny i mog&#261; r&oacute;wnie&#380; rozumie&#263; unikalny kod identyfikacyjny, kt&oacute;ry umo&#380;liwia &#347;ledzenie przegl&#261;dania strony internetowej w celach statystycznych i reklamowych.<\/span><br>\n<span class=\"tlid-translation\">Podczas przegl&#261;dania strony u&#380;ytkownik mo&#380;e r&oacute;wnie&#380; otrzymywa&#263; na swoim komputerze pliki cookie z witryn i serwer&oacute;w internetowych innych ni&#380; ten, kt&oacute;ry odwiedza (pliki cookie &bdquo;strony trzeciej&rdquo;). Niekt&oacute;rych operacji nie mo&#380;na wykona&#263; bez u&#380;ycia plik&oacute;w cookie, kt&oacute;re w niekt&oacute;rych przypadkach s&#261; niezb&#281;dne do funkcjonowania witryny.<\/span><br>\n<span class=\"tlid-translation\">Istniej&#261; r&oacute;&#380;ne rodzaje plik&oacute;w cookie w zale&#380;no&#347;ci od ich cech i funkcji, kt&oacute;re mog&#261; pozostawa&#263; na komputerze przez r&oacute;&#380;ne okresy czasu:<\/span><br>\n<\/span><\/p>\n<ul>\n<li><span class=\"tlid-translation\"><span lang=\"PL\">cookie sesji, kt&oacute;re s&#261; automatycznie anulowane przy zamkni&#281;ciu przegl&#261;darki<\/span><\/span><\/li>\n<li><span lang=\"PL\"><span class=\"tlid-translation\">trwa&#322;y plik cookie, kt&oacute;ry pozostaje w urz&#261;dzeniu u&#380;ytkownika do ustalonego terminu.<\/span><br>\n<\/span><\/li>\n<\/ul>\n<p><span class=\"tlid-translation\"><span lang=\"PL\">Zgodnie z norm&#261; dotycz&#261;c&#261; korzystania z plik&oacute;w cookie, wyra&#378;na zgoda u&#380;ytkownika nie zawsze jest wymagana: zgoda taka nie jest wymagana w przypadku &bdquo;technicznych plik&oacute;w cookie&rdquo;, czyli takich, kt&oacute;re s&#261; wykorzystywane wy&#322;&#261;cznie do transmisji komunikatu w sieci elektronicznej komunikacji lub &#347;ci&#347;le dotycz&#261;ce koniecznego &#347;wiadczenia us&#322;ugi, o kt&oacute;r&#261; wyra&#378;nie prosi&#322; u&#380;ytkownik. S&#261; to pliki cookie niezb&#281;dne do funkcjonowania strony internetowej lub niezb&#281;dne do wykonywania czynno&#347;ci wymaganych przez u&#380;ytkownika. W&#347;r&oacute;d plik&oacute;w cookie technicznych znajdujemy r&oacute;wnie&#380;:<\/span><\/span><span lang=\"PL\"><br>\n<\/span><\/p>\n<ul>\n<li><span class=\"tlid-translation\"><span lang=\"PL\">&bdquo;analityczne pliki cookie&rdquo; u&#380;ywane bezpo&#347;rednio przez kierownika strony w celu zbierania informacji we wsp&oacute;lnej informacji o liczbie u&#380;ytkownik&oacute;w oraz o tym, w jaki spos&oacute;b odwiedzaj&#261; one sam&#261; stron&#281; internetow&#261;<\/span><\/span><\/li>\n<li><span lang=\"PL\"><span class=\"tlid-translation\">pliki cookie nawigacyjne lub sesyjne (do uwierzytelniania)<\/span><\/span><\/li>\n<li><span lang=\"PL\"><span class=\"tlid-translation\">funkcjonalne pliki cookie, kt&oacute;re umo&#380;liwiaj&#261; u&#380;ytkownikowi nawigacj&#281; zgodnie z szeregiem wybranych kryteri&oacute;w (np. j&#281;zyk, wybrane produkty do zakupu) w celu usprawnienia &#347;wiadczonych us&#322;ug.<\/span><br>\n<\/span><\/li>\n<\/ul>\n<p><span class=\"tlid-translation\"><span lang=\"PL\">Z drugiej strony dla &bdquo;profilowania plik&oacute;w cookie&rdquo;, czyli tych, kt&oacute;re maj&#261; na celu tworzenie profili dotycz&#261;cych u&#380;ytkownika i wykorzystywanie ich do wysy&#322;ania komunikat&oacute;w reklamowych zgodnie z preferencjami pokazywanymi podczas przegl&#261;dania stron internetowych, wymagana jest zgoda u&#380;ytkownika z g&oacute;ry.<\/span><\/span><\/p>\n<p><strong><span class=\"tlid-translation\"><span lang=\"PL\">Typologie plik&oacute;w cookie u&#380;ywane przez obecn&#261; witryn&#281;<\/span><\/span><\/strong><span lang=\"PL\"><br>\n<\/span><\/p>\n<p><span class=\"tlid-translation\"><span lang=\"PL\">Ta strona korzysta z technicznych plik&oacute;w cookie, kt&oacute;re maj&#261; na celu zagwarantowanie transmisji komunikacji mi&#281;dzy u&#380;ytkownikiem a witryn&#261; w internecie w &#347;cis&#322;ej mierze w zakresie &#347;wiadczenia us&#322;ugi przez nas oferowanej w spos&oacute;b dok&#322;adny i w najlepszych mo&#380;liwych warunkach jako&#347;ciowych. Dane dotycz&#261;ce plik&oacute;w cookie s&#261; zarz&#261;dzane wy&#322;&#261;cznie w obr&#281;bie samej witryny i nie s&#261; przekazywane stronom trzecim.<\/span><\/span><span lang=\"PL\"><br>\n<span class=\"tlid-translation\">Witryna korzysta z us&#322;ugi Google Analytics, a pliki cookie wyra&#380;aj&#261; zgod&#281; na anonimow&#261; analiz&#281; statystyczn&#261; we wsp&oacute;lnym zakresie korzystania z odwiedzanej strony. Mo&#380;na zapozna&#263; si&#281; z warunkami us&#322;ugi Google Analytics &bdquo;Termini di servizio di Google Analytics&rdquo;, kt&oacute;re odwo&#322;uj&#261; si&#281; r&oacute;wnie&#380; do arkusza informacji o prywatno&#347;ci firmy Google Inc., niezale&#380;nego w&#322;a&#347;ciciela tytu&#322;u danych dotycz&#261;cych us&#322;ugi Google Analytics. Mo&#380;esz zablokowa&#263; wykorzystanie danych przez Google Analytics, instaluj&#261;c wtyczk&#281; dla przegl&#261;darki: Componente aggiuntivo del browser per la disattivazione di Google Analytics.<\/span><br>\n<span class=\"tlid-translation\">Na stronie internetowej mog&#261; r&oacute;wnie&#380; znajdowa&#263; si&#281; us&#322;ugi i linki stron trzecich, na przyk&#322;ad Linkedin, Youtube i linki do Facebooka, kt&oacute;re mog&#261; potencjalnie kolokowa&#263; pliki cookie w urz&#261;dzeniu elektrycznym b&#281;d&#261;cym w u&#380;yciu po klikni&#281;ciu. Nale&#380;y pami&#281;ta&#263;, &#380;e niniejszy arkusz informacyjny na temat korzystania z plik&oacute;w cookie nie dotyczy link&oacute;w obecnych na stronie internetowej, kt&oacute;re prowadz&#261; do trzecich stron internetowych. Dlatego radzimy zapozna&#263; si&#281; z kartami informacji o prywatno&#347;ci, kt&oacute;re znajduj&#261; si&#281; na innych odwiedzanych stronach internetowych pod poni&#380;szymi odno&#347;nikami.<\/span><\/span><\/p>\n<p><strong><span class=\"tlid-translation\"><span lang=\"PL\">Wy&#322;&#261;czenie plik&oacute;w cookie<\/span><\/span><\/strong><\/p>\n<p><span class=\"tlid-translation\"><span lang=\"PL\">Mo&#380;liwe jest odwiedzanie strony r&oacute;wnie&#380; bez plik&oacute;w cookie, nawet je&#347;li w tym przypadku mo&#380;e nie by&#263; mo&#380;liwe pe&#322;ne wykorzystanie wszystkich funkcjonalno&#347;ci i oferowanych us&#322;ug. Wi&#281;kszo&#347;&#263; przegl&#261;darek automatycznie akceptuje pliki cookie. Mo&#380;esz unikn&#261;&#263; automatycznej rejestracji plik&oacute;w cookie, wybieraj&#261;c opcj&#281; &bdquo;nie akceptuj plik&oacute;w cookie&rdquo; z proponowanej.<\/span><\/span><span lang=\"PL\"><br>\n<span class=\"tlid-translation\">Aby uzyska&#263; dalsze informacje, jak to zrobi&#263;, mo&#380;esz odnie&#347;&#263; si&#281; do instrukcji w&#322;asnej przegl&#261;darki. U&#380;ytkownik mo&#380;e uzyska&#263; szczeg&oacute;&#322;owe instrukcje pod nast&#281;puj&#261;cymi linkami:<\/span><br>\n<\/span><\/p>\n<ul>\n<li><a href=\"https:\/\/support.microsoft.com\/it-it\/help\/17442\/windows-internet-explorer-delete-manage-cookies\">Microsoft Windows Explorer<\/a><\/li>\n<li><a href=\"https:\/\/support.google.com\/accounts\/answer\/61416?co=GENIE.Platform%3DDesktop&amp;hl=it\">Google Chrome<\/a><\/li>\n<li><a href=\"https:\/\/support.mozilla.org\/it\/kb\/Attivare%20e%20disattivare%20i%20cookie\">Mozilla Firefox<\/a><\/li>\n<li><a href=\"https:\/\/support.apple.com\/it-it\/guide\/safari\/sfri11471\/mac\">Apple Safari<\/a><\/li>\n<\/ul>\n<p><span class=\"tlid-translation\"><span lang=\"PL\">Aby uzyska&#263; informacje na temat plik&oacute;w cookie umieszczonych na urz&#261;dzeniu i je wy&#322;&#261;czy&#263;, radzimy odwiedzi&#263; nast&#281;puj&#261;c&#261; stron&#281;: <\/span><\/span>&nbsp;<u><a href=\"http:\/\/www.youronlinechoices.com\/it\/le-tue-scelte\">www.youronlinechoices.com\/it\/le-tue-scelte<\/a><\/u><\/p>\n<p><span class=\"tlid-translation\"><span lang=\"PL\">Zawsze mo&#380;liwe jest usuni&#281;cie potencjalnych plik&oacute;w cookie zapisanych na twardym dysku.<\/span><\/span><\/p>\n<p>[\/vc_column_text][\/vc_column][\/vc_row]<\/p>\n<\/body><\/html>\n<\/section>","protected":false},"excerpt":{"rendered":"<p>[vc_row][vc_column][vc_column_text] Cookie: Definicja, cechy i zastosowanie norm Pliki cookie to ma&#322;e pliki tekstowe, kt&oacute;re przesy&#322;aj&#261; i rejestruj&#261;&nbsp; strony odwiedzane przez u&#380;ytkownika na jego komputerze lub urz&#261;dzeniu mobilnym, a nast&#281;pnie s&#261; przesy&#322;ane do tych samych witryn podczas nast&#281;pnej wizyty. Dzi&#281;ki plikom cookie strona zapami&#281;tuje dzia&#322;ania i preferencje u&#380;ytkownika (na przyk&#322;ad dane logowania, ulubiony j&#281;zyk, wymiary czcionek, [&hellip;]<\/p>\n","protected":false},"author":3,"featured_media":0,"parent":4990,"menu_order":0,"comment_status":"closed","ping_status":"closed","template":"","meta":{"_acf_changed":false,"inline_featured_image":false,"footnotes":""},"class_list":["post-10666","page","type-page","status-publish","hentry"],"acf":[],"yoast_head":"<!-- This site is optimized with the Yoast SEO plugin v27.5 - https:\/\/yoast.com\/product\/yoast-seo-wordpress\/ -->\n<title>Szczeg\u00f3\u0142owe informacje na temat korzystania z plik\u00f3w cookie - Thermokey<\/title>\n<meta name=\"description\" content=\"Cookie: Definicja, cechy i zastosowanie norm Pliki cookie to ma\u0142e pliki tekstowe, kt\u00f3re przesy\u0142aj\u0105 i rejestruj\u0105\u00a0 strony odwiedzane przez u\u017cytkownika na\" \/>\n<meta name=\"robots\" content=\"index, follow, max-snippet:-1, max-image-preview:large, max-video-preview:-1\" \/>\n<link rel=\"canonical\" href=\"https:\/\/www.thermokey.com\/pl\/polityka-prywatnosci\/szczegolowe-informacje-na-temat-korzystania-z-plikow-cookie\/\" \/>\n<meta property=\"og:locale\" content=\"pl_PL\" \/>\n<meta property=\"og:type\" content=\"article\" \/>\n<meta property=\"og:title\" content=\"Szczeg\u00f3\u0142owe informacje na temat korzystania z plik\u00f3w cookie - Thermokey\" \/>\n<meta property=\"og:description\" content=\"Cookie: Definicja, cechy i zastosowanie norm Pliki cookie to ma\u0142e pliki tekstowe, kt\u00f3re przesy\u0142aj\u0105 i rejestruj\u0105\u00a0 strony odwiedzane przez u\u017cytkownika na\" \/>\n<meta property=\"og:url\" content=\"https:\/\/www.thermokey.com\/pl\/polityka-prywatnosci\/szczegolowe-informacje-na-temat-korzystania-z-plikow-cookie\/\" \/>\n<meta property=\"og:site_name\" content=\"Thermokey\" \/>\n<meta property=\"article:modified_time\" content=\"2019-04-02T15:42:01+00:00\" \/>\n<meta name=\"twitter:card\" content=\"summary_large_image\" \/>\n<meta name=\"twitter:label1\" content=\"Szacowany czas czytania\" \/>\n\t<meta name=\"twitter:data1\" content=\"5 minut\" \/>\n<script type=\"application\/ld+json\" class=\"yoast-schema-graph\">{\"@context\":\"https:\\\/\\\/schema.org\",\"@graph\":[{\"@type\":\"WebPage\",\"@id\":\"https:\\\/\\\/www.thermokey.com\\\/pl\\\/polityka-prywatnosci\\\/szczegolowe-informacje-na-temat-korzystania-z-plikow-cookie\\\/\",\"url\":\"https:\\\/\\\/www.thermokey.com\\\/pl\\\/polityka-prywatnosci\\\/szczegolowe-informacje-na-temat-korzystania-z-plikow-cookie\\\/\",\"name\":\"Szczeg\u00f3\u0142owe informacje na temat korzystania z plik\u00f3w cookie - Thermokey\",\"isPartOf\":{\"@id\":\"https:\\\/\\\/www.thermokey.com\\\/pl\\\/#website\"},\"datePublished\":\"2019-04-02T15:31:12+00:00\",\"dateModified\":\"2019-04-02T15:42:01+00:00\",\"description\":\"Cookie: Definicja, cechy i zastosowanie norm Pliki cookie to ma\u0142e pliki tekstowe, kt\u00f3re przesy\u0142aj\u0105 i rejestruj\u0105\u00a0 strony odwiedzane przez u\u017cytkownika na\",\"breadcrumb\":{\"@id\":\"https:\\\/\\\/www.thermokey.com\\\/pl\\\/polityka-prywatnosci\\\/szczegolowe-informacje-na-temat-korzystania-z-plikow-cookie\\\/#breadcrumb\"},\"inLanguage\":\"pl-PL\",\"potentialAction\":[{\"@type\":\"ReadAction\",\"target\":[\"https:\\\/\\\/www.thermokey.com\\\/pl\\\/polityka-prywatnosci\\\/szczegolowe-informacje-na-temat-korzystania-z-plikow-cookie\\\/\"]}]},{\"@type\":\"BreadcrumbList\",\"@id\":\"https:\\\/\\\/www.thermokey.com\\\/pl\\\/polityka-prywatnosci\\\/szczegolowe-informacje-na-temat-korzystania-z-plikow-cookie\\\/#breadcrumb\",\"itemListElement\":[{\"@type\":\"ListItem\",\"position\":1,\"name\":\"Home\",\"item\":\"https:\\\/\\\/www.thermokey.com\\\/pl\\\/\"},{\"@type\":\"ListItem\",\"position\":2,\"name\":\"Polityka prywatno\u015bci\",\"item\":\"https:\\\/\\\/www.thermokey.com\\\/pl\\\/polityka-prywatnosci\\\/\"},{\"@type\":\"ListItem\",\"position\":3,\"name\":\"Szczeg\u00f3\u0142owe informacje na temat korzystania z plik\u00f3w cookie\"}]},{\"@type\":\"WebSite\",\"@id\":\"https:\\\/\\\/www.thermokey.com\\\/pl\\\/#website\",\"url\":\"https:\\\/\\\/www.thermokey.com\\\/pl\\\/\",\"name\":\"Thermokey\",\"description\":\"Heat Exchange Solutions\",\"potentialAction\":[{\"@type\":\"SearchAction\",\"target\":{\"@type\":\"EntryPoint\",\"urlTemplate\":\"https:\\\/\\\/www.thermokey.com\\\/pl\\\/?s={search_term_string}\"},\"query-input\":{\"@type\":\"PropertyValueSpecification\",\"valueRequired\":true,\"valueName\":\"search_term_string\"}}],\"inLanguage\":\"pl-PL\"}]}<\/script>\n<!-- \/ Yoast SEO plugin. -->","yoast_head_json":{"title":"Szczeg\u00f3\u0142owe informacje na temat korzystania z plik\u00f3w cookie - Thermokey","description":"Cookie: Definicja, cechy i zastosowanie norm Pliki cookie to ma\u0142e pliki tekstowe, kt\u00f3re przesy\u0142aj\u0105 i rejestruj\u0105\u00a0 strony odwiedzane przez u\u017cytkownika na","robots":{"index":"index","follow":"follow","max-snippet":"max-snippet:-1","max-image-preview":"max-image-preview:large","max-video-preview":"max-video-preview:-1"},"canonical":"https:\/\/www.thermokey.com\/pl\/polityka-prywatnosci\/szczegolowe-informacje-na-temat-korzystania-z-plikow-cookie\/","og_locale":"pl_PL","og_type":"article","og_title":"Szczeg\u00f3\u0142owe informacje na temat korzystania z plik\u00f3w cookie - Thermokey","og_description":"Cookie: Definicja, cechy i zastosowanie norm Pliki cookie to ma\u0142e pliki tekstowe, kt\u00f3re przesy\u0142aj\u0105 i rejestruj\u0105\u00a0 strony odwiedzane przez u\u017cytkownika na","og_url":"https:\/\/www.thermokey.com\/pl\/polityka-prywatnosci\/szczegolowe-informacje-na-temat-korzystania-z-plikow-cookie\/","og_site_name":"Thermokey","article_modified_time":"2019-04-02T15:42:01+00:00","twitter_card":"summary_large_image","twitter_misc":{"Szacowany czas czytania":"5 minut"},"schema":{"@context":"https:\/\/schema.org","@graph":[{"@type":"WebPage","@id":"https:\/\/www.thermokey.com\/pl\/polityka-prywatnosci\/szczegolowe-informacje-na-temat-korzystania-z-plikow-cookie\/","url":"https:\/\/www.thermokey.com\/pl\/polityka-prywatnosci\/szczegolowe-informacje-na-temat-korzystania-z-plikow-cookie\/","name":"Szczeg\u00f3\u0142owe informacje na temat korzystania z plik\u00f3w cookie - Thermokey","isPartOf":{"@id":"https:\/\/www.thermokey.com\/pl\/#website"},"datePublished":"2019-04-02T15:31:12+00:00","dateModified":"2019-04-02T15:42:01+00:00","description":"Cookie: Definicja, cechy i zastosowanie norm Pliki cookie to ma\u0142e pliki tekstowe, kt\u00f3re przesy\u0142aj\u0105 i rejestruj\u0105\u00a0 strony odwiedzane przez u\u017cytkownika na","breadcrumb":{"@id":"https:\/\/www.thermokey.com\/pl\/polityka-prywatnosci\/szczegolowe-informacje-na-temat-korzystania-z-plikow-cookie\/#breadcrumb"},"inLanguage":"pl-PL","potentialAction":[{"@type":"ReadAction","target":["https:\/\/www.thermokey.com\/pl\/polityka-prywatnosci\/szczegolowe-informacje-na-temat-korzystania-z-plikow-cookie\/"]}]},{"@type":"BreadcrumbList","@id":"https:\/\/www.thermokey.com\/pl\/polityka-prywatnosci\/szczegolowe-informacje-na-temat-korzystania-z-plikow-cookie\/#breadcrumb","itemListElement":[{"@type":"ListItem","position":1,"name":"Home","item":"https:\/\/www.thermokey.com\/pl\/"},{"@type":"ListItem","position":2,"name":"Polityka prywatno\u015bci","item":"https:\/\/www.thermokey.com\/pl\/polityka-prywatnosci\/"},{"@type":"ListItem","position":3,"name":"Szczeg\u00f3\u0142owe informacje na temat korzystania z plik\u00f3w cookie"}]},{"@type":"WebSite","@id":"https:\/\/www.thermokey.com\/pl\/#website","url":"https:\/\/www.thermokey.com\/pl\/","name":"Thermokey","description":"Heat Exchange Solutions","potentialAction":[{"@type":"SearchAction","target":{"@type":"EntryPoint","urlTemplate":"https:\/\/www.thermokey.com\/pl\/?s={search_term_string}"},"query-input":{"@type":"PropertyValueSpecification","valueRequired":true,"valueName":"search_term_string"}}],"inLanguage":"pl-PL"}]}},"_links":{"self":[{"href":"https:\/\/www.thermokey.com\/pl\/wp-json\/wp\/v2\/pages\/10666","targetHints":{"allow":["GET"]}}],"collection":[{"href":"https:\/\/www.thermokey.com\/pl\/wp-json\/wp\/v2\/pages"}],"about":[{"href":"https:\/\/www.thermokey.com\/pl\/wp-json\/wp\/v2\/types\/page"}],"author":[{"embeddable":true,"href":"https:\/\/www.thermokey.com\/pl\/wp-json\/wp\/v2\/users\/3"}],"replies":[{"embeddable":true,"href":"https:\/\/www.thermokey.com\/pl\/wp-json\/wp\/v2\/comments?post=10666"}],"version-history":[{"count":2,"href":"https:\/\/www.thermokey.com\/pl\/wp-json\/wp\/v2\/pages\/10666\/revisions"}],"predecessor-version":[{"id":10675,"href":"https:\/\/www.thermokey.com\/pl\/wp-json\/wp\/v2\/pages\/10666\/revisions\/10675"}],"up":[{"embeddable":true,"href":"https:\/\/www.thermokey.com\/pl\/wp-json\/wp\/v2\/pages\/4990"}],"wp:attachment":[{"href":"https:\/\/www.thermokey.com\/pl\/wp-json\/wp\/v2\/media?parent=10666"}],"curies":[{"name":"wp","href":"https:\/\/api.w.org\/{rel}","templated":true}]}}