{"id":42542,"date":"2023-07-31T15:49:53","date_gmt":"2023-07-31T13:49:53","guid":{"rendered":"https:\/\/www.thermokey.com\/?page_id=42542"},"modified":"2025-12-04T15:04:57","modified_gmt":"2025-12-04T14:04:57","slug":"bilancio-sostenibilita","status":"publish","type":"page","link":"https:\/\/www.thermokey.com\/it\/bilancio-sostenibilita\/","title":{"rendered":"Bilancio di sostenibilit\u00e0"},"content":{"rendered":"<section class=\"wpb-content-wrapper\"><!DOCTYPE html PUBLIC \"-\/\/W3C\/\/DTD HTML 4.0 Transitional\/\/EN\" \"http:\/\/www.w3.org\/TR\/REC-html40\/loose.dtd\">\n<html><body><p>[vc_row][vc_column][vc_single_image image=&rdquo;63211&Prime; img_size=&rdquo;full&rdquo; css=&rdquo;.vc_custom_1764857090513{margin-bottom: 25px !important;}&rdquo;][vc_column_text css=&rdquo;.vc_custom_1690795326903{margin-bottom: 35px !important;}&rdquo;]<\/p>\n<p class=\"p1\" style=\"text-align: center;\"><span style=\"font-size: 1.5em;\">La nostra vera sfida &egrave; influenzare positivamente la vita delle persone attraverso soluzioni sempre pi&ugrave; sostenibili per il mondo della refrigerazione e della climatizzazione.<\/span><\/p>\n<p>[\/vc_column_text][vc_btn title=&rdquo;LEGGI IL BILANCIO DI SOSTENIBILIT&Agrave;&rdquo; color=&rdquo;juicy-pink&rdquo; size=&rdquo;lg&rdquo; align=&rdquo;center&rdquo; link=&rdquo;url:https%3A%2F%2Fwww.thermokey.com%2Fwp-content%2Fuploads%2F2025%2F12%2FBilancio-sostenibilita_TK_2024_WEB-ITA.pdf|target:_blank&rdquo; css=&rdquo;.vc_custom_1764857080147{margin-bottom: 20px !important;}&rdquo;][\/vc_column][\/vc_row][vc_row css=&rdquo;.vc_custom_1764857047423{margin-top: 20px !important;margin-bottom: 20px !important;}&rdquo;][vc_column][vc_separator css=&rdquo;.vc_custom_1764856835849{padding-top: 10px !important;padding-bottom: 10px !important;}&rdquo;][\/vc_column][\/vc_row][vc_row css=&rdquo;.vc_custom_1764856931351{margin-top: 20px !important;}&rdquo;][vc_column][vc_custom_heading text=&rdquo;Pubblicazioni precedenti&rdquo; font_container=&rdquo;tag:h2|text_align:left|color:%236d6d6d&rdquo; css=&rdquo;.vc_custom_1743776681529{margin-top: 25px !important;margin-bottom: 25px !important;}&rdquo;][\/vc_column][\/vc_row][vc_row css=&rdquo;.vc_custom_1764856916231{margin-top: 20px !important;}&rdquo;][vc_column width=&rdquo;1\/3&Prime;][vc_btn title=&rdquo;BILANCIO DI SOSTENIBILIT&Agrave; 2023&Prime; align=&rdquo;left&rdquo; link=&rdquo;url:https%3A%2F%2Fwww.thermokey.com%2Fwp-content%2Fuploads%2F2025%2F03%2FBilancio-sostenibilita-2023-TK.pdf|target:_blank&rdquo;][\/vc_column][vc_column width=&rdquo;1\/3&Prime;][vc_btn title=&rdquo;BILANCIO DI SOSTENIBILIT&Agrave; 2022&Prime; align=&rdquo;left&rdquo; link=&rdquo;url:https%3A%2F%2Fwww.thermokey.com%2Fwp-content%2Fuploads%2F2023%2F04%2FBilancio-sostenibilita_TK_07.23.pdf|target:_blank&rdquo;][\/vc_column][vc_column width=&rdquo;1\/3&Prime;][\/vc_column][\/vc_row]<\/p>\n<\/body><\/html>\n<\/section>","protected":false},"excerpt":{"rendered":"<p>[vc_row][vc_column][vc_single_image image=&rdquo;63211&Prime; img_size=&rdquo;full&rdquo; css=&rdquo;.vc_custom_1764857090513{margin-bottom: 25px !important;}&rdquo;][vc_column_text css=&rdquo;.vc_custom_1690795326903{margin-bottom: 35px !important;}&rdquo;] La nostra vera sfida &egrave; influenzare positivamente la vita delle persone attraverso soluzioni sempre pi&ugrave; sostenibili per il mondo della refrigerazione e della climatizzazione. [\/vc_column_text][vc_btn title=&rdquo;LEGGI IL BILANCIO DI SOSTENIBILIT&Agrave;&rdquo; color=&rdquo;juicy-pink&rdquo; size=&rdquo;lg&rdquo; align=&rdquo;center&rdquo; link=&rdquo;url:https%3A%2F%2Fwww.thermokey.com%2Fwp-content%2Fuploads%2F2025%2F12%2FBilancio-sostenibilita_TK_2024_WEB-ITA.pdf|target:_blank&rdquo; css=&rdquo;.vc_custom_1764857080147{margin-bottom: 20px !important;}&rdquo;][\/vc_column][\/vc_row][vc_row css=&rdquo;.vc_custom_1764857047423{margin-top: 20px !important;margin-bottom: 20px !important;}&rdquo;][vc_column][vc_separator css=&rdquo;.vc_custom_1764856835849{padding-top: 10px !important;padding-bottom: 10px [&hellip;]<\/p>\n","protected":false},"author":3,"featured_media":0,"parent":0,"menu_order":0,"comment_status":"closed","ping_status":"closed","template":"","meta":{"_acf_changed":false,"inline_featured_image":false,"footnotes":""},"class_list":["post-42542","page","type-page","status-publish","hentry"],"acf":[],"yoast_head":"<!-- This site is optimized with the Yoast SEO plugin v27.1.1 - https:\/\/yoast.com\/product\/yoast-seo-wordpress\/ -->\n<title>Bilancio di sostenibilit\u00e0 - Thermokey<\/title>\n<meta name=\"description\" content=\"Leggi il Bilancio di Sostenibilit\u00e0 di ThermoKey, la nostra visione e il nostro impegno per un settore dello scambio termico pi\u00f9 sostenibile\" \/>\n<meta name=\"robots\" content=\"index, follow, max-snippet:-1, max-image-preview:large, max-video-preview:-1\" \/>\n<link rel=\"canonical\" href=\"https:\/\/www.thermokey.com\/it\/bilancio-sostenibilita\/\" \/>\n<meta property=\"og:locale\" content=\"it_IT\" \/>\n<meta property=\"og:type\" content=\"article\" \/>\n<meta property=\"og:title\" content=\"Bilancio di sostenibilit\u00e0 - Thermokey\" \/>\n<meta property=\"og:description\" content=\"Leggi il Bilancio di Sostenibilit\u00e0 di ThermoKey, la nostra visione e il nostro impegno per un settore dello scambio termico pi\u00f9 sostenibile\" \/>\n<meta property=\"og:url\" content=\"https:\/\/www.thermokey.com\/it\/bilancio-sostenibilita\/\" \/>\n<meta property=\"og:site_name\" content=\"Thermokey\" \/>\n<meta property=\"article:modified_time\" content=\"2025-12-04T14:04:57+00:00\" \/>\n<meta name=\"twitter:card\" content=\"summary_large_image\" \/>\n<meta name=\"twitter:label1\" content=\"Tempo di lettura stimato\" \/>\n\t<meta name=\"twitter:data1\" content=\"1 minuto\" \/>\n<script type=\"application\/ld+json\" class=\"yoast-schema-graph\">{\"@context\":\"https:\/\/schema.org\",\"@graph\":[{\"@type\":\"WebPage\",\"@id\":\"https:\/\/www.thermokey.com\/it\/bilancio-sostenibilita\/\",\"url\":\"https:\/\/www.thermokey.com\/it\/bilancio-sostenibilita\/\",\"name\":\"Bilancio di sostenibilit\u00e0 - Thermokey\",\"isPartOf\":{\"@id\":\"https:\/\/www.thermokey.com\/it\/#website\"},\"datePublished\":\"2023-07-31T13:49:53+00:00\",\"dateModified\":\"2025-12-04T14:04:57+00:00\",\"description\":\"Leggi il Bilancio di Sostenibilit\u00e0 di ThermoKey, la nostra visione e il nostro impegno per un settore dello scambio termico pi\u00f9 sostenibile\",\"breadcrumb\":{\"@id\":\"https:\/\/www.thermokey.com\/it\/bilancio-sostenibilita\/#breadcrumb\"},\"inLanguage\":\"it-IT\",\"potentialAction\":[{\"@type\":\"ReadAction\",\"target\":[\"https:\/\/www.thermokey.com\/it\/bilancio-sostenibilita\/\"]}]},{\"@type\":\"BreadcrumbList\",\"@id\":\"https:\/\/www.thermokey.com\/it\/bilancio-sostenibilita\/#breadcrumb\",\"itemListElement\":[{\"@type\":\"ListItem\",\"position\":1,\"name\":\"Home\",\"item\":\"https:\/\/www.thermokey.com\/it\/\"},{\"@type\":\"ListItem\",\"position\":2,\"name\":\"Bilancio di sostenibilit\u00e0\"}]},{\"@type\":\"WebSite\",\"@id\":\"https:\/\/www.thermokey.com\/it\/#website\",\"url\":\"https:\/\/www.thermokey.com\/it\/\",\"name\":\"Thermokey\",\"description\":\"Heat Exchange Solutions\",\"potentialAction\":[{\"@type\":\"SearchAction\",\"target\":{\"@type\":\"EntryPoint\",\"urlTemplate\":\"https:\/\/www.thermokey.com\/it\/?s={search_term_string}\"},\"query-input\":{\"@type\":\"PropertyValueSpecification\",\"valueRequired\":true,\"valueName\":\"search_term_string\"}}],\"inLanguage\":\"it-IT\"}]}<\/script>\n<!-- \/ Yoast SEO plugin. -->","yoast_head_json":{"title":"Bilancio di sostenibilit\u00e0 - Thermokey","description":"Leggi il Bilancio di Sostenibilit\u00e0 di ThermoKey, la nostra visione e il nostro impegno per un settore dello scambio termico pi\u00f9 sostenibile","robots":{"index":"index","follow":"follow","max-snippet":"max-snippet:-1","max-image-preview":"max-image-preview:large","max-video-preview":"max-video-preview:-1"},"canonical":"https:\/\/www.thermokey.com\/it\/bilancio-sostenibilita\/","og_locale":"it_IT","og_type":"article","og_title":"Bilancio di sostenibilit\u00e0 - Thermokey","og_description":"Leggi il Bilancio di Sostenibilit\u00e0 di ThermoKey, la nostra visione e il nostro impegno per un settore dello scambio termico pi\u00f9 sostenibile","og_url":"https:\/\/www.thermokey.com\/it\/bilancio-sostenibilita\/","og_site_name":"Thermokey","article_modified_time":"2025-12-04T14:04:57+00:00","twitter_card":"summary_large_image","twitter_misc":{"Tempo di lettura stimato":"1 minuto"},"schema":{"@context":"https:\/\/schema.org","@graph":[{"@type":"WebPage","@id":"https:\/\/www.thermokey.com\/it\/bilancio-sostenibilita\/","url":"https:\/\/www.thermokey.com\/it\/bilancio-sostenibilita\/","name":"Bilancio di sostenibilit\u00e0 - Thermokey","isPartOf":{"@id":"https:\/\/www.thermokey.com\/it\/#website"},"datePublished":"2023-07-31T13:49:53+00:00","dateModified":"2025-12-04T14:04:57+00:00","description":"Leggi il Bilancio di Sostenibilit\u00e0 di ThermoKey, la nostra visione e il nostro impegno per un settore dello scambio termico pi\u00f9 sostenibile","breadcrumb":{"@id":"https:\/\/www.thermokey.com\/it\/bilancio-sostenibilita\/#breadcrumb"},"inLanguage":"it-IT","potentialAction":[{"@type":"ReadAction","target":["https:\/\/www.thermokey.com\/it\/bilancio-sostenibilita\/"]}]},{"@type":"BreadcrumbList","@id":"https:\/\/www.thermokey.com\/it\/bilancio-sostenibilita\/#breadcrumb","itemListElement":[{"@type":"ListItem","position":1,"name":"Home","item":"https:\/\/www.thermokey.com\/it\/"},{"@type":"ListItem","position":2,"name":"Bilancio di sostenibilit\u00e0"}]},{"@type":"WebSite","@id":"https:\/\/www.thermokey.com\/it\/#website","url":"https:\/\/www.thermokey.com\/it\/","name":"Thermokey","description":"Heat Exchange Solutions","potentialAction":[{"@type":"SearchAction","target":{"@type":"EntryPoint","urlTemplate":"https:\/\/www.thermokey.com\/it\/?s={search_term_string}"},"query-input":{"@type":"PropertyValueSpecification","valueRequired":true,"valueName":"search_term_string"}}],"inLanguage":"it-IT"}]}},"_links":{"self":[{"href":"https:\/\/www.thermokey.com\/it\/wp-json\/wp\/v2\/pages\/42542","targetHints":{"allow":["GET"]}}],"collection":[{"href":"https:\/\/www.thermokey.com\/it\/wp-json\/wp\/v2\/pages"}],"about":[{"href":"https:\/\/www.thermokey.com\/it\/wp-json\/wp\/v2\/types\/page"}],"author":[{"embeddable":true,"href":"https:\/\/www.thermokey.com\/it\/wp-json\/wp\/v2\/users\/3"}],"replies":[{"embeddable":true,"href":"https:\/\/www.thermokey.com\/it\/wp-json\/wp\/v2\/comments?post=42542"}],"version-history":[{"count":22,"href":"https:\/\/www.thermokey.com\/it\/wp-json\/wp\/v2\/pages\/42542\/revisions"}],"predecessor-version":[{"id":63224,"href":"https:\/\/www.thermokey.com\/it\/wp-json\/wp\/v2\/pages\/42542\/revisions\/63224"}],"wp:attachment":[{"href":"https:\/\/www.thermokey.com\/it\/wp-json\/wp\/v2\/media?parent=42542"}],"curies":[{"name":"wp","href":"https:\/\/api.w.org\/{rel}","templated":true}]}}