{"id":4005,"date":"2017-11-08T16:57:38","date_gmt":"2017-11-08T15:57:38","guid":{"rendered":"http:\/\/dev.thermokey.it\/thermokey-heat-exchange-solutions-from-1991\/"},"modified":"2025-03-20T14:42:13","modified_gmt":"2025-03-20T13:42:13","slug":"thermokey-solutions-dechange-de-chaleur-depuis-1991","status":"publish","type":"page","link":"https:\/\/www.thermokey.com\/fr\/thermokey-solutions-dechange-de-chaleur-depuis-1991\/","title":{"rendered":"Thermokey \u2013 Solutions d&rsquo;\u00e9change de chaleur depuis 1991"},"content":{"rendered":"<section class=\"wpb-content-wrapper\"><!DOCTYPE html PUBLIC \"-\/\/W3C\/\/DTD HTML 4.0 Transitional\/\/EN\" \"http:\/\/www.w3.org\/TR\/REC-html40\/loose.dtd\">\n<html><body><p>[vc_row][vc_column][vc_video link=&nbsp;&raquo;https:\/\/www.youtube.com\/watch?v=DQSHA6ljstQ&amp;t=19s&nbsp;&raquo;][\/vc_column][\/vc_row][vc_row css=&nbsp;&raquo;.vc_custom_1513780068584{padding-top: 30px !important;}&nbsp;&raquo;][vc_column width=&nbsp;&raquo;1\/3&Prime; css=&nbsp;&raquo;.vc_custom_1516182729661{padding-bottom: 25px !important;}&nbsp;&raquo;][vc_column_text el_class=&nbsp;&raquo;tk-quote-lines&nbsp;&raquo;]<span style=\"font-size: 1.5em; color: #00497c;\"><em>La complexit&eacute; du march&eacute; est r&eacute;solue avec intelligence, avec la capacit&eacute; d&rsquo;identifier la solution la plus efficace dans le temps &agrave; votre disposition. Notre force est de travailler avec des gens intelligents ; notre valeur est de permettre &agrave; chaque personne d&rsquo;exprimer au mieux son talent personnel.<\/em><\/span>[\/vc_column_text][vc_column_text css=&nbsp;&raquo;.vc_custom_1530198414682{padding-left: 45px !important;}&nbsp;&raquo;]Giorgio Visentini<br>\n&mdash; CEO, ThermoKey Spa[\/vc_column_text][\/vc_column][vc_column width=&nbsp;&raquo;2\/3&Prime;][vc_custom_heading text=&nbsp;&raquo;PLUS DE 30 ANS DE SUCCES&nbsp;&raquo; font_container=&nbsp;&raquo;tag:div|font_size:2em|text_align:left|color:%2300497c|line_height:100%25&Prime; use_theme_fonts=&nbsp;&raquo;yes&nbsp;&raquo; el_class=&nbsp;&raquo;tk-titles-blue-underline&nbsp;&raquo;][vc_column_text]Fond&eacute; en 1991, ThermoKey fabrique des &eacute;changeurs thermiques de diff&eacute;rents types depuis plus de 30 ans et est actuellement reconnu internationalement comme le partenaire id&eacute;al des fabricants d&rsquo;unit&eacute;s de refroidissement dans les domaines de la climatisation, de la r&eacute;frig&eacute;ration et du refroidissement.<\/p>\n<p>Les &eacute;changeurs ThermoKey sont compos&eacute;s de noyaux &agrave; ailettes, de refroidisseurs unitaires, de refroidisseurs de liquide et de condensateurs &agrave; distance, dot&eacute;s &agrave; la fois d&rsquo;un tube rond et d&rsquo;une technologie &agrave; micro-canaux en aluminium.<\/p>\n<p>L&rsquo;entreprise fournit des OEM et des installateurs de la r&eacute;gion la plus importante du secteur, le Nord-Est italien, o&ugrave; elle a d&eacute;velopp&eacute; un savoir-faire distinctif&nbsp;: la capacit&eacute; &agrave; identifier et fournir rapidement la meilleure solution pour r&eacute;pondre aux besoins du client.<\/p>\n<p>Tous les produits sont enti&egrave;rement con&ccedil;us, d&eacute;velopp&eacute;s et fabriqu&eacute;s au sein de l&rsquo;entreprise, avec la coop&eacute;ration des institutions de certification internationales.<\/p>\n<p>En plus de la large gamme d&rsquo;&eacute;changeurs pr&eacute;sents dans notre catalogue, il existe des &eacute;changeurs sp&eacute;ciaux, con&ccedil;us en fonction des besoins sp&eacute;cifiques du client.[\/vc_column_text][\/vc_column][\/vc_row][vc_row][vc_column][vc_custom_heading text=&nbsp;&raquo;UN EMPLACEMENT STRAT&Eacute;GIQUE&nbsp;&raquo; font_container=&nbsp;&raquo;tag:div|font_size:2em|text_align:left|color:%2300497c|line_height:100%25&Prime; use_theme_fonts=&nbsp;&raquo;yes&nbsp;&raquo; css=&nbsp;&raquo;.vc_custom_1530631934825{padding-top: 30px !important;padding-bottom: 10px !important;}&nbsp;&raquo;][vc_single_image image=&nbsp;&raquo;1841&Prime; img_size=&nbsp;&raquo;full&nbsp;&raquo; alignment=&nbsp;&raquo;center&nbsp;&raquo; css=&nbsp;&raquo;.vc_custom_1513702242448{border-top-width: 1px !important;border-right-width: 1px !important;border-right-color: #e3e4e4 !important;border-right-style: solid !important;border-top-color: #e3e4e4 !important;border-top-style: solid !important;}&nbsp;&raquo;][\/vc_column][\/vc_row][vc_row css=&nbsp;&raquo;.vc_custom_1533552391774{padding-top: 30px !important;}&nbsp;&raquo; el_id=&nbsp;&raquo;durabilite-et-savoir-faire&nbsp;&raquo;][vc_column width=&nbsp;&raquo;3\/12&Prime;][vc_custom_heading text=&nbsp;&raquo;SAVOIR-FAIRE&nbsp;&raquo; font_container=&nbsp;&raquo;tag:div|font_size:2em|text_align:left|color:%2300497c|line_height:100%25&Prime; use_theme_fonts=&nbsp;&raquo;yes&nbsp;&raquo; el_class=&nbsp;&raquo;tk-titles-blue-underline&nbsp;&raquo;][vc_column_text]Gr&acirc;ce &agrave; un processus de production et d&rsquo;informatique extr&ecirc;mement flexible et &agrave; une &eacute;quipe d&rsquo;ing&eacute;nieurs et de vendeurs centr&eacute;e sur les besoins sp&eacute;cifiques de chacun de nos clients, ThermoKey propose des produits performants, con&ccedil;us et livr&eacute;s dans les plus brefs d&eacute;lais.<\/p>\n<p>L&rsquo;entreprise est en mesure de fournir des solutions pour la climatisation industrielle, la r&eacute;frig&eacute;ration et le refroidissement industriel.[\/vc_column_text][\/vc_column][vc_column width=&nbsp;&raquo;1\/12&Prime;][\/vc_column][vc_column width=&nbsp;&raquo;8\/12&Prime;][vc_custom_heading text=&nbsp;&raquo;POURQUOI THERMOKEY&nbsp;&raquo; font_container=&nbsp;&raquo;tag:div|font_size:2em|text_align:left|color:%2300497c|line_height:100%25&Prime; use_theme_fonts=&nbsp;&raquo;yes&nbsp;&raquo; el_class=&nbsp;&raquo;tk-titles-blue-underline&nbsp;&raquo;][vc_column_text el_class=&nbsp;&raquo;why-thermokey-list&nbsp;&raquo;]POURQUOI THERMOKEY<\/p>\n<p>ThermoKey est un leader technologique r&eacute;pondant aux d&eacute;fis de notre temps&nbsp;:<\/p>\n<p>HAUSSE MOYENNE DES TEMP&Eacute;RATURES CLIMATIQUES DE LA PLAN&Egrave;TE EN RAISON DES R&Eacute;FRIG&Eacute;RANTS &Agrave; HAUT GWP (POTENTIEL DE R&Eacute;CHAUFFEMENT CLIMATIQUE)&nbsp;:<\/p>\n<p>Thermokey est le premier fabricant europ&eacute;en d&rsquo;&eacute;changeurs de chaleur et d&rsquo;unit&eacute;s de ventilation utilisant des &eacute;changeurs de chaleur &agrave; micro-canaux en aluminium.&nbsp; La technologie &agrave; micro-canaux permet une r&eacute;duction du fluide r&eacute;frig&eacute;rant jusqu&rsquo;&agrave; 65&nbsp;% et est compatible avec les r&eacute;frig&eacute;rants exempts de GWP, tels que l&rsquo;ammoniaque et le propane.<\/p>\n<p>MANQUE D&rsquo;EAU&nbsp;:<\/p>\n<p>Thermokey propose des solutions de refroidissement en circuit ferm&eacute; comme alternative aux tours de refroidissement par &eacute;vaporation.<\/p>\n<p>ACCROISSEMENT D&Eacute;MOGRAPHIQUE&nbsp;:<\/p>\n<p>Thermokey est fier de contribuer, avec ses produits de r&eacute;frig&eacute;ration, &agrave; une production et un stockage appropri&eacute;s d&rsquo;aliments de haute qualit&eacute; et de biens pharmaceutiques.<\/p>\n<p>AM&Eacute;LIORATION DE LA QUALIT&Eacute; DE VIE&nbsp;:<\/p>\n<p>ThermoKey, gr&acirc;ce &agrave; ses produits h-vac, contribue &agrave; la mise en place d&rsquo;environnements climatis&eacute;s.<\/p>\n<p>CONSOMMATION D&rsquo;&Eacute;NERGIE DES CENTRES DE DONN&Eacute;ES EN EXPANSION&nbsp;:<\/p>\n<p>ThermoKey propose des solutions de dissipation de chaleur par refroidissement libre pour atteindre une r&eacute;duction substantielle des co&ucirc;ts d&rsquo;&eacute;nergie de refroidissement.[\/vc_column_text][\/vc_column][\/vc_row][vc_row][vc_column css=&nbsp;&raquo;.vc_custom_1515754268725{padding-top: 60px !important;}&nbsp;&raquo;][vc_custom_heading text=&nbsp;&raquo;QUALITY CERTIFICATES&nbsp;&raquo; font_container=&nbsp;&raquo;tag:div|font_size:2em|text_align:left|color:%2300497c|line_height:100%25&Prime; use_theme_fonts=&nbsp;&raquo;yes&nbsp;&raquo; el_class=&nbsp;&raquo;tk-titles-blue-underline&nbsp;&raquo;][vc_column_text]<\/p>\n<ul>\n<li>Depuis 2002 <a href=\"https:\/\/www.thermokey.com\/wp-content\/uploads\/2021\/04\/ISO-9001_7-04-21.pdf\" target=\"_blank\" rel=\"noopener noreferrer\"><strong>Syst&egrave;me de gestion de la qualit&eacute; UNI EN ISO 9001 : 2015<\/strong><\/a><\/li>\n<li>Depuis 2005 <a href=\"https:\/\/www.thermokey.com\/wp-content\/uploads\/2026\/01\/ISO-14001-13-01-2026.pdf\" target=\"_blank\" rel=\"noopener noreferrer\"><strong>Syst&egrave;me de gestion environnementale UNI EN ISO 14001 : 2015<\/strong><\/a><\/li>\n<li>Depuis 2009 <a href=\"\/dev\/wp-content\/uploads\/2018\/01\/T%C3%9CV_Certificate_against_Legionella_for_ThermoKey_Air_Fresh_System.pdf\" target=\"_blank\" rel=\"noopener noreferrer\"><strong>Certificat T&Uuml;V contre L&eacute;gionelle pour le ThermoKey Air Fresh System<\/strong><\/a><\/li>\n<li>Depuis 2015 <a href=\"\/dev\/wp-content\/uploads\/2018\/01\/EAC_Declaration_and_Certificate.pdf\" target=\"_blank\" rel=\"noopener noreferrer\"><strong>D&eacute;claration et certificat d&rsquo;EAC<\/strong><\/a><\/li>\n<li>Depuis 2016 <a href=\"\/dev\/wp-content\/uploads\/2018\/01\/Wet_Fin_System_Hygiene_Certificate.pdf\" target=\"_blank\" rel=\"noopener noreferrer\"><strong>Certificat d&rsquo;hygi&egrave;ne du syst&egrave;me &agrave; pulv&eacute;risation WFS<\/strong><\/a><\/li>\n<li>Depuis 2018 <strong>Certificat d&rsquo;hygi&egrave;ne des syst&egrave;mes avec panneaux m&eacute;dias de pr&eacute;-refroidissement EPS<\/strong><\/li>\n<li>Depuis 2019&nbsp;<a href=\"https:\/\/www.thermokey.com\/wp-content\/uploads\/2022\/05\/TIS-PED-MI-19-03-278340-14189-Rev.-3.pdf\"><b>Ped Cat2<\/b><\/a><\/li>\n<li>Depuis 2021 <a href=\"https:\/\/www.thermokey.com\/wp-content\/uploads\/2026\/02\/ISO-45001-31-01-2026.pdf\"><strong>Syst&egrave;me de gestion de la sant&eacute; et de la s&eacute;curit&eacute; au travail<\/strong> <strong>UNI ISO 45001:2018<\/strong><\/a><\/li>\n<\/ul>\n<p>[\/vc_column_text][\/vc_column][\/vc_row]<\/p>\n<\/body><\/html>\n<\/section>","protected":false},"excerpt":{"rendered":"<p>[vc_row][vc_column][vc_video link=&nbsp;&raquo;https:\/\/www.youtube.com\/watch?v=DQSHA6ljstQ&amp;t=19s&nbsp;&raquo;][\/vc_column][\/vc_row][vc_row css=&nbsp;&raquo;.vc_custom_1513780068584{padding-top: 30px !important;}&nbsp;&raquo;][vc_column width=&nbsp;&raquo;1\/3&Prime; css=&nbsp;&raquo;.vc_custom_1516182729661{padding-bottom: 25px !important;}&nbsp;&raquo;][vc_column_text el_class=&nbsp;&raquo;tk-quote-lines&nbsp;&raquo;]La complexit&eacute; du march&eacute; est r&eacute;solue avec intelligence, avec la capacit&eacute; d&rsquo;identifier la solution la plus efficace dans le temps &agrave; votre disposition. Notre force est de travailler avec des gens intelligents ; notre valeur est de permettre &agrave; chaque personne d&rsquo;exprimer au mieux son talent [&hellip;]<\/p>\n","protected":false},"author":1,"featured_media":0,"parent":0,"menu_order":0,"comment_status":"closed","ping_status":"closed","template":"","meta":{"_acf_changed":false,"inline_featured_image":false,"footnotes":""},"class_list":["post-4005","page","type-page","status-publish","hentry"],"acf":[],"yoast_head":"<!-- This site is optimized with the Yoast SEO plugin v27.1.1 - https:\/\/yoast.com\/product\/yoast-seo-wordpress\/ -->\n<title>Thermokey \u2013 Solutions d&#039;\u00e9change de chaleur depuis 1991 - Thermokey<\/title>\n<meta name=\"description\" content=\"La complexit\u00e9 du march\u00e9 est r\u00e9solue avec intelligence, avec la capacit\u00e9 d&#039;identifier la solution la plus efficace dans le temps \u00e0 votre disposition. Notre\" \/>\n<meta name=\"robots\" content=\"index, follow, max-snippet:-1, max-image-preview:large, max-video-preview:-1\" \/>\n<link rel=\"canonical\" href=\"https:\/\/www.thermokey.com\/fr\/thermokey-solutions-dechange-de-chaleur-depuis-1991\/\" \/>\n<meta property=\"og:locale\" content=\"fr_FR\" \/>\n<meta property=\"og:type\" content=\"article\" \/>\n<meta property=\"og:title\" content=\"Thermokey \u2013 Solutions d&#039;\u00e9change de chaleur depuis 1991 - Thermokey\" \/>\n<meta property=\"og:description\" content=\"La complexit\u00e9 du march\u00e9 est r\u00e9solue avec intelligence, avec la capacit\u00e9 d&#039;identifier la solution la plus efficace dans le temps \u00e0 votre disposition. Notre\" \/>\n<meta property=\"og:url\" content=\"https:\/\/www.thermokey.com\/fr\/thermokey-solutions-dechange-de-chaleur-depuis-1991\/\" \/>\n<meta property=\"og:site_name\" content=\"Thermokey\" \/>\n<meta property=\"article:modified_time\" content=\"2025-03-20T13:42:13+00:00\" \/>\n<meta name=\"twitter:card\" content=\"summary_large_image\" \/>\n<meta name=\"twitter:label1\" content=\"Dur\u00e9e de lecture estim\u00e9e\" \/>\n\t<meta name=\"twitter:data1\" content=\"3 minutes\" \/>\n<script type=\"application\/ld+json\" class=\"yoast-schema-graph\">{\"@context\":\"https:\/\/schema.org\",\"@graph\":[{\"@type\":\"WebPage\",\"@id\":\"https:\/\/www.thermokey.com\/fr\/thermokey-solutions-dechange-de-chaleur-depuis-1991\/\",\"url\":\"https:\/\/www.thermokey.com\/fr\/thermokey-solutions-dechange-de-chaleur-depuis-1991\/\",\"name\":\"Thermokey \u2013 Solutions d'\u00e9change de chaleur depuis 1991 - Thermokey\",\"isPartOf\":{\"@id\":\"https:\/\/www.thermokey.com\/fr\/#website\"},\"datePublished\":\"2017-11-08T15:57:38+00:00\",\"dateModified\":\"2025-03-20T13:42:13+00:00\",\"description\":\"La complexit\u00e9 du march\u00e9 est r\u00e9solue avec intelligence, avec la capacit\u00e9 d'identifier la solution la plus efficace dans le temps \u00e0 votre disposition. Notre\",\"breadcrumb\":{\"@id\":\"https:\/\/www.thermokey.com\/fr\/thermokey-solutions-dechange-de-chaleur-depuis-1991\/#breadcrumb\"},\"inLanguage\":\"fr-FR\",\"potentialAction\":[{\"@type\":\"ReadAction\",\"target\":[\"https:\/\/www.thermokey.com\/fr\/thermokey-solutions-dechange-de-chaleur-depuis-1991\/\"]}]},{\"@type\":\"BreadcrumbList\",\"@id\":\"https:\/\/www.thermokey.com\/fr\/thermokey-solutions-dechange-de-chaleur-depuis-1991\/#breadcrumb\",\"itemListElement\":[{\"@type\":\"ListItem\",\"position\":1,\"name\":\"Home\",\"item\":\"https:\/\/www.thermokey.com\/fr\/\"},{\"@type\":\"ListItem\",\"position\":2,\"name\":\"Thermokey \u2013 Solutions d&#8217;\u00e9change de chaleur depuis 1991\"}]},{\"@type\":\"WebSite\",\"@id\":\"https:\/\/www.thermokey.com\/fr\/#website\",\"url\":\"https:\/\/www.thermokey.com\/fr\/\",\"name\":\"Thermokey\",\"description\":\"Heat Exchange Solutions\",\"potentialAction\":[{\"@type\":\"SearchAction\",\"target\":{\"@type\":\"EntryPoint\",\"urlTemplate\":\"https:\/\/www.thermokey.com\/fr\/?s={search_term_string}\"},\"query-input\":{\"@type\":\"PropertyValueSpecification\",\"valueRequired\":true,\"valueName\":\"search_term_string\"}}],\"inLanguage\":\"fr-FR\"}]}<\/script>\n<!-- \/ Yoast SEO plugin. -->","yoast_head_json":{"title":"Thermokey \u2013 Solutions d'\u00e9change de chaleur depuis 1991 - Thermokey","description":"La complexit\u00e9 du march\u00e9 est r\u00e9solue avec intelligence, avec la capacit\u00e9 d'identifier la solution la plus efficace dans le temps \u00e0 votre disposition. Notre","robots":{"index":"index","follow":"follow","max-snippet":"max-snippet:-1","max-image-preview":"max-image-preview:large","max-video-preview":"max-video-preview:-1"},"canonical":"https:\/\/www.thermokey.com\/fr\/thermokey-solutions-dechange-de-chaleur-depuis-1991\/","og_locale":"fr_FR","og_type":"article","og_title":"Thermokey \u2013 Solutions d'\u00e9change de chaleur depuis 1991 - Thermokey","og_description":"La complexit\u00e9 du march\u00e9 est r\u00e9solue avec intelligence, avec la capacit\u00e9 d'identifier la solution la plus efficace dans le temps \u00e0 votre disposition. Notre","og_url":"https:\/\/www.thermokey.com\/fr\/thermokey-solutions-dechange-de-chaleur-depuis-1991\/","og_site_name":"Thermokey","article_modified_time":"2025-03-20T13:42:13+00:00","twitter_card":"summary_large_image","twitter_misc":{"Dur\u00e9e de lecture estim\u00e9e":"3 minutes"},"schema":{"@context":"https:\/\/schema.org","@graph":[{"@type":"WebPage","@id":"https:\/\/www.thermokey.com\/fr\/thermokey-solutions-dechange-de-chaleur-depuis-1991\/","url":"https:\/\/www.thermokey.com\/fr\/thermokey-solutions-dechange-de-chaleur-depuis-1991\/","name":"Thermokey \u2013 Solutions d'\u00e9change de chaleur depuis 1991 - Thermokey","isPartOf":{"@id":"https:\/\/www.thermokey.com\/fr\/#website"},"datePublished":"2017-11-08T15:57:38+00:00","dateModified":"2025-03-20T13:42:13+00:00","description":"La complexit\u00e9 du march\u00e9 est r\u00e9solue avec intelligence, avec la capacit\u00e9 d'identifier la solution la plus efficace dans le temps \u00e0 votre disposition. Notre","breadcrumb":{"@id":"https:\/\/www.thermokey.com\/fr\/thermokey-solutions-dechange-de-chaleur-depuis-1991\/#breadcrumb"},"inLanguage":"fr-FR","potentialAction":[{"@type":"ReadAction","target":["https:\/\/www.thermokey.com\/fr\/thermokey-solutions-dechange-de-chaleur-depuis-1991\/"]}]},{"@type":"BreadcrumbList","@id":"https:\/\/www.thermokey.com\/fr\/thermokey-solutions-dechange-de-chaleur-depuis-1991\/#breadcrumb","itemListElement":[{"@type":"ListItem","position":1,"name":"Home","item":"https:\/\/www.thermokey.com\/fr\/"},{"@type":"ListItem","position":2,"name":"Thermokey \u2013 Solutions d&#8217;\u00e9change de chaleur depuis 1991"}]},{"@type":"WebSite","@id":"https:\/\/www.thermokey.com\/fr\/#website","url":"https:\/\/www.thermokey.com\/fr\/","name":"Thermokey","description":"Heat Exchange Solutions","potentialAction":[{"@type":"SearchAction","target":{"@type":"EntryPoint","urlTemplate":"https:\/\/www.thermokey.com\/fr\/?s={search_term_string}"},"query-input":{"@type":"PropertyValueSpecification","valueRequired":true,"valueName":"search_term_string"}}],"inLanguage":"fr-FR"}]}},"_links":{"self":[{"href":"https:\/\/www.thermokey.com\/fr\/wp-json\/wp\/v2\/pages\/4005","targetHints":{"allow":["GET"]}}],"collection":[{"href":"https:\/\/www.thermokey.com\/fr\/wp-json\/wp\/v2\/pages"}],"about":[{"href":"https:\/\/www.thermokey.com\/fr\/wp-json\/wp\/v2\/types\/page"}],"author":[{"embeddable":true,"href":"https:\/\/www.thermokey.com\/fr\/wp-json\/wp\/v2\/users\/1"}],"replies":[{"embeddable":true,"href":"https:\/\/www.thermokey.com\/fr\/wp-json\/wp\/v2\/comments?post=4005"}],"version-history":[{"count":20,"href":"https:\/\/www.thermokey.com\/fr\/wp-json\/wp\/v2\/pages\/4005\/revisions"}],"predecessor-version":[{"id":54288,"href":"https:\/\/www.thermokey.com\/fr\/wp-json\/wp\/v2\/pages\/4005\/revisions\/54288"}],"wp:attachment":[{"href":"https:\/\/www.thermokey.com\/fr\/wp-json\/wp\/v2\/media?parent=4005"}],"curies":[{"name":"wp","href":"https:\/\/api.w.org\/{rel}","templated":true}]}}