{"id":3978,"date":"2017-12-11T12:20:34","date_gmt":"2017-12-11T11:20:34","guid":{"rendered":"http:\/\/dev.thermokey.it\/certifications\/"},"modified":"2026-04-30T12:38:12","modified_gmt":"2026-04-30T10:38:12","slug":"certifications","status":"publish","type":"page","link":"https:\/\/www.thermokey.com\/fr\/telecharger\/certifications\/","title":{"rendered":"Certifications"},"content":{"rendered":"<section class=\"wpb-content-wrapper\"><!DOCTYPE html PUBLIC \"-\/\/W3C\/\/DTD HTML 4.0 Transitional\/\/EN\" \"http:\/\/www.w3.org\/TR\/REC-html40\/loose.dtd\">\n<html><body><p>[vc_row][vc_column width=&nbsp;&raquo;1\/2&Prime;][vc_column_text el_class=&nbsp;&raquo;tk-links-list&nbsp;&raquo;]<\/p>\n<ul>\n<li><a href=\"https:\/\/www.thermokey.com\/wp-content\/uploads\/2023\/04\/ThermoKey-ISO-9001.-09-10-2023-1.pdf\" target=\"_blank\" rel=\"noopener noreferrer\"><strong>Syst&egrave;me de gestion de la qualit&eacute; UNI EN ISO 9001 : 2015<\/strong><\/a><\/li>\n<li><a href=\"https:\/\/www.thermokey.com\/wp-content\/uploads\/2026\/01\/ISO-14001-13-01-2026.pdf\" target=\"_blank\" rel=\"noopener noreferrer\"><strong>Syst&egrave;me de gestion de l&rsquo;environnement uni en iso 14001 : 2015<\/strong><\/a><\/li>\n<li><a href=\"\/dev\/wp-content\/uploads\/2018\/01\/T%C3%9CV_Certificate_on_Turbo-Line_Condenser.pdf\" target=\"_blank\" rel=\"noopener noreferrer\"><strong>Certificat t&uuml;v sur condensateur turbo-line<\/strong><\/a><\/li>\n<li><a href=\"\/dev\/wp-content\/uploads\/2018\/01\/T%C3%9CV_Certificate_against_Legionella_for_ThermoKey_Air_Fresh_System.pdf\" target=\"_blank\" rel=\"noopener noreferrer\"><strong>Certificat t&uuml;v contre l&eacute;gionelle pour syst&egrave;me frais &agrave; air thermokey<\/strong><\/a><\/li>\n<li><a href=\"https:\/\/www.thermokey.com\/wp-content\/uploads\/2023\/05\/Certificato-UL_ThermoKey-2023.pdf\">Certification UL pour les &eacute;changeurs de chaleur &agrave; microcanaux<\/a><\/li>\n<\/ul>\n<p>[\/vc_column_text][\/vc_column][vc_column width=&nbsp;&raquo;1\/2&Prime;][vc_column_text el_class=&nbsp;&raquo;tk-links-list&nbsp;&raquo;]<\/p>\n<ul>\n<li><a href=\"https:\/\/www.thermokey.com\/wp-content\/uploads\/2026\/04\/PED-0948-PA2-14189-19-Rev.5-1.pdf\" target=\"_blank\" rel=\"noopener\">Certificat Cat.2 DESP<\/a><\/li>\n<li><a href=\"https:\/\/www.thermokey.com\/wp-content\/uploads\/2026\/02\/ISO-45001-31-01-2026.pdf\" target=\"_blank\" rel=\"noopener noreferrer\"><strong>Syst&egrave;me de gestion de la sant&eacute; et de la s&eacute;curit&eacute; au travail bs ohsas UNI ISO 45001:2018<\/strong><\/a><\/li>\n<li><a href=\"https:\/\/www.thermokey.com\/wp-content\/uploads\/2021\/11\/Wet-Fin-System_ThermoKey_11.2021_21.530.pdf\" target=\"_blank\" rel=\"noopener noreferrer\"><strong>Certificat d&rsquo;hygi&egrave;ne du syst&egrave;me &agrave; pulv&eacute;risation wfs<\/strong><\/a><\/li>\n<li><a href=\"https:\/\/www.thermokey.com\/wp-content\/uploads\/2022\/02\/Politica-QAS-rev_13-ENG.pdf\" target=\"_blank\" rel=\"noopener noreferrer\"><strong>Environment, health and safety policy<\/strong><\/a><\/li>\n<li><a href=\"\/dev\/wp-content\/uploads\/2023\/04\/23.130_ThermoKey-SpA_Hygiene-certifcate_EPS.pdf\" target=\"_blank\" rel=\"noopener noreferrer\"><strong>Certificat d&rsquo;hygi&egrave;ne du syst&egrave;me &agrave; pulv&eacute;risation eps<\/strong><\/a><\/li>\n<\/ul>\n<p>[\/vc_column_text][\/vc_column][\/vc_row]<\/p>\n<\/body><\/html>\n<\/section>","protected":false},"excerpt":{"rendered":"<p>[vc_row][vc_column width=&nbsp;&raquo;1\/2&Prime;][vc_column_text el_class=&nbsp;&raquo;tk-links-list&nbsp;&raquo;] Syst&egrave;me de gestion de la qualit&eacute; UNI EN ISO 9001 : 2015 Syst&egrave;me de gestion de l&rsquo;environnement uni en iso 14001 : 2015 Certificat t&uuml;v sur condensateur turbo-line Certificat t&uuml;v contre l&eacute;gionelle pour syst&egrave;me frais &agrave; air thermokey Certification UL pour les &eacute;changeurs de chaleur &agrave; microcanaux [\/vc_column_text][\/vc_column][vc_column width=&nbsp;&raquo;1\/2&Prime;][vc_column_text el_class=&nbsp;&raquo;tk-links-list&nbsp;&raquo;] Certificat Cat.2 [&hellip;]<\/p>\n","protected":false},"author":1,"featured_media":0,"parent":4850,"menu_order":3,"comment_status":"closed","ping_status":"closed","template":"","meta":{"_acf_changed":false,"inline_featured_image":false,"footnotes":""},"class_list":["post-3978","page","type-page","status-publish","hentry"],"acf":[],"yoast_head":"<!-- This site is optimized with the Yoast SEO plugin v27.1.1 - https:\/\/yoast.com\/product\/yoast-seo-wordpress\/ -->\n<title>Certifications - Thermokey<\/title>\n<meta name=\"description\" content=\"Syst\u00e8me de gestion de la qualit\u00e9 UNI EN ISO 9001 : 2015 Syst\u00e8me de gestion de l&#039;environnement uni en iso 14001 : 2015 Certificat t\u00fcv sur condensateur\" \/>\n<meta name=\"robots\" content=\"index, follow, max-snippet:-1, max-image-preview:large, max-video-preview:-1\" \/>\n<link rel=\"canonical\" href=\"https:\/\/www.thermokey.com\/fr\/telecharger\/certifications\/\" \/>\n<meta property=\"og:locale\" content=\"fr_FR\" \/>\n<meta property=\"og:type\" content=\"article\" \/>\n<meta property=\"og:title\" content=\"Certifications - Thermokey\" \/>\n<meta property=\"og:description\" content=\"Syst\u00e8me de gestion de la qualit\u00e9 UNI EN ISO 9001 : 2015 Syst\u00e8me de gestion de l&#039;environnement uni en iso 14001 : 2015 Certificat t\u00fcv sur condensateur\" \/>\n<meta property=\"og:url\" content=\"https:\/\/www.thermokey.com\/fr\/telecharger\/certifications\/\" \/>\n<meta property=\"og:site_name\" content=\"Thermokey\" \/>\n<meta property=\"article:modified_time\" content=\"2026-04-30T10:38:12+00:00\" \/>\n<meta name=\"twitter:card\" content=\"summary_large_image\" \/>\n<meta name=\"twitter:label1\" content=\"Dur\u00e9e de lecture estim\u00e9e\" \/>\n\t<meta name=\"twitter:data1\" content=\"1 minute\" \/>\n<script type=\"application\/ld+json\" class=\"yoast-schema-graph\">{\"@context\":\"https:\/\/schema.org\",\"@graph\":[{\"@type\":\"WebPage\",\"@id\":\"https:\/\/www.thermokey.com\/fr\/telecharger\/certifications\/\",\"url\":\"https:\/\/www.thermokey.com\/fr\/telecharger\/certifications\/\",\"name\":\"Certifications - Thermokey\",\"isPartOf\":{\"@id\":\"https:\/\/www.thermokey.com\/fr\/#website\"},\"datePublished\":\"2017-12-11T11:20:34+00:00\",\"dateModified\":\"2026-04-30T10:38:12+00:00\",\"description\":\"Syst\u00e8me de gestion de la qualit\u00e9 UNI EN ISO 9001 : 2015 Syst\u00e8me de gestion de l'environnement uni en iso 14001 : 2015 Certificat t\u00fcv sur condensateur\",\"breadcrumb\":{\"@id\":\"https:\/\/www.thermokey.com\/fr\/telecharger\/certifications\/#breadcrumb\"},\"inLanguage\":\"fr-FR\",\"potentialAction\":[{\"@type\":\"ReadAction\",\"target\":[\"https:\/\/www.thermokey.com\/fr\/telecharger\/certifications\/\"]}]},{\"@type\":\"BreadcrumbList\",\"@id\":\"https:\/\/www.thermokey.com\/fr\/telecharger\/certifications\/#breadcrumb\",\"itemListElement\":[{\"@type\":\"ListItem\",\"position\":1,\"name\":\"Home\",\"item\":\"https:\/\/www.thermokey.com\/fr\/\"},{\"@type\":\"ListItem\",\"position\":2,\"name\":\"T\u00e9l\u00e9charger\",\"item\":\"https:\/\/www.thermokey.com\/fr\/telecharger\/\"},{\"@type\":\"ListItem\",\"position\":3,\"name\":\"Certifications\"}]},{\"@type\":\"WebSite\",\"@id\":\"https:\/\/www.thermokey.com\/fr\/#website\",\"url\":\"https:\/\/www.thermokey.com\/fr\/\",\"name\":\"Thermokey\",\"description\":\"Heat Exchange Solutions\",\"potentialAction\":[{\"@type\":\"SearchAction\",\"target\":{\"@type\":\"EntryPoint\",\"urlTemplate\":\"https:\/\/www.thermokey.com\/fr\/?s={search_term_string}\"},\"query-input\":{\"@type\":\"PropertyValueSpecification\",\"valueRequired\":true,\"valueName\":\"search_term_string\"}}],\"inLanguage\":\"fr-FR\"}]}<\/script>\n<!-- \/ Yoast SEO plugin. -->","yoast_head_json":{"title":"Certifications - Thermokey","description":"Syst\u00e8me de gestion de la qualit\u00e9 UNI EN ISO 9001 : 2015 Syst\u00e8me de gestion de l'environnement uni en iso 14001 : 2015 Certificat t\u00fcv sur condensateur","robots":{"index":"index","follow":"follow","max-snippet":"max-snippet:-1","max-image-preview":"max-image-preview:large","max-video-preview":"max-video-preview:-1"},"canonical":"https:\/\/www.thermokey.com\/fr\/telecharger\/certifications\/","og_locale":"fr_FR","og_type":"article","og_title":"Certifications - Thermokey","og_description":"Syst\u00e8me de gestion de la qualit\u00e9 UNI EN ISO 9001 : 2015 Syst\u00e8me de gestion de l'environnement uni en iso 14001 : 2015 Certificat t\u00fcv sur condensateur","og_url":"https:\/\/www.thermokey.com\/fr\/telecharger\/certifications\/","og_site_name":"Thermokey","article_modified_time":"2026-04-30T10:38:12+00:00","twitter_card":"summary_large_image","twitter_misc":{"Dur\u00e9e de lecture estim\u00e9e":"1 minute"},"schema":{"@context":"https:\/\/schema.org","@graph":[{"@type":"WebPage","@id":"https:\/\/www.thermokey.com\/fr\/telecharger\/certifications\/","url":"https:\/\/www.thermokey.com\/fr\/telecharger\/certifications\/","name":"Certifications - Thermokey","isPartOf":{"@id":"https:\/\/www.thermokey.com\/fr\/#website"},"datePublished":"2017-12-11T11:20:34+00:00","dateModified":"2026-04-30T10:38:12+00:00","description":"Syst\u00e8me de gestion de la qualit\u00e9 UNI EN ISO 9001 : 2015 Syst\u00e8me de gestion de l'environnement uni en iso 14001 : 2015 Certificat t\u00fcv sur condensateur","breadcrumb":{"@id":"https:\/\/www.thermokey.com\/fr\/telecharger\/certifications\/#breadcrumb"},"inLanguage":"fr-FR","potentialAction":[{"@type":"ReadAction","target":["https:\/\/www.thermokey.com\/fr\/telecharger\/certifications\/"]}]},{"@type":"BreadcrumbList","@id":"https:\/\/www.thermokey.com\/fr\/telecharger\/certifications\/#breadcrumb","itemListElement":[{"@type":"ListItem","position":1,"name":"Home","item":"https:\/\/www.thermokey.com\/fr\/"},{"@type":"ListItem","position":2,"name":"T\u00e9l\u00e9charger","item":"https:\/\/www.thermokey.com\/fr\/telecharger\/"},{"@type":"ListItem","position":3,"name":"Certifications"}]},{"@type":"WebSite","@id":"https:\/\/www.thermokey.com\/fr\/#website","url":"https:\/\/www.thermokey.com\/fr\/","name":"Thermokey","description":"Heat Exchange Solutions","potentialAction":[{"@type":"SearchAction","target":{"@type":"EntryPoint","urlTemplate":"https:\/\/www.thermokey.com\/fr\/?s={search_term_string}"},"query-input":{"@type":"PropertyValueSpecification","valueRequired":true,"valueName":"search_term_string"}}],"inLanguage":"fr-FR"}]}},"_links":{"self":[{"href":"https:\/\/www.thermokey.com\/fr\/wp-json\/wp\/v2\/pages\/3978","targetHints":{"allow":["GET"]}}],"collection":[{"href":"https:\/\/www.thermokey.com\/fr\/wp-json\/wp\/v2\/pages"}],"about":[{"href":"https:\/\/www.thermokey.com\/fr\/wp-json\/wp\/v2\/types\/page"}],"author":[{"embeddable":true,"href":"https:\/\/www.thermokey.com\/fr\/wp-json\/wp\/v2\/users\/1"}],"replies":[{"embeddable":true,"href":"https:\/\/www.thermokey.com\/fr\/wp-json\/wp\/v2\/comments?post=3978"}],"version-history":[{"count":37,"href":"https:\/\/www.thermokey.com\/fr\/wp-json\/wp\/v2\/pages\/3978\/revisions"}],"predecessor-version":[{"id":66796,"href":"https:\/\/www.thermokey.com\/fr\/wp-json\/wp\/v2\/pages\/3978\/revisions\/66796"}],"up":[{"embeddable":true,"href":"https:\/\/www.thermokey.com\/fr\/wp-json\/wp\/v2\/pages\/4850"}],"wp:attachment":[{"href":"https:\/\/www.thermokey.com\/fr\/wp-json\/wp\/v2\/media?parent=3978"}],"curies":[{"name":"wp","href":"https:\/\/api.w.org\/{rel}","templated":true}]}}