{"id":30634,"date":"2021-12-20T09:40:21","date_gmt":"2021-12-20T08:40:21","guid":{"rendered":"https:\/\/www.thermokey.com\/richiedere-una-quotazione\/"},"modified":"2022-02-01T11:23:59","modified_gmt":"2022-02-01T10:23:59","slug":"richiedere-una-quotazione","status":"publish","type":"page","link":"https:\/\/www.thermokey.com\/fr\/richiedere-una-quotazione\/","title":{"rendered":"Richiedere una quotazione"},"content":{"rendered":"<section class=\"wpb-content-wrapper\"><!DOCTYPE html PUBLIC \"-\/\/W3C\/\/DTD HTML 4.0 Transitional\/\/EN\" \"http:\/\/www.w3.org\/TR\/REC-html40\/loose.dtd\">\n<html><body><p>[vc_row][vc_column][vc_single_image image=&nbsp;&raquo;29484&Prime; img_size=&nbsp;&raquo;full&nbsp;&raquo;][\/vc_column][\/vc_row][vc_row css=&nbsp;&raquo;.vc_custom_1639986535419{border-top-width: 30px !important;padding-bottom: 25px !important;}&nbsp;&raquo;][vc_column css=&nbsp;&raquo;.vc_custom_1639988963592{margin-top: 35px !important;margin-bottom: 35px !important;}&nbsp;&raquo;][vc_custom_heading text=&nbsp;&raquo;Demandez un devis&nbsp;&raquo; font_container=&nbsp;&raquo;tag:h1|text_align:left|color:%23004987&Prime; css=&nbsp;&raquo;.vc_custom_1643710930061{margin-bottom: 20px !important;}&nbsp;&raquo;][vc_column_text]Notre service commercial et nos techniciens sont &agrave; votre disposition pour vous assister dans la configuration du produit ThermoKey le plus appropri&eacute; &agrave; vos n&eacute;cessit&eacute;s Choisissez le produit et remplissez le formulaire d&eacute;di&eacute;.<\/p>\n<p>Fournissez les informations n&eacute;cessaires selon vos besoins et un de nos collaborateurs vous contactera dans les plus brefs d&eacute;lais afin de vous proposer nos meilleures solutions[\/vc_column_text][\/vc_column][\/vc_row][vc_row css=&nbsp;&raquo;.vc_custom_1639989266755{margin-bottom: 25px !important;}&nbsp;&raquo;][vc_column][vc_separator css=&nbsp;&raquo;.vc_custom_1639989611906{border-top-width: 1px !important;border-top-color: #bababa !important;border-top-style: solid !important;border-radius: 1px !important;}&nbsp;&raquo;][\/vc_column][\/vc_row][vc_row][vc_column width=&nbsp;&raquo;1\/2&Prime;][vc_single_image image=&nbsp;&raquo;29477&Prime; img_size=&nbsp;&raquo;medium&nbsp;&raquo;][\/vc_column][vc_column width=&nbsp;&raquo;1\/2&Prime;][vc_custom_heading text=&nbsp;&raquo;BATTERIES MICROCANAUX&nbsp;&raquo; font_container=&nbsp;&raquo;tag:h3|text_align:left&nbsp;&raquo; css=&nbsp;&raquo;.vc_custom_1643710966250{margin-bottom: 40px !important;}&nbsp;&raquo;][vc_btn title=&nbsp;&raquo;Richiedi quotazione&nbsp;&raquo; style=&nbsp;&raquo;custom&nbsp;&raquo; custom_background=&nbsp;&raquo;#dd1313&Prime; custom_text=&nbsp;&raquo;#ffffff&nbsp;&raquo; link=&nbsp;&raquo;url:https%3A%2F%2Fwww.thermokey.com%2Fit%2Frichiedere-una-quotazione-batterie-microcanale%2F&nbsp;&raquo; css=&nbsp;&raquo;.vc_custom_1642508347015{margin-bottom: 30px !important;}&nbsp;&raquo;][vc_column_text]<em><u><a href=\"https:\/\/www.thermokey.com\/fr\/produits\/batteries\/refroidisseur-de-liquide-a-micro-canaux\/\">Pour en savoir plus sur nos batteries microcanaux&gt;<\/a><\/u><\/em>[\/vc_column_text][\/vc_column][\/vc_row][vc_row css=&nbsp;&raquo;.vc_custom_1639990273542{margin-top: 25px !important;margin-bottom: 25px !important;}&nbsp;&raquo;][vc_column][vc_separator css=&nbsp;&raquo;.vc_custom_1639989611906{border-top-width: 1px !important;border-top-color: #bababa !important;border-top-style: solid !important;border-radius: 1px !important;}&nbsp;&raquo;][\/vc_column][\/vc_row][vc_row][vc_column width=&nbsp;&raquo;1\/2&Prime;][vc_single_image image=&nbsp;&raquo;29492&Prime; img_size=&nbsp;&raquo;medium&nbsp;&raquo;][\/vc_column][vc_column width=&nbsp;&raquo;1\/2&Prime;][vc_custom_heading text=&nbsp;&raquo;BATTERIES A TUBES RONDS&nbsp;&raquo; font_container=&nbsp;&raquo;tag:h3|text_align:left&nbsp;&raquo; css=&nbsp;&raquo;.vc_custom_1643710982381{margin-bottom: 40px !important;}&nbsp;&raquo;][vc_btn title=&nbsp;&raquo;Richiedi quotazione&nbsp;&raquo; style=&nbsp;&raquo;custom&nbsp;&raquo; custom_background=&nbsp;&raquo;#dd1313&Prime; custom_text=&nbsp;&raquo;#ffffff&nbsp;&raquo; link=&nbsp;&raquo;url:https%3A%2F%2Fwww.thermokey.com%2Fit%2Frichiedere-una-quotazione-batterie-tubo-tondo%2F&nbsp;&raquo; css=&nbsp;&raquo;.vc_custom_1642509152369{margin-bottom: 30px !important;}&nbsp;&raquo;][vc_column_text]<a href=\"https:\/\/www.thermokey.com\/fr\/produits\/batteries\/serpentins-a-tube-rond\/\"><em><u>Pour en savoir plus sur nos batteries &agrave; tubes ronds<\/u><\/em><\/a>&gt;[\/vc_column_text][\/vc_column][\/vc_row][vc_row css=&nbsp;&raquo;.vc_custom_1639990273542{margin-top: 25px !important;margin-bottom: 25px !important;}&nbsp;&raquo;][vc_column][vc_separator css=&nbsp;&raquo;.vc_custom_1639989611906{border-top-width: 1px !important;border-top-color: #bababa !important;border-top-style: solid !important;border-radius: 1px !important;}&nbsp;&raquo;][\/vc_column][\/vc_row][vc_row][vc_column width=&nbsp;&raquo;1\/2&Prime;][vc_single_image image=&nbsp;&raquo;29511&Prime; img_size=&nbsp;&raquo;medium&nbsp;&raquo;][\/vc_column][vc_column width=&nbsp;&raquo;1\/2&Prime;][vc_custom_heading text=&nbsp;&raquo;DRY COOLER&nbsp;&raquo; font_container=&nbsp;&raquo;tag:h3|text_align:left&nbsp;&raquo; css=&nbsp;&raquo;.vc_custom_1643710997587{margin-bottom: 40px !important;}&nbsp;&raquo;][vc_btn title=&nbsp;&raquo;Richiedi quotazione&nbsp;&raquo; style=&nbsp;&raquo;custom&nbsp;&raquo; custom_background=&nbsp;&raquo;#dd1313&Prime; custom_text=&nbsp;&raquo;#ffffff&nbsp;&raquo; link=&nbsp;&raquo;url:https%3A%2F%2Fwww.thermokey.com%2Fit%2Frichiedere-una-quotazione-dry-coolers%2F&nbsp;&raquo; css=&nbsp;&raquo;.vc_custom_1642509139248{margin-bottom: 30px !important;}&nbsp;&raquo;][vc_column_text]<a href=\"https:\/\/www.thermokey.com\/fr\/produits\/aerorefrigerant\/super-power-j-dry-coolers\/\"><em><u>Pour en savoir plus sur nos Dry Cooler<\/u><\/em><\/a>&gt;[\/vc_column_text][\/vc_column][\/vc_row][vc_row css=&nbsp;&raquo;.vc_custom_1639990273542{margin-top: 25px !important;margin-bottom: 25px !important;}&nbsp;&raquo;][vc_column][vc_separator css=&nbsp;&raquo;.vc_custom_1639989611906{border-top-width: 1px !important;border-top-color: #bababa !important;border-top-style: solid !important;border-radius: 1px !important;}&nbsp;&raquo;][\/vc_column][\/vc_row][vc_row][vc_column width=&nbsp;&raquo;1\/2&Prime;][vc_single_image image=&nbsp;&raquo;29535&Prime; img_size=&nbsp;&raquo;medium&nbsp;&raquo;][\/vc_column][vc_column width=&nbsp;&raquo;1\/2&Prime;][vc_custom_heading text=&nbsp;&raquo;EVAPORATEURS\/FRIGORIFERES&nbsp;&raquo; font_container=&nbsp;&raquo;tag:h3|text_align:left&nbsp;&raquo; css=&nbsp;&raquo;.vc_custom_1643711012208{margin-bottom: 40px !important;}&nbsp;&raquo;][vc_btn title=&nbsp;&raquo;Richiedi quotazione&nbsp;&raquo; style=&nbsp;&raquo;custom&nbsp;&raquo; custom_background=&nbsp;&raquo;#dd1313&Prime; custom_text=&nbsp;&raquo;#ffffff&nbsp;&raquo; link=&nbsp;&raquo;url:https%3A%2F%2Fwww.thermokey.com%2Fit%2Frichiedere-una-quotazione-aeroevaporatori%2F&nbsp;&raquo; css=&nbsp;&raquo;.vc_custom_1642509204125{margin-bottom: 30px !important;}&nbsp;&raquo;][vc_column_text]<a href=\"https:\/\/www.thermokey.com\/ru\/category\/%d0%bf%d1%80%d0%be%d0%b4%d1%83%d0%ba%d1%82%d1%8b\/%d0%b2%d0%be%d0%b7%d0%b4%d1%83%d1%85%d0%be%d0%be%d1%85%d0%bb%d0%b0%d0%b4%d0%b8%d1%82%d0%b5%d0%bb%d0%b8\/\"><em><u>Pour en savoir plus sur nos &eacute;vaporateurs\/frigorif&egrave;res<\/u><\/em><\/a>&gt;[\/vc_column_text][\/vc_column][\/vc_row][vc_row css=&nbsp;&raquo;.vc_custom_1639990273542{margin-top: 25px !important;margin-bottom: 25px !important;}&nbsp;&raquo;][vc_column][vc_separator css=&nbsp;&raquo;.vc_custom_1639989611906{border-top-width: 1px !important;border-top-color: #bababa !important;border-top-style: solid !important;border-radius: 1px !important;}&nbsp;&raquo;][\/vc_column][\/vc_row][vc_row][vc_column width=&nbsp;&raquo;1\/2&Prime;][vc_single_image image=&nbsp;&raquo;29545&Prime; img_size=&nbsp;&raquo;medium&nbsp;&raquo;][\/vc_column][vc_column width=&nbsp;&raquo;1\/2&Prime;][vc_custom_heading text=&nbsp;&raquo;CONDENSEURS&nbsp;&raquo; font_container=&nbsp;&raquo;tag:h3|text_align:left&nbsp;&raquo; css=&nbsp;&raquo;.vc_custom_1643711027929{margin-bottom: 40px !important;}&nbsp;&raquo;][vc_btn title=&nbsp;&raquo;Richiedi quotazione&nbsp;&raquo; style=&nbsp;&raquo;custom&nbsp;&raquo; custom_background=&nbsp;&raquo;#dd1313&Prime; custom_text=&nbsp;&raquo;#ffffff&nbsp;&raquo; size=&nbsp;&raquo;lg&nbsp;&raquo; link=&nbsp;&raquo;url:https%3A%2F%2Fwww.thermokey.com%2Fit%2Frichiedere-una-quotazione-condensatori-remoti%2F&nbsp;&raquo; css=&nbsp;&raquo;.vc_custom_1639995712220{margin-bottom: 30px !important;}&nbsp;&raquo;][vc_column_text]<a href=\"https:\/\/www.thermokey.com\/ru\/category\/%d0%bf%d1%80%d0%be%d0%b4%d1%83%d0%ba%d1%82%d1%8b\/%d0%b4%d0%b8%d1%81%d1%82%d0%b0%d0%bd%d1%86%d0%b8%d0%be%d0%bd%d0%bd%d1%8b%d0%b5-%d0%ba%d0%be%d0%bd%d0%b4%d0%b5%d0%bd%d1%81%d0%b0%d1%82%d0%be%d1%80%d1%8b\/\"><em><u>Pour en savoir plus sur nos condenseurs<\/u><\/em><\/a>&gt;[\/vc_column_text][\/vc_column][\/vc_row]<\/p>\n<\/body><\/html>\n<\/section>","protected":false},"excerpt":{"rendered":"<p>[vc_row][vc_column][vc_single_image image=&nbsp;&raquo;29484&Prime; img_size=&nbsp;&raquo;full&nbsp;&raquo;][\/vc_column][\/vc_row][vc_row css=&nbsp;&raquo;.vc_custom_1639986535419{border-top-width: 30px !important;padding-bottom: 25px !important;}&nbsp;&raquo;][vc_column css=&nbsp;&raquo;.vc_custom_1639988963592{margin-top: 35px !important;margin-bottom: 35px !important;}&nbsp;&raquo;][vc_custom_heading text=&nbsp;&raquo;Demandez un devis&nbsp;&raquo; font_container=&nbsp;&raquo;tag:h1|text_align:left|color:%23004987&Prime; css=&nbsp;&raquo;.vc_custom_1643710930061{margin-bottom: 20px !important;}&nbsp;&raquo;][vc_column_text]Notre service commercial et nos techniciens sont &agrave; votre disposition pour vous assister dans la configuration du produit ThermoKey le plus appropri&eacute; &agrave; vos n&eacute;cessit&eacute;s Choisissez le produit et remplissez le formulaire d&eacute;di&eacute;. Fournissez les informations [&hellip;]<\/p>\n","protected":false},"author":3,"featured_media":0,"parent":0,"menu_order":0,"comment_status":"closed","ping_status":"closed","template":"","meta":{"_acf_changed":false,"inline_featured_image":false,"footnotes":""},"class_list":["post-30634","page","type-page","status-publish","hentry"],"acf":[],"yoast_head":"<!-- This site is optimized with the Yoast SEO plugin v27.1.1 - https:\/\/yoast.com\/product\/yoast-seo-wordpress\/ -->\n<title>Richiedere una quotazione - Thermokey<\/title>\n<meta name=\"description\" content=\"Notre service commercial et nos techniciens sont \u00e0 votre disposition pour vous assister dans la configuration du produit ThermoKey le plus appropri\u00e9 \u00e0 vos\" \/>\n<meta name=\"robots\" content=\"index, follow, max-snippet:-1, max-image-preview:large, max-video-preview:-1\" \/>\n<link rel=\"canonical\" href=\"https:\/\/www.thermokey.com\/fr\/richiedere-una-quotazione\/\" \/>\n<meta property=\"og:locale\" content=\"fr_FR\" \/>\n<meta property=\"og:type\" content=\"article\" \/>\n<meta property=\"og:title\" content=\"Richiedere una quotazione - Thermokey\" \/>\n<meta property=\"og:description\" content=\"Notre service commercial et nos techniciens sont \u00e0 votre disposition pour vous assister dans la configuration du produit ThermoKey le plus appropri\u00e9 \u00e0 vos\" \/>\n<meta property=\"og:url\" content=\"https:\/\/www.thermokey.com\/fr\/richiedere-una-quotazione\/\" \/>\n<meta property=\"og:site_name\" content=\"Thermokey\" \/>\n<meta property=\"article:modified_time\" content=\"2022-02-01T10:23:59+00:00\" \/>\n<meta name=\"twitter:card\" content=\"summary_large_image\" \/>\n<meta name=\"twitter:label1\" content=\"Dur\u00e9e de lecture estim\u00e9e\" \/>\n\t<meta name=\"twitter:data1\" content=\"2 minutes\" \/>\n<script type=\"application\/ld+json\" class=\"yoast-schema-graph\">{\"@context\":\"https:\/\/schema.org\",\"@graph\":[{\"@type\":\"WebPage\",\"@id\":\"https:\/\/www.thermokey.com\/fr\/richiedere-una-quotazione\/\",\"url\":\"https:\/\/www.thermokey.com\/fr\/richiedere-una-quotazione\/\",\"name\":\"Richiedere una quotazione - Thermokey\",\"isPartOf\":{\"@id\":\"https:\/\/www.thermokey.com\/fr\/#website\"},\"datePublished\":\"2021-12-20T08:40:21+00:00\",\"dateModified\":\"2022-02-01T10:23:59+00:00\",\"description\":\"Notre service commercial et nos techniciens sont \u00e0 votre disposition pour vous assister dans la configuration du produit ThermoKey le plus appropri\u00e9 \u00e0 vos\",\"breadcrumb\":{\"@id\":\"https:\/\/www.thermokey.com\/fr\/richiedere-una-quotazione\/#breadcrumb\"},\"inLanguage\":\"fr-FR\",\"potentialAction\":[{\"@type\":\"ReadAction\",\"target\":[\"https:\/\/www.thermokey.com\/fr\/richiedere-una-quotazione\/\"]}]},{\"@type\":\"BreadcrumbList\",\"@id\":\"https:\/\/www.thermokey.com\/fr\/richiedere-una-quotazione\/#breadcrumb\",\"itemListElement\":[{\"@type\":\"ListItem\",\"position\":1,\"name\":\"Home\",\"item\":\"https:\/\/www.thermokey.com\/fr\/\"},{\"@type\":\"ListItem\",\"position\":2,\"name\":\"Richiedere una quotazione\"}]},{\"@type\":\"WebSite\",\"@id\":\"https:\/\/www.thermokey.com\/fr\/#website\",\"url\":\"https:\/\/www.thermokey.com\/fr\/\",\"name\":\"Thermokey\",\"description\":\"Heat Exchange Solutions\",\"potentialAction\":[{\"@type\":\"SearchAction\",\"target\":{\"@type\":\"EntryPoint\",\"urlTemplate\":\"https:\/\/www.thermokey.com\/fr\/?s={search_term_string}\"},\"query-input\":{\"@type\":\"PropertyValueSpecification\",\"valueRequired\":true,\"valueName\":\"search_term_string\"}}],\"inLanguage\":\"fr-FR\"}]}<\/script>\n<!-- \/ Yoast SEO plugin. -->","yoast_head_json":{"title":"Richiedere una quotazione - Thermokey","description":"Notre service commercial et nos techniciens sont \u00e0 votre disposition pour vous assister dans la configuration du produit ThermoKey le plus appropri\u00e9 \u00e0 vos","robots":{"index":"index","follow":"follow","max-snippet":"max-snippet:-1","max-image-preview":"max-image-preview:large","max-video-preview":"max-video-preview:-1"},"canonical":"https:\/\/www.thermokey.com\/fr\/richiedere-una-quotazione\/","og_locale":"fr_FR","og_type":"article","og_title":"Richiedere una quotazione - Thermokey","og_description":"Notre service commercial et nos techniciens sont \u00e0 votre disposition pour vous assister dans la configuration du produit ThermoKey le plus appropri\u00e9 \u00e0 vos","og_url":"https:\/\/www.thermokey.com\/fr\/richiedere-una-quotazione\/","og_site_name":"Thermokey","article_modified_time":"2022-02-01T10:23:59+00:00","twitter_card":"summary_large_image","twitter_misc":{"Dur\u00e9e de lecture estim\u00e9e":"2 minutes"},"schema":{"@context":"https:\/\/schema.org","@graph":[{"@type":"WebPage","@id":"https:\/\/www.thermokey.com\/fr\/richiedere-una-quotazione\/","url":"https:\/\/www.thermokey.com\/fr\/richiedere-una-quotazione\/","name":"Richiedere una quotazione - Thermokey","isPartOf":{"@id":"https:\/\/www.thermokey.com\/fr\/#website"},"datePublished":"2021-12-20T08:40:21+00:00","dateModified":"2022-02-01T10:23:59+00:00","description":"Notre service commercial et nos techniciens sont \u00e0 votre disposition pour vous assister dans la configuration du produit ThermoKey le plus appropri\u00e9 \u00e0 vos","breadcrumb":{"@id":"https:\/\/www.thermokey.com\/fr\/richiedere-una-quotazione\/#breadcrumb"},"inLanguage":"fr-FR","potentialAction":[{"@type":"ReadAction","target":["https:\/\/www.thermokey.com\/fr\/richiedere-una-quotazione\/"]}]},{"@type":"BreadcrumbList","@id":"https:\/\/www.thermokey.com\/fr\/richiedere-una-quotazione\/#breadcrumb","itemListElement":[{"@type":"ListItem","position":1,"name":"Home","item":"https:\/\/www.thermokey.com\/fr\/"},{"@type":"ListItem","position":2,"name":"Richiedere una quotazione"}]},{"@type":"WebSite","@id":"https:\/\/www.thermokey.com\/fr\/#website","url":"https:\/\/www.thermokey.com\/fr\/","name":"Thermokey","description":"Heat Exchange Solutions","potentialAction":[{"@type":"SearchAction","target":{"@type":"EntryPoint","urlTemplate":"https:\/\/www.thermokey.com\/fr\/?s={search_term_string}"},"query-input":{"@type":"PropertyValueSpecification","valueRequired":true,"valueName":"search_term_string"}}],"inLanguage":"fr-FR"}]}},"_links":{"self":[{"href":"https:\/\/www.thermokey.com\/fr\/wp-json\/wp\/v2\/pages\/30634","targetHints":{"allow":["GET"]}}],"collection":[{"href":"https:\/\/www.thermokey.com\/fr\/wp-json\/wp\/v2\/pages"}],"about":[{"href":"https:\/\/www.thermokey.com\/fr\/wp-json\/wp\/v2\/types\/page"}],"author":[{"embeddable":true,"href":"https:\/\/www.thermokey.com\/fr\/wp-json\/wp\/v2\/users\/3"}],"replies":[{"embeddable":true,"href":"https:\/\/www.thermokey.com\/fr\/wp-json\/wp\/v2\/comments?post=30634"}],"version-history":[{"count":2,"href":"https:\/\/www.thermokey.com\/fr\/wp-json\/wp\/v2\/pages\/30634\/revisions"}],"predecessor-version":[{"id":30636,"href":"https:\/\/www.thermokey.com\/fr\/wp-json\/wp\/v2\/pages\/30634\/revisions\/30636"}],"wp:attachment":[{"href":"https:\/\/www.thermokey.com\/fr\/wp-json\/wp\/v2\/media?parent=30634"}],"curies":[{"name":"wp","href":"https:\/\/api.w.org\/{rel}","templated":true}]}}