{"id":10664,"date":"2019-04-02T17:28:00","date_gmt":"2019-04-02T15:28:00","guid":{"rendered":"https:\/\/www.thermokey.com\/?page_id=10664"},"modified":"2019-04-02T17:28:00","modified_gmt":"2019-04-02T15:28:00","slug":"informations-etendues-sur-lutilisation-des-cookies","status":"publish","type":"page","link":"https:\/\/www.thermokey.com\/fr\/politique-de-confidentialite\/informations-etendues-sur-lutilisation-des-cookies\/","title":{"rendered":"Informations \u00e9tendues sur l\u2019utilisation des cookies"},"content":{"rendered":"<section class=\"wpb-content-wrapper\"><!DOCTYPE html PUBLIC \"-\/\/W3C\/\/DTD HTML 4.0 Transitional\/\/EN\" \"http:\/\/www.w3.org\/TR\/REC-html40\/loose.dtd\">\n<html><body><p>[vc_row][vc_column][vc_column_text]<\/p>\n<p><strong>Cookies&nbsp;: D&eacute;finitions, caract&eacute;ristiques et application de la l&eacute;gislation<\/strong><\/p>\n<p>Les cookies sont de petits fichiers texte que les sites consult&eacute;s par l&rsquo;utilisateur envoient et enregistrent sur votre ordinateur ou votre dispositif mobile, pour &ecirc;tre ensuite retransmis &agrave; ces m&ecirc;mes sites lors de la prochaine visite. Gr&acirc;ce aux cookies un site se souvient des actions et pr&eacute;f&eacute;rences de l&rsquo;utilisateur (par exemple, les donn&eacute;es de connexion, la langue choisie, la taille des caract&egrave;res, d&rsquo;autres param&egrave;tres d&rsquo;affichage, etc.) de fa&ccedil;on &agrave; ce qu&rsquo;il ne soit pas n&eacute;cessaire de les indiquer &agrave; nouveau lorsque l&rsquo;utilisateur revisite ce site ou navigue sur ses pages.<\/p>\n<p>Les cookies sont donc utilis&eacute;s pour effectuer des authentifications informatiques, la surveillance de sessions et l&rsquo;enregistrement d&rsquo;informations concernant les activit&eacute;s des utilisateurs qui acc&egrave;dent &agrave; un site. Ils peuvent &eacute;galement contenir un code d&rsquo;identification unique qui permet de suivre la navigation de l&rsquo;utilisateur &agrave; l&rsquo;int&eacute;rieur du site &agrave; des fins statistiques ou publicitaires.<\/p>\n<p>Lors de la navigation sur un site, l&rsquo;utilisateur peut &eacute;galement recevoir sur son ordinateur des cookies de sites ou de serveurs internet distincts de celui qu&rsquo;il est en train de visiter (d&eacute;nomm&eacute;s cookies &laquo;&nbsp;tiers&nbsp;&raquo;). Certaines op&eacute;rations ne pourraient pas &ecirc;tre effectu&eacute;es sans l&rsquo;utilisation des cookies qui, dans certains cas, sont techniquement n&eacute;cessaires pour le fonctionnement du site.<\/p>\n<p>Il existe diff&eacute;rents types de cookies, en fonction de leurs caract&eacute;ristiques et de leurs fonctions, et ils peuvent rester dans l&rsquo;ordinateur de l&rsquo;utilisateur pendant des dur&eacute;es diff&eacute;rentes&nbsp;:<\/p>\n<ul>\n<li>les cookies de session, qui sont automatiquement supprim&eacute;s lors de la fermeture du navigateur&nbsp;;<\/li>\n<li>les cookies persistants, qui restent sur le mat&eacute;riel de l&rsquo;utilisateur jusqu&rsquo;&agrave; une date d&rsquo;expiration pr&eacute;&eacute;tablie.<\/li>\n<\/ul>\n<p>Conform&eacute;ment &agrave; la l&eacute;gislation sur l&rsquo;utilisation des cookies, le consentement expr&egrave;s de l&rsquo;utilisateur n&rsquo;est pas toujours requis&nbsp;: les &laquo;&nbsp;cookies techniques&nbsp;&raquo;, c&rsquo;est-&agrave;-dire ceux utilis&eacute;s dans le seul but de transmettre une communication sur un r&eacute;seau de communication &eacute;lectronique, ou dans la mesure strictement n&eacute;cessaire pour fournir un service explicitement demand&eacute; par l&rsquo;utilisateur. Il s&rsquo;agit de cookies indispensables pour le fonctionnement de la page internet ou n&eacute;cessaires pour effectuer les activit&eacute;s demand&eacute;es par l&rsquo;utilisateur. Font &eacute;galement partie des cookies techniques&nbsp;:<\/p>\n<ul>\n<li>les &laquo;&nbsp;cookies analytiques&nbsp;&raquo; qui sont utilis&eacute;s directement par le gestionnaire du site pour collecter des informations, sous forme agr&eacute;g&eacute;e, sur le nombre d&rsquo;utilisateurs et sur la mani&egrave;re dont ces derniers visitent le site,<\/li>\n<li>les cookies de navigation ou de session (pour s&rsquo;authentifier),<\/li>\n<li>les cookies fonctionnels, qui permettent &agrave; l&rsquo;utilisateur de naviguer selon une s&eacute;rie de crit&egrave;res s&eacute;lectionn&eacute;s (par exemple, la langue, les produits s&eacute;lectionn&eacute;s pour l&rsquo;achat) afin d&rsquo;am&eacute;liorer le service qui lui est fourni.<\/li>\n<\/ul>\n<p>Pour les &laquo;&nbsp;cookies de profilage&nbsp;&raquo;, &agrave; l&rsquo;inverse, c&rsquo;est-&agrave;-dire ceux qui visent &agrave; cr&eacute;er des profils li&eacute;s &agrave; l&rsquo;utilisateur et utilis&eacute;s pour envoyer des messages publicitaires correspondant aux pr&eacute;f&eacute;rences exprim&eacute;es par ce dernier dans le cadre de sa navigation sur internet, le consentement pr&eacute;alable de l&rsquo;utilisateur est demand&eacute;.<\/p>\n<p><strong>Types de cookies utilis&eacute;s par ce site<\/strong><\/p>\n<p>Ce site utilise des <strong>cookies techniques<\/strong>, destin&eacute;s &agrave; assurer la transmission des communications entre l&rsquo;utilisateur et le site sur le r&eacute;seau internet dans la mesure strictement n&eacute;cessaire pour fournir le service que nous offrons dans sa globalit&eacute; et dans les meilleures conditions de qualit&eacute;. Les donn&eacute;es li&eacute;es aux cookies sont g&eacute;r&eacute;es uniquement &agrave; l&rsquo;int&eacute;rieur du site lui-m&ecirc;me et ne sont pas c&eacute;d&eacute;es &agrave; des tiers.<\/p>\n<p>Le site utilise &eacute;galement le service <strong>Google Analytics<\/strong>, avec des cookies permettant des analyses statistiques anonymes, sous forme agr&eacute;g&eacute;e, sur l&rsquo;utilisation du site visit&eacute;. Vous pouvez consulter les <a href=\"https:\/\/www.google.it\/analytics\/terms\/it.html\">&laquo;&nbsp;Conditions d&rsquo;utilisation de Google Analytics&nbsp;&raquo;<\/a>qui font &eacute;galement r&eacute;f&eacute;rence &agrave; la politique de protection de la vie priv&eacute;e de la soci&eacute;t&eacute; Google Inc., responsable ind&eacute;pendant du traitement des donn&eacute;es relatives au service Google Analytics. Vous pouvez emp&ecirc;cher l&rsquo;utilisation de vos donn&eacute;es par Google Analytics en installant le plug-in suivant pour le navigateur&nbsp;: <a href=\"https:\/\/tools.google.com\/dlpage\/gaoptout\">Composant suppl&eacute;mentaire du navigateur pour la d&eacute;sactivation de Google Analytics.<\/a><\/p>\n<p>Des services et des liens de tiers peuvent &eacute;galement &ecirc;tre pr&eacute;sents sur le site internet, par exemple les touches pour Linkedin, YouTube et Facebook, qui peuvent potentiellement placer des cookies sur le dispositif &eacute;lectronique utilis&eacute; lorsque l&rsquo;on clique dessus. Il est important de souligner que les informations sur l&rsquo;utilisation des cookies ne concernent pas les liens pr&eacute;sents sur le site qui renvoient &agrave; des sites tiers. Il est donc conseill&eacute; de lire les notes d&rsquo;information sur la protection de la vie priv&eacute;e des autres sites visit&eacute;s &agrave; travers les liens indiqu&eacute;s ci-apr&egrave;s.<\/p>\n<p><strong>D&eacute;sactivation des cookies<\/strong><\/p>\n<p>Vous pouvez &eacute;galement visiter le site sans cookies, m&ecirc;me si dans ce cas, il pourrait s&rsquo;av&eacute;rer impossible d&rsquo;exploiter pleinement toutes ses fonctionnalit&eacute;s ou tous les services propos&eacute;s. La plupart des navigateurs acceptent automatiquement les cookies. Il est possible d&rsquo;&eacute;viter l&rsquo;enregistrement automatique des cookies en s&eacute;lectionnant l&rsquo;option &laquo;&nbsp;ne pas accepter les cookies&nbsp;&raquo; parmi celles propos&eacute;es.<\/p>\n<p>Pour plus d&rsquo;informations sur cette op&eacute;ration, vous pouvez vous reporter aux instructions de votre navigateur. L&rsquo;utilisateur peut obtenir des instructions sp&eacute;cifiques &agrave; travers les liens ci-dessous.<\/p>\n<ul>\n<li><a href=\"https:\/\/support.microsoft.com\/it-it\/help\/17442\/windows-internet-explorer-delete-manage-cookies\">Microsoft Windows Explorer<\/a><\/li>\n<li><a href=\"https:\/\/support.google.com\/accounts\/answer\/61416?co=GENIE.Platform%3DDesktop&amp;hl=it\">Google Chrome<\/a><\/li>\n<li><a href=\"https:\/\/support.mozilla.org\/it\/kb\/Attivare%20e%20disattivare%20i%20cookie\">Mozilla Firefox<\/a><\/li>\n<li><a href=\"https:\/\/support.apple.com\/it-it\/guide\/safari\/sfri11471\/mac\">Apple Safari<\/a><\/li>\n<\/ul>\n<p>Pour obtenir des informations sur les cookies stock&eacute;s sur votre terminal et les d&eacute;sactiver individuellement, veuillez consulter la page suivante&nbsp;: <u><a href=\"http:\/\/www.youronlinechoices.com\/it\/le-tue-scelte\">www.youronlinechoices.com\/it\/le-tue-scelte<\/a><\/u><\/p>\n<p>Il est possible de supprimer &agrave; tout moment les &eacute;ventuels cookies d&eacute;j&agrave; stock&eacute;s sur le disque dur.<\/p>\n<p>[\/vc_column_text][\/vc_column][\/vc_row]<\/p>\n<\/body><\/html>\n<\/section>","protected":false},"excerpt":{"rendered":"<p>[vc_row][vc_column][vc_column_text] Cookies&nbsp;: D&eacute;finitions, caract&eacute;ristiques et application de la l&eacute;gislation Les cookies sont de petits fichiers texte que les sites consult&eacute;s par l&rsquo;utilisateur envoient et enregistrent sur votre ordinateur ou votre dispositif mobile, pour &ecirc;tre ensuite retransmis &agrave; ces m&ecirc;mes sites lors de la prochaine visite. Gr&acirc;ce aux cookies un site se souvient des actions et [&hellip;]<\/p>\n","protected":false},"author":3,"featured_media":0,"parent":4987,"menu_order":0,"comment_status":"closed","ping_status":"closed","template":"","meta":{"_acf_changed":false,"inline_featured_image":false,"footnotes":""},"class_list":["post-10664","page","type-page","status-publish","hentry"],"acf":[],"yoast_head":"<!-- This site is optimized with the Yoast SEO plugin v27.1.1 - https:\/\/yoast.com\/product\/yoast-seo-wordpress\/ -->\n<title>Informations \u00e9tendues sur l\u2019utilisation des cookies - Thermokey<\/title>\n<meta name=\"description\" content=\"Cookies\u00a0: D\u00e9finitions, caract\u00e9ristiques et application de la l\u00e9gislation Les cookies sont de petits fichiers texte que les sites consult\u00e9s par\" \/>\n<meta name=\"robots\" content=\"index, follow, max-snippet:-1, max-image-preview:large, max-video-preview:-1\" \/>\n<link rel=\"canonical\" href=\"https:\/\/www.thermokey.com\/fr\/politique-de-confidentialite\/informations-etendues-sur-lutilisation-des-cookies\/\" \/>\n<meta property=\"og:locale\" content=\"fr_FR\" \/>\n<meta property=\"og:type\" content=\"article\" \/>\n<meta property=\"og:title\" content=\"Informations \u00e9tendues sur l\u2019utilisation des cookies - Thermokey\" \/>\n<meta property=\"og:description\" content=\"Cookies\u00a0: D\u00e9finitions, caract\u00e9ristiques et application de la l\u00e9gislation Les cookies sont de petits fichiers texte que les sites consult\u00e9s par\" \/>\n<meta property=\"og:url\" content=\"https:\/\/www.thermokey.com\/fr\/politique-de-confidentialite\/informations-etendues-sur-lutilisation-des-cookies\/\" \/>\n<meta property=\"og:site_name\" content=\"Thermokey\" \/>\n<meta name=\"twitter:card\" content=\"summary_large_image\" \/>\n<meta name=\"twitter:label1\" content=\"Dur\u00e9e de lecture estim\u00e9e\" \/>\n\t<meta name=\"twitter:data1\" content=\"5 minutes\" \/>\n<script type=\"application\/ld+json\" class=\"yoast-schema-graph\">{\"@context\":\"https:\/\/schema.org\",\"@graph\":[{\"@type\":\"WebPage\",\"@id\":\"https:\/\/www.thermokey.com\/fr\/politique-de-confidentialite\/informations-etendues-sur-lutilisation-des-cookies\/\",\"url\":\"https:\/\/www.thermokey.com\/fr\/politique-de-confidentialite\/informations-etendues-sur-lutilisation-des-cookies\/\",\"name\":\"Informations \u00e9tendues sur l\u2019utilisation des cookies - Thermokey\",\"isPartOf\":{\"@id\":\"https:\/\/www.thermokey.com\/fr\/#website\"},\"datePublished\":\"2019-04-02T15:28:00+00:00\",\"description\":\"Cookies\u00a0: D\u00e9finitions, caract\u00e9ristiques et application de la l\u00e9gislation Les cookies sont de petits fichiers texte que les sites consult\u00e9s par\",\"breadcrumb\":{\"@id\":\"https:\/\/www.thermokey.com\/fr\/politique-de-confidentialite\/informations-etendues-sur-lutilisation-des-cookies\/#breadcrumb\"},\"inLanguage\":\"fr-FR\",\"potentialAction\":[{\"@type\":\"ReadAction\",\"target\":[\"https:\/\/www.thermokey.com\/fr\/politique-de-confidentialite\/informations-etendues-sur-lutilisation-des-cookies\/\"]}]},{\"@type\":\"BreadcrumbList\",\"@id\":\"https:\/\/www.thermokey.com\/fr\/politique-de-confidentialite\/informations-etendues-sur-lutilisation-des-cookies\/#breadcrumb\",\"itemListElement\":[{\"@type\":\"ListItem\",\"position\":1,\"name\":\"Home\",\"item\":\"https:\/\/www.thermokey.com\/fr\/\"},{\"@type\":\"ListItem\",\"position\":2,\"name\":\"Politique de confidentialit\u00e9\",\"item\":\"https:\/\/www.thermokey.com\/fr\/politique-de-confidentialite\/\"},{\"@type\":\"ListItem\",\"position\":3,\"name\":\"Informations \u00e9tendues sur l\u2019utilisation des cookies\"}]},{\"@type\":\"WebSite\",\"@id\":\"https:\/\/www.thermokey.com\/fr\/#website\",\"url\":\"https:\/\/www.thermokey.com\/fr\/\",\"name\":\"Thermokey\",\"description\":\"Heat Exchange Solutions\",\"potentialAction\":[{\"@type\":\"SearchAction\",\"target\":{\"@type\":\"EntryPoint\",\"urlTemplate\":\"https:\/\/www.thermokey.com\/fr\/?s={search_term_string}\"},\"query-input\":{\"@type\":\"PropertyValueSpecification\",\"valueRequired\":true,\"valueName\":\"search_term_string\"}}],\"inLanguage\":\"fr-FR\"}]}<\/script>\n<!-- \/ Yoast SEO plugin. -->","yoast_head_json":{"title":"Informations \u00e9tendues sur l\u2019utilisation des cookies - Thermokey","description":"Cookies\u00a0: D\u00e9finitions, caract\u00e9ristiques et application de la l\u00e9gislation Les cookies sont de petits fichiers texte que les sites consult\u00e9s par","robots":{"index":"index","follow":"follow","max-snippet":"max-snippet:-1","max-image-preview":"max-image-preview:large","max-video-preview":"max-video-preview:-1"},"canonical":"https:\/\/www.thermokey.com\/fr\/politique-de-confidentialite\/informations-etendues-sur-lutilisation-des-cookies\/","og_locale":"fr_FR","og_type":"article","og_title":"Informations \u00e9tendues sur l\u2019utilisation des cookies - Thermokey","og_description":"Cookies\u00a0: D\u00e9finitions, caract\u00e9ristiques et application de la l\u00e9gislation Les cookies sont de petits fichiers texte que les sites consult\u00e9s par","og_url":"https:\/\/www.thermokey.com\/fr\/politique-de-confidentialite\/informations-etendues-sur-lutilisation-des-cookies\/","og_site_name":"Thermokey","twitter_card":"summary_large_image","twitter_misc":{"Dur\u00e9e de lecture estim\u00e9e":"5 minutes"},"schema":{"@context":"https:\/\/schema.org","@graph":[{"@type":"WebPage","@id":"https:\/\/www.thermokey.com\/fr\/politique-de-confidentialite\/informations-etendues-sur-lutilisation-des-cookies\/","url":"https:\/\/www.thermokey.com\/fr\/politique-de-confidentialite\/informations-etendues-sur-lutilisation-des-cookies\/","name":"Informations \u00e9tendues sur l\u2019utilisation des cookies - Thermokey","isPartOf":{"@id":"https:\/\/www.thermokey.com\/fr\/#website"},"datePublished":"2019-04-02T15:28:00+00:00","description":"Cookies\u00a0: D\u00e9finitions, caract\u00e9ristiques et application de la l\u00e9gislation Les cookies sont de petits fichiers texte que les sites consult\u00e9s par","breadcrumb":{"@id":"https:\/\/www.thermokey.com\/fr\/politique-de-confidentialite\/informations-etendues-sur-lutilisation-des-cookies\/#breadcrumb"},"inLanguage":"fr-FR","potentialAction":[{"@type":"ReadAction","target":["https:\/\/www.thermokey.com\/fr\/politique-de-confidentialite\/informations-etendues-sur-lutilisation-des-cookies\/"]}]},{"@type":"BreadcrumbList","@id":"https:\/\/www.thermokey.com\/fr\/politique-de-confidentialite\/informations-etendues-sur-lutilisation-des-cookies\/#breadcrumb","itemListElement":[{"@type":"ListItem","position":1,"name":"Home","item":"https:\/\/www.thermokey.com\/fr\/"},{"@type":"ListItem","position":2,"name":"Politique de confidentialit\u00e9","item":"https:\/\/www.thermokey.com\/fr\/politique-de-confidentialite\/"},{"@type":"ListItem","position":3,"name":"Informations \u00e9tendues sur l\u2019utilisation des cookies"}]},{"@type":"WebSite","@id":"https:\/\/www.thermokey.com\/fr\/#website","url":"https:\/\/www.thermokey.com\/fr\/","name":"Thermokey","description":"Heat Exchange Solutions","potentialAction":[{"@type":"SearchAction","target":{"@type":"EntryPoint","urlTemplate":"https:\/\/www.thermokey.com\/fr\/?s={search_term_string}"},"query-input":{"@type":"PropertyValueSpecification","valueRequired":true,"valueName":"search_term_string"}}],"inLanguage":"fr-FR"}]}},"_links":{"self":[{"href":"https:\/\/www.thermokey.com\/fr\/wp-json\/wp\/v2\/pages\/10664","targetHints":{"allow":["GET"]}}],"collection":[{"href":"https:\/\/www.thermokey.com\/fr\/wp-json\/wp\/v2\/pages"}],"about":[{"href":"https:\/\/www.thermokey.com\/fr\/wp-json\/wp\/v2\/types\/page"}],"author":[{"embeddable":true,"href":"https:\/\/www.thermokey.com\/fr\/wp-json\/wp\/v2\/users\/3"}],"replies":[{"embeddable":true,"href":"https:\/\/www.thermokey.com\/fr\/wp-json\/wp\/v2\/comments?post=10664"}],"version-history":[{"count":1,"href":"https:\/\/www.thermokey.com\/fr\/wp-json\/wp\/v2\/pages\/10664\/revisions"}],"predecessor-version":[{"id":10665,"href":"https:\/\/www.thermokey.com\/fr\/wp-json\/wp\/v2\/pages\/10664\/revisions\/10665"}],"up":[{"embeddable":true,"href":"https:\/\/www.thermokey.com\/fr\/wp-json\/wp\/v2\/pages\/4987"}],"wp:attachment":[{"href":"https:\/\/www.thermokey.com\/fr\/wp-json\/wp\/v2\/media?parent=10664"}],"curies":[{"name":"wp","href":"https:\/\/api.w.org\/{rel}","templated":true}]}}