{"id":30621,"date":"2021-12-20T09:40:21","date_gmt":"2021-12-20T08:40:21","guid":{"rendered":"https:\/\/www.thermokey.com\/richiedere-una-quotazione\/"},"modified":"2022-02-01T11:16:26","modified_gmt":"2022-02-01T10:16:26","slug":"richiedere-una-quotazione","status":"publish","type":"page","link":"https:\/\/www.thermokey.com\/es\/richiedere-una-quotazione\/","title":{"rendered":"Richiedere una quotazione"},"content":{"rendered":"<section class=\"wpb-content-wrapper\"><!DOCTYPE html PUBLIC \"-\/\/W3C\/\/DTD HTML 4.0 Transitional\/\/EN\" \"http:\/\/www.w3.org\/TR\/REC-html40\/loose.dtd\">\n<html><body><p>[vc_row][vc_column][vc_single_image image=&raquo;29484&Prime; img_size=&raquo;full&raquo;][\/vc_column][\/vc_row][vc_row css=&raquo;.vc_custom_1639986535419{border-top-width: 30px !important;padding-bottom: 25px !important;}&raquo;][vc_column css=&raquo;.vc_custom_1639988963592{margin-top: 35px !important;margin-bottom: 35px !important;}&raquo;][vc_custom_heading text=&raquo;Solicite una cotizaci&oacute;n!&raquo; font_container=&raquo;tag:h1|text_align:left|color:%23004987&Prime; css=&raquo;.vc_custom_1643710438444{margin-bottom: 20px !important;}&raquo;][vc_column_text]Nuestra oficina comercial est&aacute; disponible para prestar apoyo en la configuraci&oacute;n del producto Thermokey que m&aacute;s se acerque a sus necesidades. Elija el producto y rellene el formulario.<\/p>\n<p>Facilite las informaciones necesarias para expresar sus necesidades y nuestro personal se pondr&aacute; en contacto con usted lo antes posible para informarle de las soluciones m&aacute;s aptas.[\/vc_column_text][\/vc_column][\/vc_row][vc_row css=&raquo;.vc_custom_1639989266755{margin-bottom: 25px !important;}&raquo;][vc_column][vc_separator css=&raquo;.vc_custom_1639989611906{border-top-width: 1px !important;border-top-color: #bababa !important;border-top-style: solid !important;border-radius: 1px !important;}&raquo;][\/vc_column][\/vc_row][vc_row][vc_column width=&raquo;1\/2&Prime;][vc_single_image image=&raquo;29477&Prime; img_size=&raquo;medium&raquo;][\/vc_column][vc_column width=&raquo;1\/2&Prime;][vc_custom_heading text=&raquo;BATER&Iacute;AS MICROCANALES&raquo; font_container=&raquo;tag:h3|text_align:left&raquo; css=&raquo;.vc_custom_1643710464954{margin-bottom: 40px !important;}&raquo;][vc_btn title=&raquo;Richiedi quotazione&raquo; style=&raquo;custom&raquo; custom_background=&raquo;#dd1313&Prime; custom_text=&raquo;#ffffff&raquo; link=&raquo;url:https%3A%2F%2Fwww.thermokey.com%2Fit%2Frichiedere-una-quotazione-batterie-microcanale%2F&raquo; css=&raquo;.vc_custom_1642508347015{margin-bottom: 30px !important;}&raquo;][vc_column_text]<em><u><a href=\"https:\/\/www.thermokey.com\/es\/productos\/baterias\/refrigeradores-liquidos-microcanal\/\">Descubra m&aacute;s sobre las bater&iacute;as microcanales&gt;<\/a><\/u><\/em>[\/vc_column_text][\/vc_column][\/vc_row][vc_row css=&raquo;.vc_custom_1639990273542{margin-top: 25px !important;margin-bottom: 25px !important;}&raquo;][vc_column][vc_separator css=&raquo;.vc_custom_1639989611906{border-top-width: 1px !important;border-top-color: #bababa !important;border-top-style: solid !important;border-radius: 1px !important;}&raquo;][\/vc_column][\/vc_row][vc_row][vc_column width=&raquo;1\/2&Prime;][vc_single_image image=&raquo;29492&Prime; img_size=&raquo;medium&raquo;][\/vc_column][vc_column width=&raquo;1\/2&Prime;][vc_custom_heading text=&raquo;BATER&Iacute;AS DE TUBO REDONDO&raquo; font_container=&raquo;tag:h3|text_align:left&raquo; css=&raquo;.vc_custom_1643710482863{margin-bottom: 40px !important;}&raquo;][vc_btn title=&raquo;Richiedi quotazione&raquo; style=&raquo;custom&raquo; custom_background=&raquo;#dd1313&Prime; custom_text=&raquo;#ffffff&raquo; link=&raquo;url:https%3A%2F%2Fwww.thermokey.com%2Fit%2Frichiedere-una-quotazione-batterie-tubo-tondo%2F&raquo; css=&raquo;.vc_custom_1642509152369{margin-bottom: 30px !important;}&raquo;][vc_column_text]<a href=\"https:\/\/www.thermokey.com\/es\/productos\/baterias\/baterias-de-intercambio-termico-de-tubo-redondo\/\"><em><u>Descubra m&aacute;s sobre las bater&iacute;as de tubo redondo<\/u><\/em><\/a>&gt;[\/vc_column_text][\/vc_column][\/vc_row][vc_row css=&raquo;.vc_custom_1639990273542{margin-top: 25px !important;margin-bottom: 25px !important;}&raquo;][vc_column][vc_separator css=&raquo;.vc_custom_1639989611906{border-top-width: 1px !important;border-top-color: #bababa !important;border-top-style: solid !important;border-radius: 1px !important;}&raquo;][\/vc_column][\/vc_row][vc_row][vc_column width=&raquo;1\/2&Prime;][vc_single_image image=&raquo;29511&Prime; img_size=&raquo;medium&raquo;][\/vc_column][vc_column width=&raquo;1\/2&Prime;][vc_custom_heading text=&raquo;DRY COOLER&raquo; font_container=&raquo;tag:h3|text_align:left&raquo; css=&raquo;.vc_custom_1643710502302{margin-bottom: 40px !important;}&raquo;][vc_btn title=&raquo;Richiedi quotazione&raquo; style=&raquo;custom&raquo; custom_background=&raquo;#dd1313&Prime; custom_text=&raquo;#ffffff&raquo; link=&raquo;url:https%3A%2F%2Fwww.thermokey.com%2Fit%2Frichiedere-una-quotazione-dry-coolers%2F&raquo; css=&raquo;.vc_custom_1642509139248{margin-bottom: 30px !important;}&raquo;][vc_column_text]<a href=\"https:\/\/www.thermokey.com\/es\/category\/productos\/aeroenfriadores\/\"><em><u>Descubra m&aacute;s sobre los dry coolers<\/u><\/em><\/a>&gt;[\/vc_column_text][\/vc_column][\/vc_row][vc_row css=&raquo;.vc_custom_1639990273542{margin-top: 25px !important;margin-bottom: 25px !important;}&raquo;][vc_column][vc_separator css=&raquo;.vc_custom_1639989611906{border-top-width: 1px !important;border-top-color: #bababa !important;border-top-style: solid !important;border-radius: 1px !important;}&raquo;][\/vc_column][\/vc_row][vc_row][vc_column width=&raquo;1\/2&Prime;][vc_single_image image=&raquo;29535&Prime; img_size=&raquo;medium&raquo;][\/vc_column][vc_column width=&raquo;1\/2&Prime;][vc_custom_heading text=&raquo;AEROVAPORADORES&raquo; font_container=&raquo;tag:h3|text_align:left&raquo; css=&raquo;.vc_custom_1643710553760{margin-bottom: 40px !important;}&raquo;][vc_btn title=&raquo;Richiedi quotazione&raquo; style=&raquo;custom&raquo; custom_background=&raquo;#dd1313&Prime; custom_text=&raquo;#ffffff&raquo; link=&raquo;url:https%3A%2F%2Fwww.thermokey.com%2Fit%2Frichiedere-una-quotazione-aeroevaporatori%2F&raquo; css=&raquo;.vc_custom_1642509204125{margin-bottom: 30px !important;}&raquo;][vc_column_text]<a href=\"https:\/\/www.thermokey.com\/es\/category\/productos\/refrigeradores\/\"><em><u>Descubra m&aacute;s sobre los aerovaporadores<\/u><\/em><\/a>&gt;[\/vc_column_text][\/vc_column][\/vc_row][vc_row css=&raquo;.vc_custom_1639990273542{margin-top: 25px !important;margin-bottom: 25px !important;}&raquo;][vc_column][vc_separator css=&raquo;.vc_custom_1639989611906{border-top-width: 1px !important;border-top-color: #bababa !important;border-top-style: solid !important;border-radius: 1px !important;}&raquo;][\/vc_column][\/vc_row][vc_row][vc_column width=&raquo;1\/2&Prime;][vc_single_image image=&raquo;29545&Prime; img_size=&raquo;medium&raquo;][\/vc_column][vc_column width=&raquo;1\/2&Prime;][vc_custom_heading text=&raquo;CONDENSADORES REMOTOS&raquo; font_container=&raquo;tag:h3|text_align:left&raquo; css=&raquo;.vc_custom_1643710574302{margin-bottom: 40px !important;}&raquo;][vc_btn title=&raquo;Richiedi quotazione&raquo; style=&raquo;custom&raquo; custom_background=&raquo;#dd1313&Prime; custom_text=&raquo;#ffffff&raquo; size=&raquo;lg&raquo; link=&raquo;url:https%3A%2F%2Fwww.thermokey.com%2Fit%2Frichiedere-una-quotazione-condensatori-remoti%2F&raquo; css=&raquo;.vc_custom_1639995712220{margin-bottom: 30px !important;}&raquo;][vc_column_text]<a href=\"https:\/\/www.thermokey.com\/es\/category\/productos\/condensadores-remotos\/\"><em><u>Descubra m&aacute;s sobre los condensadores remotos<\/u><\/em><\/a>&gt;[\/vc_column_text][\/vc_column][\/vc_row]<\/p>\n<\/body><\/html>\n<\/section>","protected":false},"excerpt":{"rendered":"<p>[vc_row][vc_column][vc_single_image image=&raquo;29484&Prime; img_size=&raquo;full&raquo;][\/vc_column][\/vc_row][vc_row css=&raquo;.vc_custom_1639986535419{border-top-width: 30px !important;padding-bottom: 25px !important;}&raquo;][vc_column css=&raquo;.vc_custom_1639988963592{margin-top: 35px !important;margin-bottom: 35px !important;}&raquo;][vc_custom_heading text=&raquo;Solicite una cotizaci&oacute;n!&raquo; font_container=&raquo;tag:h1|text_align:left|color:%23004987&Prime; css=&raquo;.vc_custom_1643710438444{margin-bottom: 20px !important;}&raquo;][vc_column_text]Nuestra oficina comercial est&aacute; disponible para prestar apoyo en la configuraci&oacute;n del producto Thermokey que m&aacute;s se acerque a sus necesidades. Elija el producto y rellene el formulario. Facilite las informaciones necesarias para expresar sus necesidades [&hellip;]<\/p>\n","protected":false},"author":3,"featured_media":0,"parent":0,"menu_order":0,"comment_status":"closed","ping_status":"closed","template":"","meta":{"_acf_changed":false,"inline_featured_image":false,"footnotes":""},"class_list":["post-30621","page","type-page","status-publish","hentry"],"acf":[],"yoast_head":"<!-- This site is optimized with the Yoast SEO plugin v27.1.1 - https:\/\/yoast.com\/product\/yoast-seo-wordpress\/ -->\n<title>Richiedere una quotazione - Thermokey<\/title>\n<meta name=\"description\" content=\"Nuestra oficina comercial est\u00e1 disponible para prestar apoyo en la configuraci\u00f3n del producto Thermokey que m\u00e1s se acerque a sus necesidades. Elija el\" \/>\n<meta name=\"robots\" content=\"index, follow, max-snippet:-1, max-image-preview:large, max-video-preview:-1\" \/>\n<link rel=\"canonical\" href=\"https:\/\/www.thermokey.com\/es\/richiedere-una-quotazione\/\" \/>\n<meta property=\"og:locale\" content=\"es_ES\" \/>\n<meta property=\"og:type\" content=\"article\" \/>\n<meta property=\"og:title\" content=\"Richiedere una quotazione - Thermokey\" \/>\n<meta property=\"og:description\" content=\"Nuestra oficina comercial est\u00e1 disponible para prestar apoyo en la configuraci\u00f3n del producto Thermokey que m\u00e1s se acerque a sus necesidades. Elija el\" \/>\n<meta property=\"og:url\" content=\"https:\/\/www.thermokey.com\/es\/richiedere-una-quotazione\/\" \/>\n<meta property=\"og:site_name\" content=\"Thermokey\" \/>\n<meta property=\"article:modified_time\" content=\"2022-02-01T10:16:26+00:00\" \/>\n<meta name=\"twitter:card\" content=\"summary_large_image\" \/>\n<meta name=\"twitter:label1\" content=\"Tiempo de lectura\" \/>\n\t<meta name=\"twitter:data1\" content=\"2 minutos\" \/>\n<script type=\"application\/ld+json\" class=\"yoast-schema-graph\">{\"@context\":\"https:\/\/schema.org\",\"@graph\":[{\"@type\":\"WebPage\",\"@id\":\"https:\/\/www.thermokey.com\/es\/richiedere-una-quotazione\/\",\"url\":\"https:\/\/www.thermokey.com\/es\/richiedere-una-quotazione\/\",\"name\":\"Richiedere una quotazione - Thermokey\",\"isPartOf\":{\"@id\":\"https:\/\/www.thermokey.com\/es\/#website\"},\"datePublished\":\"2021-12-20T08:40:21+00:00\",\"dateModified\":\"2022-02-01T10:16:26+00:00\",\"description\":\"Nuestra oficina comercial est\u00e1 disponible para prestar apoyo en la configuraci\u00f3n del producto Thermokey que m\u00e1s se acerque a sus necesidades. Elija el\",\"breadcrumb\":{\"@id\":\"https:\/\/www.thermokey.com\/es\/richiedere-una-quotazione\/#breadcrumb\"},\"inLanguage\":\"es\",\"potentialAction\":[{\"@type\":\"ReadAction\",\"target\":[\"https:\/\/www.thermokey.com\/es\/richiedere-una-quotazione\/\"]}]},{\"@type\":\"BreadcrumbList\",\"@id\":\"https:\/\/www.thermokey.com\/es\/richiedere-una-quotazione\/#breadcrumb\",\"itemListElement\":[{\"@type\":\"ListItem\",\"position\":1,\"name\":\"Home\",\"item\":\"https:\/\/www.thermokey.com\/es\/\"},{\"@type\":\"ListItem\",\"position\":2,\"name\":\"Richiedere una quotazione\"}]},{\"@type\":\"WebSite\",\"@id\":\"https:\/\/www.thermokey.com\/es\/#website\",\"url\":\"https:\/\/www.thermokey.com\/es\/\",\"name\":\"Thermokey\",\"description\":\"Heat Exchange Solutions\",\"potentialAction\":[{\"@type\":\"SearchAction\",\"target\":{\"@type\":\"EntryPoint\",\"urlTemplate\":\"https:\/\/www.thermokey.com\/es\/?s={search_term_string}\"},\"query-input\":{\"@type\":\"PropertyValueSpecification\",\"valueRequired\":true,\"valueName\":\"search_term_string\"}}],\"inLanguage\":\"es\"}]}<\/script>\n<!-- \/ Yoast SEO plugin. -->","yoast_head_json":{"title":"Richiedere una quotazione - Thermokey","description":"Nuestra oficina comercial est\u00e1 disponible para prestar apoyo en la configuraci\u00f3n del producto Thermokey que m\u00e1s se acerque a sus necesidades. Elija el","robots":{"index":"index","follow":"follow","max-snippet":"max-snippet:-1","max-image-preview":"max-image-preview:large","max-video-preview":"max-video-preview:-1"},"canonical":"https:\/\/www.thermokey.com\/es\/richiedere-una-quotazione\/","og_locale":"es_ES","og_type":"article","og_title":"Richiedere una quotazione - Thermokey","og_description":"Nuestra oficina comercial est\u00e1 disponible para prestar apoyo en la configuraci\u00f3n del producto Thermokey que m\u00e1s se acerque a sus necesidades. Elija el","og_url":"https:\/\/www.thermokey.com\/es\/richiedere-una-quotazione\/","og_site_name":"Thermokey","article_modified_time":"2022-02-01T10:16:26+00:00","twitter_card":"summary_large_image","twitter_misc":{"Tiempo de lectura":"2 minutos"},"schema":{"@context":"https:\/\/schema.org","@graph":[{"@type":"WebPage","@id":"https:\/\/www.thermokey.com\/es\/richiedere-una-quotazione\/","url":"https:\/\/www.thermokey.com\/es\/richiedere-una-quotazione\/","name":"Richiedere una quotazione - Thermokey","isPartOf":{"@id":"https:\/\/www.thermokey.com\/es\/#website"},"datePublished":"2021-12-20T08:40:21+00:00","dateModified":"2022-02-01T10:16:26+00:00","description":"Nuestra oficina comercial est\u00e1 disponible para prestar apoyo en la configuraci\u00f3n del producto Thermokey que m\u00e1s se acerque a sus necesidades. Elija el","breadcrumb":{"@id":"https:\/\/www.thermokey.com\/es\/richiedere-una-quotazione\/#breadcrumb"},"inLanguage":"es","potentialAction":[{"@type":"ReadAction","target":["https:\/\/www.thermokey.com\/es\/richiedere-una-quotazione\/"]}]},{"@type":"BreadcrumbList","@id":"https:\/\/www.thermokey.com\/es\/richiedere-una-quotazione\/#breadcrumb","itemListElement":[{"@type":"ListItem","position":1,"name":"Home","item":"https:\/\/www.thermokey.com\/es\/"},{"@type":"ListItem","position":2,"name":"Richiedere una quotazione"}]},{"@type":"WebSite","@id":"https:\/\/www.thermokey.com\/es\/#website","url":"https:\/\/www.thermokey.com\/es\/","name":"Thermokey","description":"Heat Exchange Solutions","potentialAction":[{"@type":"SearchAction","target":{"@type":"EntryPoint","urlTemplate":"https:\/\/www.thermokey.com\/es\/?s={search_term_string}"},"query-input":{"@type":"PropertyValueSpecification","valueRequired":true,"valueName":"search_term_string"}}],"inLanguage":"es"}]}},"_links":{"self":[{"href":"https:\/\/www.thermokey.com\/es\/wp-json\/wp\/v2\/pages\/30621","targetHints":{"allow":["GET"]}}],"collection":[{"href":"https:\/\/www.thermokey.com\/es\/wp-json\/wp\/v2\/pages"}],"about":[{"href":"https:\/\/www.thermokey.com\/es\/wp-json\/wp\/v2\/types\/page"}],"author":[{"embeddable":true,"href":"https:\/\/www.thermokey.com\/es\/wp-json\/wp\/v2\/users\/3"}],"replies":[{"embeddable":true,"href":"https:\/\/www.thermokey.com\/es\/wp-json\/wp\/v2\/comments?post=30621"}],"version-history":[{"count":2,"href":"https:\/\/www.thermokey.com\/es\/wp-json\/wp\/v2\/pages\/30621\/revisions"}],"predecessor-version":[{"id":30625,"href":"https:\/\/www.thermokey.com\/es\/wp-json\/wp\/v2\/pages\/30621\/revisions\/30625"}],"wp:attachment":[{"href":"https:\/\/www.thermokey.com\/es\/wp-json\/wp\/v2\/media?parent=30621"}],"curies":[{"name":"wp","href":"https:\/\/api.w.org\/{rel}","templated":true}]}}