{"id":2967,"date":"2017-12-11T12:20:34","date_gmt":"2017-12-11T11:20:34","guid":{"rendered":"http:\/\/dev.thermokey.it\/certifications\/"},"modified":"2026-04-30T12:42:08","modified_gmt":"2026-04-30T10:42:08","slug":"certificaciones","status":"publish","type":"page","link":"https:\/\/www.thermokey.com\/es\/download\/certificaciones\/","title":{"rendered":"Certificaciones"},"content":{"rendered":"<section class=\"wpb-content-wrapper\"><!DOCTYPE html PUBLIC \"-\/\/W3C\/\/DTD HTML 4.0 Transitional\/\/EN\" \"http:\/\/www.w3.org\/TR\/REC-html40\/loose.dtd\">\n<html><body><p>[vc_row][vc_column width=&raquo;1\/2&Prime;][vc_column_text el_class=&raquo;tk-links-list&raquo;]<\/p>\n<ul>\n<li><a href=\"https:\/\/www.thermokey.com\/wp-content\/uploads\/2023\/04\/ThermoKey-ISO-9001.-09-10-2023-1.pdf\" target=\"_blank\" rel=\"noopener noreferrer\">UNI EN ISO 9001:2015 Sistema de gesti&oacute;n de calidad<\/a><\/li>\n<li><a href=\"https:\/\/www.thermokey.com\/wp-content\/uploads\/2026\/01\/ISO-14001-13-01-2026.pdf\" target=\"_blank\" rel=\"noopener noreferrer\">UNI EN ISO 14001:2015 sistema de gesti&oacute;n ambiental<\/a><\/li>\n<li><a href=\"\/dev\/wp-content\/uploads\/2018\/01\/T%C3%9CV_Certificate_on_Turbo-Line_Condenser.pdf\" target=\"_blank\" rel=\"noopener noreferrer\">Certificado t&uuml;v en condensador turbo-line<\/a><\/li>\n<li><a href=\"\/dev\/wp-content\/uploads\/2018\/01\/T%C3%9CV_Certificate_against_Legionella_for_ThermoKey_Air_Fresh_System.pdf\" target=\"_blank\" rel=\"noopener noreferrer\">Certificado t&uuml;v contra legionela para thermokey air fresh system<\/a><\/li>\n<li><a href=\"https:\/\/www.thermokey.com\/wp-content\/uploads\/2023\/05\/Certificato-UL_ThermoKey-2023.pdf\">Certificaciones UL para intercambiadores de calor microcanales<\/a><\/li>\n<\/ul>\n<p>[\/vc_column_text][\/vc_column][vc_column width=&raquo;1\/2&Prime;][vc_column_text el_class=&raquo;tk-links-list&raquo;]<\/p>\n<ul>\n<li><a href=\"https:\/\/www.thermokey.com\/wp-content\/uploads\/2026\/04\/PED-0948-PA2-14189-19-Rev.5-1.pdf\" target=\"_blank\" rel=\"noopener\">Certificaci&oacute;n Cat.2 PED<\/a><\/li>\n<li><a href=\"https:\/\/www.thermokey.com\/wp-content\/uploads\/2026\/02\/ISO-45001-31-01-2026.pdf\" target=\"_blank\" rel=\"noopener noreferrer\">UNI ISO 45001:2018 sistema de gesti&oacute;n de la seguridad y la salud en el trabajo<\/a><\/li>\n<li><a href=\"https:\/\/www.thermokey.com\/wp-content\/uploads\/2021\/11\/Wet-Fin-System_ThermoKey_11.2021_21.530.pdf\" target=\"_blank\" rel=\"noopener noreferrer\">Certificado de higiene del sistema wet fin system (wfs)<\/a><\/li>\n<li><a href=\"https:\/\/www.thermokey.com\/wp-content\/uploads\/2022\/02\/Politica-QAS-rev_13-ENG.pdf\" target=\"_blank\" rel=\"noopener noreferrer\">Environment, health and safety policy<\/a><\/li>\n<li><a href=\"\/dev\/wp-content\/uploads\/2023\/04\/23.130_ThermoKey-SpA_Hygiene-certifcate_EPS.pdf\" target=\"_blank\" rel=\"noopener noreferrer\">Certificado de higiene del sistema evaporative panel system (eps)<\/a><\/li>\n<\/ul>\n<p>[\/vc_column_text][\/vc_column][\/vc_row]<\/p>\n<\/body><\/html>\n<\/section>","protected":false},"excerpt":{"rendered":"<p>[vc_row][vc_column width=&raquo;1\/2&Prime;][vc_column_text el_class=&raquo;tk-links-list&raquo;] UNI EN ISO 9001:2015 Sistema de gesti&oacute;n de calidad UNI EN ISO 14001:2015 sistema de gesti&oacute;n ambiental Certificado t&uuml;v en condensador turbo-line Certificado t&uuml;v contra legionela para thermokey air fresh system Certificaciones UL para intercambiadores de calor microcanales [\/vc_column_text][\/vc_column][vc_column width=&raquo;1\/2&Prime;][vc_column_text el_class=&raquo;tk-links-list&raquo;] Certificaci&oacute;n Cat.2 PED UNI ISO 45001:2018 sistema de gesti&oacute;n de la [&hellip;]<\/p>\n","protected":false},"author":1,"featured_media":0,"parent":4855,"menu_order":3,"comment_status":"closed","ping_status":"closed","template":"","meta":{"_acf_changed":false,"inline_featured_image":false,"footnotes":""},"class_list":["post-2967","page","type-page","status-publish","hentry"],"acf":[],"yoast_head":"<!-- This site is optimized with the Yoast SEO plugin v27.5 - https:\/\/yoast.com\/product\/yoast-seo-wordpress\/ -->\n<title>Certificaciones - Thermokey<\/title>\n<meta name=\"description\" content=\"UNI EN ISO 9001:2015 Sistema de gesti\u00f3n de calidad UNI EN ISO 14001:2015 sistema de gesti\u00f3n ambiental Certificado t\u00fcv en condensador turbo-line\" \/>\n<meta name=\"robots\" content=\"index, follow, max-snippet:-1, max-image-preview:large, max-video-preview:-1\" \/>\n<link rel=\"canonical\" href=\"https:\/\/www.thermokey.com\/es\/download\/certificaciones\/\" \/>\n<meta property=\"og:locale\" content=\"es_ES\" \/>\n<meta property=\"og:type\" content=\"article\" \/>\n<meta property=\"og:title\" content=\"Certificaciones - Thermokey\" \/>\n<meta property=\"og:description\" content=\"UNI EN ISO 9001:2015 Sistema de gesti\u00f3n de calidad UNI EN ISO 14001:2015 sistema de gesti\u00f3n ambiental Certificado t\u00fcv en condensador turbo-line\" \/>\n<meta property=\"og:url\" content=\"https:\/\/www.thermokey.com\/es\/download\/certificaciones\/\" \/>\n<meta property=\"og:site_name\" content=\"Thermokey\" \/>\n<meta property=\"article:modified_time\" content=\"2026-04-30T10:42:08+00:00\" \/>\n<meta name=\"twitter:card\" content=\"summary_large_image\" \/>\n<meta name=\"twitter:label1\" content=\"Tiempo de lectura\" \/>\n\t<meta name=\"twitter:data1\" content=\"1 minuto\" \/>\n<script type=\"application\/ld+json\" class=\"yoast-schema-graph\">{\"@context\":\"https:\\\/\\\/schema.org\",\"@graph\":[{\"@type\":\"WebPage\",\"@id\":\"https:\\\/\\\/www.thermokey.com\\\/es\\\/download\\\/certificaciones\\\/\",\"url\":\"https:\\\/\\\/www.thermokey.com\\\/es\\\/download\\\/certificaciones\\\/\",\"name\":\"Certificaciones - Thermokey\",\"isPartOf\":{\"@id\":\"https:\\\/\\\/www.thermokey.com\\\/es\\\/#website\"},\"datePublished\":\"2017-12-11T11:20:34+00:00\",\"dateModified\":\"2026-04-30T10:42:08+00:00\",\"description\":\"UNI EN ISO 9001:2015 Sistema de gesti\u00f3n de calidad UNI EN ISO 14001:2015 sistema de gesti\u00f3n ambiental Certificado t\u00fcv en condensador turbo-line\",\"breadcrumb\":{\"@id\":\"https:\\\/\\\/www.thermokey.com\\\/es\\\/download\\\/certificaciones\\\/#breadcrumb\"},\"inLanguage\":\"es\",\"potentialAction\":[{\"@type\":\"ReadAction\",\"target\":[\"https:\\\/\\\/www.thermokey.com\\\/es\\\/download\\\/certificaciones\\\/\"]}]},{\"@type\":\"BreadcrumbList\",\"@id\":\"https:\\\/\\\/www.thermokey.com\\\/es\\\/download\\\/certificaciones\\\/#breadcrumb\",\"itemListElement\":[{\"@type\":\"ListItem\",\"position\":1,\"name\":\"Home\",\"item\":\"https:\\\/\\\/www.thermokey.com\\\/es\\\/\"},{\"@type\":\"ListItem\",\"position\":2,\"name\":\"Download\",\"item\":\"https:\\\/\\\/www.thermokey.com\\\/es\\\/download\\\/\"},{\"@type\":\"ListItem\",\"position\":3,\"name\":\"Certificaciones\"}]},{\"@type\":\"WebSite\",\"@id\":\"https:\\\/\\\/www.thermokey.com\\\/es\\\/#website\",\"url\":\"https:\\\/\\\/www.thermokey.com\\\/es\\\/\",\"name\":\"Thermokey\",\"description\":\"Heat Exchange Solutions\",\"potentialAction\":[{\"@type\":\"SearchAction\",\"target\":{\"@type\":\"EntryPoint\",\"urlTemplate\":\"https:\\\/\\\/www.thermokey.com\\\/es\\\/?s={search_term_string}\"},\"query-input\":{\"@type\":\"PropertyValueSpecification\",\"valueRequired\":true,\"valueName\":\"search_term_string\"}}],\"inLanguage\":\"es\"}]}<\/script>\n<!-- \/ Yoast SEO plugin. -->","yoast_head_json":{"title":"Certificaciones - Thermokey","description":"UNI EN ISO 9001:2015 Sistema de gesti\u00f3n de calidad UNI EN ISO 14001:2015 sistema de gesti\u00f3n ambiental Certificado t\u00fcv en condensador turbo-line","robots":{"index":"index","follow":"follow","max-snippet":"max-snippet:-1","max-image-preview":"max-image-preview:large","max-video-preview":"max-video-preview:-1"},"canonical":"https:\/\/www.thermokey.com\/es\/download\/certificaciones\/","og_locale":"es_ES","og_type":"article","og_title":"Certificaciones - Thermokey","og_description":"UNI EN ISO 9001:2015 Sistema de gesti\u00f3n de calidad UNI EN ISO 14001:2015 sistema de gesti\u00f3n ambiental Certificado t\u00fcv en condensador turbo-line","og_url":"https:\/\/www.thermokey.com\/es\/download\/certificaciones\/","og_site_name":"Thermokey","article_modified_time":"2026-04-30T10:42:08+00:00","twitter_card":"summary_large_image","twitter_misc":{"Tiempo de lectura":"1 minuto"},"schema":{"@context":"https:\/\/schema.org","@graph":[{"@type":"WebPage","@id":"https:\/\/www.thermokey.com\/es\/download\/certificaciones\/","url":"https:\/\/www.thermokey.com\/es\/download\/certificaciones\/","name":"Certificaciones - Thermokey","isPartOf":{"@id":"https:\/\/www.thermokey.com\/es\/#website"},"datePublished":"2017-12-11T11:20:34+00:00","dateModified":"2026-04-30T10:42:08+00:00","description":"UNI EN ISO 9001:2015 Sistema de gesti\u00f3n de calidad UNI EN ISO 14001:2015 sistema de gesti\u00f3n ambiental Certificado t\u00fcv en condensador turbo-line","breadcrumb":{"@id":"https:\/\/www.thermokey.com\/es\/download\/certificaciones\/#breadcrumb"},"inLanguage":"es","potentialAction":[{"@type":"ReadAction","target":["https:\/\/www.thermokey.com\/es\/download\/certificaciones\/"]}]},{"@type":"BreadcrumbList","@id":"https:\/\/www.thermokey.com\/es\/download\/certificaciones\/#breadcrumb","itemListElement":[{"@type":"ListItem","position":1,"name":"Home","item":"https:\/\/www.thermokey.com\/es\/"},{"@type":"ListItem","position":2,"name":"Download","item":"https:\/\/www.thermokey.com\/es\/download\/"},{"@type":"ListItem","position":3,"name":"Certificaciones"}]},{"@type":"WebSite","@id":"https:\/\/www.thermokey.com\/es\/#website","url":"https:\/\/www.thermokey.com\/es\/","name":"Thermokey","description":"Heat Exchange Solutions","potentialAction":[{"@type":"SearchAction","target":{"@type":"EntryPoint","urlTemplate":"https:\/\/www.thermokey.com\/es\/?s={search_term_string}"},"query-input":{"@type":"PropertyValueSpecification","valueRequired":true,"valueName":"search_term_string"}}],"inLanguage":"es"}]}},"_links":{"self":[{"href":"https:\/\/www.thermokey.com\/es\/wp-json\/wp\/v2\/pages\/2967","targetHints":{"allow":["GET"]}}],"collection":[{"href":"https:\/\/www.thermokey.com\/es\/wp-json\/wp\/v2\/pages"}],"about":[{"href":"https:\/\/www.thermokey.com\/es\/wp-json\/wp\/v2\/types\/page"}],"author":[{"embeddable":true,"href":"https:\/\/www.thermokey.com\/es\/wp-json\/wp\/v2\/users\/1"}],"replies":[{"embeddable":true,"href":"https:\/\/www.thermokey.com\/es\/wp-json\/wp\/v2\/comments?post=2967"}],"version-history":[{"count":33,"href":"https:\/\/www.thermokey.com\/es\/wp-json\/wp\/v2\/pages\/2967\/revisions"}],"predecessor-version":[{"id":66800,"href":"https:\/\/www.thermokey.com\/es\/wp-json\/wp\/v2\/pages\/2967\/revisions\/66800"}],"up":[{"embeddable":true,"href":"https:\/\/www.thermokey.com\/es\/wp-json\/wp\/v2\/pages\/4855"}],"wp:attachment":[{"href":"https:\/\/www.thermokey.com\/es\/wp-json\/wp\/v2\/media?parent=2967"}],"curies":[{"name":"wp","href":"https:\/\/api.w.org\/{rel}","templated":true}]}}