{"id":2742,"date":"2017-11-08T16:57:38","date_gmt":"2017-11-08T15:57:38","guid":{"rendered":"http:\/\/dev.thermokey.it\/thermokey-heat-exchange-solutions-from-1991\/"},"modified":"2025-03-20T14:43:17","modified_gmt":"2025-03-20T13:43:17","slug":"thermokey-soluciones-de-intercambio-de-calor-desde-1991","status":"publish","type":"page","link":"https:\/\/www.thermokey.com\/es\/thermokey-soluciones-de-intercambio-de-calor-desde-1991\/","title":{"rendered":"Thermokey &#8211; Soluciones de intercambio de calor desde 1991"},"content":{"rendered":"<section class=\"wpb-content-wrapper\"><!DOCTYPE html PUBLIC \"-\/\/W3C\/\/DTD HTML 4.0 Transitional\/\/EN\" \"http:\/\/www.w3.org\/TR\/REC-html40\/loose.dtd\">\n<html><body><p>[vc_row][vc_column][vc_video link=&raquo;https:\/\/www.youtube.com\/watch?v=DQSHA6ljstQ&amp;t=19s&raquo;][\/vc_column][\/vc_row][vc_row css=&raquo;.vc_custom_1513780068584{padding-top: 30px !important;}&raquo;][vc_column width=&raquo;1\/3&Prime; css=&raquo;.vc_custom_1516182729661{padding-bottom: 25px !important;}&raquo;][vc_column_text el_class=&raquo;tk-quote-lines&raquo;]<span style=\"font-size: 1.5em; color: #00497c;\"><em>La complejidad del mercado se aborda con inteligencia, con la capacidad de identificar la soluci&oacute;n m&aacute;s eficiente a su disposici&oacute;n en cada momento. Nuestra fortaleza es trabajar con personas inteligentes; nuestro valor es crear para cada persona las condiciones para expresar lo mejor posible su propio talento personal.<\/em><\/span>[\/vc_column_text][vc_column_text css=&raquo;.vc_custom_1527240011323{padding-left: 45px !important;}&raquo;]Giorgio Visentini<br>\n&mdash; Consejero Delegado, ThermoKey Spa[\/vc_column_text][\/vc_column][vc_column width=&raquo;2\/3&Prime;][vc_custom_heading text=&raquo;M&Aacute;S DE 30 A&Ntilde;OS DE &Eacute;XITO&raquo; font_container=&raquo;tag:div|font_size:2em|text_align:left|color:%2300497c|line_height:100%25&Prime; use_theme_fonts=&raquo;yes&raquo; el_class=&raquo;tk-titles-blue-underline&raquo;][vc_column_text]Fundada en 1991, ThermoKey ha fabricado intercambiadores de calor de diferentes tipos durante m&aacute;s de 30 a&ntilde;os y actualmente es conocida internacionalmente como el socio ideal para los fabricantes de unidades de refrigeraci&oacute;n en los campos de procesos de A\/A refrigeraci&oacute;n y enfriamiento.<\/p>\n<p>Los intercambiadores ThermoKey abarcan desde n&uacute;cleos con aletas compactas, unidades refrigeradoras, refrigeradores de l&iacute;quido y condensadores remotos, ambos con tubo redondo y tecnolog&iacute;a de microcanal de aluminio.<\/p>\n<p>La compa&ntilde;&iacute;a suministra OEM e instaladores del &aacute;rea m&aacute;s importante del sector, el noreste de Italia, donde ha desarrollado un know-how distintivo: la capacidad de identificar r&aacute;pidamente y entregar la mejor soluci&oacute;n para satisfacer las necesidades del cliente.<\/p>\n<p>Todos los productos son completamente dise&ntilde;ados, desarrollados y fabricados dentro de la empresa, con la colaboraci&oacute;n de instituciones de certificaci&oacute;n internacionales.<\/p>\n<p>Junto a la amplia gama de intercambiadores incluidos en nuestro cat&aacute;logo, existen intercambiadores especiales, dise&ntilde;ados seg&uacute;n las necesidades espec&iacute;ficas del cliente.[\/vc_column_text][\/vc_column][\/vc_row][vc_row][vc_column][vc_custom_heading text=&raquo;UNA UBICACI&Oacute;N ESTRAT&Eacute;GICA&raquo; font_container=&raquo;tag:div|font_size:2em|text_align:left|color:%2300497c|line_height:100%25&Prime; use_theme_fonts=&raquo;yes&raquo; css=&raquo;.vc_custom_1527240137234{padding-top: 30px !important;padding-bottom: 10px !important;}&raquo;][vc_single_image image=&raquo;1841&Prime; img_size=&raquo;full&raquo; alignment=&raquo;center&raquo; css=&raquo;.vc_custom_1513702242448{border-top-width: 1px !important;border-right-width: 1px !important;border-right-color: #e3e4e4 !important;border-right-style: solid !important;border-top-color: #e3e4e4 !important;border-top-style: solid !important;}&raquo;][\/vc_column][\/vc_row][vc_row css=&raquo;.vc_custom_1533559810051{padding-top: 30px !important;}&raquo; el_id=&raquo;Sostenibilidad-y-know-how&raquo;][vc_column width=&raquo;3\/12&Prime;][vc_custom_heading text=&raquo;KNOW HOW&raquo; font_container=&raquo;tag:div|font_size:2em|text_align:left|color:%2300497c|line_height:100%25&Prime; use_theme_fonts=&raquo;yes&raquo; el_class=&raquo;tk-titles-blue-underline&raquo;][vc_column_text]Gracias a un proceso de TI y de producci&oacute;n extremadamente flexible, as&iacute; como a un equipo de ingenieros y vendedores centrados en las necesidades espec&iacute;ficas de cada cliente, ThermoKey ofrece productos que se dise&ntilde;an y entregan en el menor tiempo posible.<\/p>\n<p>La compa&ntilde;&iacute;a puede suministrar soluciones para aire acondicionado industrial, refrigeraci&oacute;n y enfriamiento industrial.[\/vc_column_text][\/vc_column][vc_column width=&raquo;1\/12&Prime;][\/vc_column][vc_column width=&raquo;8\/12&Prime;][vc_custom_heading text=&raquo;POR QU&Eacute; THERMOKEY&raquo; font_container=&raquo;tag:div|font_size:2em|text_align:left|color:%2300497c|line_height:100%25&Prime; use_theme_fonts=&raquo;yes&raquo; el_class=&raquo;tk-titles-blue-underline&raquo;][vc_column_text el_class=&raquo;why-thermokey-list&raquo;]ThermoKey es un l&iacute;der tecnol&oacute;gico que cumple con los desaf&iacute;os de nuestro tiempo:<\/p>\n<ul>\n<li><strong>o Crecimiento promedio de las temperaturas globales del planeta debido a refrigerantes con alto gwp (potencial de calentamiento global):<\/strong>\n<ul>\n<li>Thermokey es el primer fabricante europeo de intercambiadores de calor y unidades de ventiladores que utilizan intercambiadores de calor de microcanal de aluminio. La tecnolog&iacute;a microcanal permite una reducci&oacute;n de fluido refrigerante de hasta el 65 % y es compatible con refrigerantes sin gwp, como amon&iacute;aco y propano.<\/li>\n<\/ul>\n<\/li>\n<\/ul>\n<ul>\n<li><strong>Escasez de agua:<\/strong>\n<ul>\n<li>Thermokey ofrece soluciones de enfriamiento de proceso de circuito cerrado como alternativa a las generalizadas torres de enfriamiento por evaporaci&oacute;n.<\/li>\n<\/ul>\n<\/li>\n<\/ul>\n<ul>\n<li><strong>Aumento de la poblaci&oacute;n:<\/strong>\n<ul>\n<li>ThermoKey is proud to contribute &ndash; with its refrigeration products &ndash; to a proper production and storage of high quality foods and pharmaceutical goods.<\/li>\n<\/ul>\n<\/li>\n<\/ul>\n<ul>\n<li><strong>Mejora de la calidad de vida:<\/strong>\n<ul>\n<li>ThermoKey, con sus productos HVAC, contribuye a implementar entornos con aire acondicionado.<\/li>\n<\/ul>\n<\/li>\n<\/ul>\n<ul>\n<li><strong>Consumo de energ&iacute;a de los centros de datos en crecimiento:<\/strong>\n<ul>\n<li>ThermoKey ofrece soluciones para una disipaci&oacute;n de calor sin refrigeraci&oacute;n para lograr una reducci&oacute;n sustancial de los costos de energ&iacute;a de refrigeraci&oacute;n.<\/li>\n<\/ul>\n<\/li>\n<\/ul>\n<p>[\/vc_column_text][\/vc_column][\/vc_row][vc_row][vc_column css=&raquo;.vc_custom_1515754268725{padding-top: 60px !important;}&raquo;][vc_custom_heading text=&raquo;CERTIFICADOS DE CALIDAD&raquo; font_container=&raquo;tag:div|font_size:2em|text_align:left|color:%2300497c|line_height:100%25&Prime; use_theme_fonts=&raquo;yes&raquo; el_class=&raquo;tk-titles-blue-underline&raquo;][vc_column_text]<\/p>\n<ul>\n<li>Desde 2002 <a href=\"https:\/\/www.thermokey.com\/wp-content\/uploads\/2021\/04\/ISO-9001_7-04-21.pdf\" target=\"_blank\" rel=\"noopener noreferrer\"><strong>UNI EN ISO 9001:2015 Sistema de gesti&oacute;n de calidad<\/strong><\/a><\/li>\n<li>Desde 2005 <a href=\"https:\/\/www.thermokey.com\/wp-content\/uploads\/2026\/01\/ISO-14001-13-01-2026.pdf\" target=\"_blank\" rel=\"noopener noreferrer\"><strong>UNI EN ISO 14001:2015 Sistema de gesti&oacute;n ambiental<\/strong><\/a><\/li>\n<li>Desde 2009 <a href=\"\/dev\/wp-content\/uploads\/2018\/01\/T%C3%9CV_Certificate_against_Legionella_for_ThermoKey_Air_Fresh_System.pdf\" target=\"_blank\" rel=\"noopener noreferrer\"><strong>Certificado T&Uuml;V contra legionela para ThermoKey Air Fresh System<\/strong><\/a><\/li>\n<li>Desde 2015 <a href=\"\/dev\/wp-content\/uploads\/2018\/01\/EAC_Declaration_and_Certificate.pdf\" target=\"_blank\" rel=\"noopener noreferrer\"><strong>Declaraci&oacute;n y certificado EAC<\/strong><\/a><\/li>\n<li>Desde 2016 <a href=\"\/dev\/wp-content\/uploads\/2018\/01\/Wet_Fin_System_Hygiene_Certificate.pdf\" target=\"_blank\" rel=\"noopener noreferrer\"><strong>Certificado de higiene del sistema Wet Fin System (WFS)<\/strong><\/a><\/li>\n<li>Desde 2018 <a href=\"\/dev\/wp-content\/uploads\/2023\/04\/23.130_ThermoKey-SpA_Hygiene-certifcate_EPS.pdf\"><strong> Certificado de higiene del sistema Evaporative Panel System (EPS)<\/strong><\/a><\/li>\n<li>Desde 2019 <a href=\"https:\/\/www.thermokey.com\/wp-content\/uploads\/2022\/05\/TIS-PED-MI-19-03-278340-14189-Rev.-3.pdf\"><strong>Certificaci&oacute;n Cat.2 PED<\/strong><\/a><\/li>\n<li>Desde 2021 <a href=\"https:\/\/www.thermokey.com\/wp-content\/uploads\/2026\/02\/ISO-45001-31-01-2026.pdf\"><strong>UNI ISO 45001:2018 Sistema de gesti&oacute;n de la seguridad y la salud en el trabajo<\/strong><\/a><\/li>\n<\/ul>\n<p>[\/vc_column_text][\/vc_column][\/vc_row]<\/p>\n<\/body><\/html>\n<\/section>","protected":false},"excerpt":{"rendered":"<p>[vc_row][vc_column][vc_video link=&raquo;https:\/\/www.youtube.com\/watch?v=DQSHA6ljstQ&amp;t=19s&raquo;][\/vc_column][\/vc_row][vc_row css=&raquo;.vc_custom_1513780068584{padding-top: 30px !important;}&raquo;][vc_column width=&raquo;1\/3&Prime; css=&raquo;.vc_custom_1516182729661{padding-bottom: 25px !important;}&raquo;][vc_column_text el_class=&raquo;tk-quote-lines&raquo;]La complejidad del mercado se aborda con inteligencia, con la capacidad de identificar la soluci&oacute;n m&aacute;s eficiente a su disposici&oacute;n en cada momento. Nuestra fortaleza es trabajar con personas inteligentes; nuestro valor es crear para cada persona las condiciones para expresar lo mejor posible su propio [&hellip;]<\/p>\n","protected":false},"author":1,"featured_media":0,"parent":0,"menu_order":0,"comment_status":"closed","ping_status":"closed","template":"","meta":{"_acf_changed":false,"inline_featured_image":false,"footnotes":""},"class_list":["post-2742","page","type-page","status-publish","hentry"],"acf":[],"yoast_head":"<!-- This site is optimized with the Yoast SEO plugin v27.5 - https:\/\/yoast.com\/product\/yoast-seo-wordpress\/ -->\n<title>Thermokey - Soluciones de intercambio de calor desde 1991 - Thermokey<\/title>\n<meta name=\"description\" content=\"La complejidad del mercado se aborda con inteligencia, con la capacidad de identificar la soluci\u00f3n m\u00e1s eficiente a su disposici\u00f3n en cada momento. Nuestra\" \/>\n<meta name=\"robots\" content=\"index, follow, max-snippet:-1, max-image-preview:large, max-video-preview:-1\" \/>\n<link rel=\"canonical\" href=\"https:\/\/www.thermokey.com\/es\/thermokey-soluciones-de-intercambio-de-calor-desde-1991\/\" \/>\n<meta property=\"og:locale\" content=\"es_ES\" \/>\n<meta property=\"og:type\" content=\"article\" \/>\n<meta property=\"og:title\" content=\"Thermokey - Soluciones de intercambio de calor desde 1991 - Thermokey\" \/>\n<meta property=\"og:description\" content=\"La complejidad del mercado se aborda con inteligencia, con la capacidad de identificar la soluci\u00f3n m\u00e1s eficiente a su disposici\u00f3n en cada momento. Nuestra\" \/>\n<meta property=\"og:url\" content=\"https:\/\/www.thermokey.com\/es\/thermokey-soluciones-de-intercambio-de-calor-desde-1991\/\" \/>\n<meta property=\"og:site_name\" content=\"Thermokey\" \/>\n<meta property=\"article:modified_time\" content=\"2025-03-20T13:43:17+00:00\" \/>\n<meta name=\"twitter:card\" content=\"summary_large_image\" \/>\n<meta name=\"twitter:label1\" content=\"Tiempo de lectura\" \/>\n\t<meta name=\"twitter:data1\" content=\"3 minutos\" \/>\n<script type=\"application\/ld+json\" class=\"yoast-schema-graph\">{\"@context\":\"https:\\\/\\\/schema.org\",\"@graph\":[{\"@type\":\"WebPage\",\"@id\":\"https:\\\/\\\/www.thermokey.com\\\/es\\\/thermokey-soluciones-de-intercambio-de-calor-desde-1991\\\/\",\"url\":\"https:\\\/\\\/www.thermokey.com\\\/es\\\/thermokey-soluciones-de-intercambio-de-calor-desde-1991\\\/\",\"name\":\"Thermokey - Soluciones de intercambio de calor desde 1991 - Thermokey\",\"isPartOf\":{\"@id\":\"https:\\\/\\\/www.thermokey.com\\\/es\\\/#website\"},\"datePublished\":\"2017-11-08T15:57:38+00:00\",\"dateModified\":\"2025-03-20T13:43:17+00:00\",\"description\":\"La complejidad del mercado se aborda con inteligencia, con la capacidad de identificar la soluci\u00f3n m\u00e1s eficiente a su disposici\u00f3n en cada momento. Nuestra\",\"breadcrumb\":{\"@id\":\"https:\\\/\\\/www.thermokey.com\\\/es\\\/thermokey-soluciones-de-intercambio-de-calor-desde-1991\\\/#breadcrumb\"},\"inLanguage\":\"es\",\"potentialAction\":[{\"@type\":\"ReadAction\",\"target\":[\"https:\\\/\\\/www.thermokey.com\\\/es\\\/thermokey-soluciones-de-intercambio-de-calor-desde-1991\\\/\"]}]},{\"@type\":\"BreadcrumbList\",\"@id\":\"https:\\\/\\\/www.thermokey.com\\\/es\\\/thermokey-soluciones-de-intercambio-de-calor-desde-1991\\\/#breadcrumb\",\"itemListElement\":[{\"@type\":\"ListItem\",\"position\":1,\"name\":\"Home\",\"item\":\"https:\\\/\\\/www.thermokey.com\\\/es\\\/\"},{\"@type\":\"ListItem\",\"position\":2,\"name\":\"Thermokey &#8211; Soluciones de intercambio de calor desde 1991\"}]},{\"@type\":\"WebSite\",\"@id\":\"https:\\\/\\\/www.thermokey.com\\\/es\\\/#website\",\"url\":\"https:\\\/\\\/www.thermokey.com\\\/es\\\/\",\"name\":\"Thermokey\",\"description\":\"Heat Exchange Solutions\",\"potentialAction\":[{\"@type\":\"SearchAction\",\"target\":{\"@type\":\"EntryPoint\",\"urlTemplate\":\"https:\\\/\\\/www.thermokey.com\\\/es\\\/?s={search_term_string}\"},\"query-input\":{\"@type\":\"PropertyValueSpecification\",\"valueRequired\":true,\"valueName\":\"search_term_string\"}}],\"inLanguage\":\"es\"}]}<\/script>\n<!-- \/ Yoast SEO plugin. -->","yoast_head_json":{"title":"Thermokey - Soluciones de intercambio de calor desde 1991 - Thermokey","description":"La complejidad del mercado se aborda con inteligencia, con la capacidad de identificar la soluci\u00f3n m\u00e1s eficiente a su disposici\u00f3n en cada momento. Nuestra","robots":{"index":"index","follow":"follow","max-snippet":"max-snippet:-1","max-image-preview":"max-image-preview:large","max-video-preview":"max-video-preview:-1"},"canonical":"https:\/\/www.thermokey.com\/es\/thermokey-soluciones-de-intercambio-de-calor-desde-1991\/","og_locale":"es_ES","og_type":"article","og_title":"Thermokey - Soluciones de intercambio de calor desde 1991 - Thermokey","og_description":"La complejidad del mercado se aborda con inteligencia, con la capacidad de identificar la soluci\u00f3n m\u00e1s eficiente a su disposici\u00f3n en cada momento. Nuestra","og_url":"https:\/\/www.thermokey.com\/es\/thermokey-soluciones-de-intercambio-de-calor-desde-1991\/","og_site_name":"Thermokey","article_modified_time":"2025-03-20T13:43:17+00:00","twitter_card":"summary_large_image","twitter_misc":{"Tiempo de lectura":"3 minutos"},"schema":{"@context":"https:\/\/schema.org","@graph":[{"@type":"WebPage","@id":"https:\/\/www.thermokey.com\/es\/thermokey-soluciones-de-intercambio-de-calor-desde-1991\/","url":"https:\/\/www.thermokey.com\/es\/thermokey-soluciones-de-intercambio-de-calor-desde-1991\/","name":"Thermokey - Soluciones de intercambio de calor desde 1991 - Thermokey","isPartOf":{"@id":"https:\/\/www.thermokey.com\/es\/#website"},"datePublished":"2017-11-08T15:57:38+00:00","dateModified":"2025-03-20T13:43:17+00:00","description":"La complejidad del mercado se aborda con inteligencia, con la capacidad de identificar la soluci\u00f3n m\u00e1s eficiente a su disposici\u00f3n en cada momento. Nuestra","breadcrumb":{"@id":"https:\/\/www.thermokey.com\/es\/thermokey-soluciones-de-intercambio-de-calor-desde-1991\/#breadcrumb"},"inLanguage":"es","potentialAction":[{"@type":"ReadAction","target":["https:\/\/www.thermokey.com\/es\/thermokey-soluciones-de-intercambio-de-calor-desde-1991\/"]}]},{"@type":"BreadcrumbList","@id":"https:\/\/www.thermokey.com\/es\/thermokey-soluciones-de-intercambio-de-calor-desde-1991\/#breadcrumb","itemListElement":[{"@type":"ListItem","position":1,"name":"Home","item":"https:\/\/www.thermokey.com\/es\/"},{"@type":"ListItem","position":2,"name":"Thermokey &#8211; Soluciones de intercambio de calor desde 1991"}]},{"@type":"WebSite","@id":"https:\/\/www.thermokey.com\/es\/#website","url":"https:\/\/www.thermokey.com\/es\/","name":"Thermokey","description":"Heat Exchange Solutions","potentialAction":[{"@type":"SearchAction","target":{"@type":"EntryPoint","urlTemplate":"https:\/\/www.thermokey.com\/es\/?s={search_term_string}"},"query-input":{"@type":"PropertyValueSpecification","valueRequired":true,"valueName":"search_term_string"}}],"inLanguage":"es"}]}},"_links":{"self":[{"href":"https:\/\/www.thermokey.com\/es\/wp-json\/wp\/v2\/pages\/2742","targetHints":{"allow":["GET"]}}],"collection":[{"href":"https:\/\/www.thermokey.com\/es\/wp-json\/wp\/v2\/pages"}],"about":[{"href":"https:\/\/www.thermokey.com\/es\/wp-json\/wp\/v2\/types\/page"}],"author":[{"embeddable":true,"href":"https:\/\/www.thermokey.com\/es\/wp-json\/wp\/v2\/users\/1"}],"replies":[{"embeddable":true,"href":"https:\/\/www.thermokey.com\/es\/wp-json\/wp\/v2\/comments?post=2742"}],"version-history":[{"count":21,"href":"https:\/\/www.thermokey.com\/es\/wp-json\/wp\/v2\/pages\/2742\/revisions"}],"predecessor-version":[{"id":54289,"href":"https:\/\/www.thermokey.com\/es\/wp-json\/wp\/v2\/pages\/2742\/revisions\/54289"}],"wp:attachment":[{"href":"https:\/\/www.thermokey.com\/es\/wp-json\/wp\/v2\/media?parent=2742"}],"curies":[{"name":"wp","href":"https:\/\/api.w.org\/{rel}","templated":true}]}}