{"id":66412,"date":"2026-04-14T11:04:17","date_gmt":"2026-04-14T09:04:17","guid":{"rendered":"https:\/\/www.thermokey.com\/?page_id=66412"},"modified":"2026-04-14T11:04:17","modified_gmt":"2026-04-14T09:04:17","slug":"vertriebsnetz-rest-der-welt","status":"publish","type":"page","link":"https:\/\/www.thermokey.com\/de\/vertriebsnetz-rest-der-welt\/","title":{"rendered":"Vertriebsnetz &#8211; Rest der Welt"},"content":{"rendered":"<section class=\"wpb-content-wrapper\"><!DOCTYPE html PUBLIC \"-\/\/W3C\/\/DTD HTML 4.0 Transitional\/\/EN\" \"http:\/\/www.w3.org\/TR\/REC-html40\/loose.dtd\">\n<html><body><p>[vc_row css=&ldquo;.vc_custom_1775726683437{margin-top: 45px !important;}&ldquo;][vc_column css=&ldquo;.vc_custom_1775727117790{padding-left: 120px !important;}&ldquo;][vc_column_text css=&ldquo;.vc_custom_1776153819888{padding-top: 20px !important;padding-bottom: 20px !important;}&ldquo;]<\/p>\n<p style=\"text-align: center;\"><strong>Thermokey S.p.A.<\/strong><br>\n<a href=\"https:\/\/maps.app.goo.gl\/6Ng8a766kWVDp4js9\">Via dell&rsquo;Industria, 1 &ndash; 33061<\/a><br>\nRivarotta di Rivignano Teor (UD)<br>\nT. +39 0432 772300 | F.+39 0432 779734<\/p>\n<p style=\"text-align: center;\"><span style=\"text-decoration: underline;\"><a href=\"mailto:info@thermokey.com\">info@thermokey.com<\/a><\/span> |&nbsp;<span style=\"text-decoration: underline;\"><a href=\"mailto:sales@thermokey.com\">sales@thermokey.com<\/a><\/span><\/p>\n<p>[\/vc_column_text][vc_column_text css=&ldquo;.vc_custom_1776153956839{padding-top: 20px !important;padding-bottom: 20px !important;}&ldquo;]<\/p>\n<p style=\"text-align: center;\"><strong><span style=\"font-size: 1em;\">Alternativ f&uuml;llen Sie bitte das untenstehende Formular aus.<br>\n<\/span><\/strong>Ein zust&auml;ndiger Sales Area Manager wird sich in K&uuml;rze mit Ihnen in Verbindung setzen.<\/p>\n<p>[\/vc_column_text][\/vc_column][\/vc_row]<\/p>\n<\/body><\/html>\n<\/section>","protected":false},"excerpt":{"rendered":"<p>[vc_row css=&ldquo;.vc_custom_1775726683437{margin-top: 45px !important;}&ldquo;][vc_column css=&ldquo;.vc_custom_1775727117790{padding-left: 120px !important;}&ldquo;][vc_column_text css=&ldquo;.vc_custom_1776153819888{padding-top: 20px !important;padding-bottom: 20px !important;}&ldquo;] Thermokey S.p.A. Via dell&rsquo;Industria, 1 &ndash; 33061 Rivarotta di Rivignano Teor (UD) T. +39 0432 772300 | F.+39 0432 779734 info@thermokey.com |&nbsp;sales@thermokey.com [\/vc_column_text][vc_column_text css=&ldquo;.vc_custom_1776153956839{padding-top: 20px !important;padding-bottom: 20px !important;}&ldquo;] Alternativ f&uuml;llen Sie bitte das untenstehende Formular aus. Ein zust&auml;ndiger Sales Area Manager wird sich [&hellip;]<\/p>\n","protected":false},"author":2,"featured_media":0,"parent":0,"menu_order":0,"comment_status":"closed","ping_status":"closed","template":"","meta":{"_acf_changed":false,"inline_featured_image":false,"footnotes":""},"class_list":["post-66412","page","type-page","status-publish","hentry"],"acf":[],"yoast_head":"<!-- This site is optimized with the Yoast SEO plugin v27.1.1 - https:\/\/yoast.com\/product\/yoast-seo-wordpress\/ -->\n<title>Rest der Welt - ThermoKey<\/title>\n<meta name=\"description\" content=\"Das Thermokey\u2011Vertriebsnetzwerk f\u00fcr den Rest der Welt bietet lokale HVAC\u2011R\u2011Expertise und ma\u00dfgeschneiderte W\u00e4rmetauscherl\u00f6sungen.\" \/>\n<meta name=\"robots\" content=\"index, follow, max-snippet:-1, max-image-preview:large, max-video-preview:-1\" \/>\n<link rel=\"canonical\" href=\"https:\/\/www.thermokey.com\/de\/vertriebsnetz-rest-der-welt\/\" \/>\n<meta property=\"og:locale\" content=\"de_DE\" \/>\n<meta property=\"og:type\" content=\"article\" \/>\n<meta property=\"og:title\" content=\"Rest der Welt - ThermoKey\" \/>\n<meta property=\"og:description\" content=\"Das Thermokey\u2011Vertriebsnetzwerk f\u00fcr den Rest der Welt bietet lokale HVAC\u2011R\u2011Expertise und ma\u00dfgeschneiderte W\u00e4rmetauscherl\u00f6sungen.\" \/>\n<meta property=\"og:url\" content=\"https:\/\/www.thermokey.com\/de\/vertriebsnetz-rest-der-welt\/\" \/>\n<meta property=\"og:site_name\" content=\"Thermokey\" \/>\n<meta name=\"twitter:card\" content=\"summary_large_image\" \/>\n<meta name=\"twitter:label1\" content=\"Gesch\u00e4tzte Lesezeit\" \/>\n\t<meta name=\"twitter:data1\" content=\"1\u00a0Minute\" \/>\n<script type=\"application\/ld+json\" class=\"yoast-schema-graph\">{\"@context\":\"https:\/\/schema.org\",\"@graph\":[{\"@type\":\"WebPage\",\"@id\":\"https:\/\/www.thermokey.com\/de\/vertriebsnetz-rest-der-welt\/\",\"url\":\"https:\/\/www.thermokey.com\/de\/vertriebsnetz-rest-der-welt\/\",\"name\":\"Rest der Welt - ThermoKey\",\"isPartOf\":{\"@id\":\"https:\/\/www.thermokey.com\/de\/#website\"},\"datePublished\":\"2026-04-14T09:04:17+00:00\",\"description\":\"Das Thermokey\u2011Vertriebsnetzwerk f\u00fcr den Rest der Welt bietet lokale HVAC\u2011R\u2011Expertise und ma\u00dfgeschneiderte W\u00e4rmetauscherl\u00f6sungen.\",\"breadcrumb\":{\"@id\":\"https:\/\/www.thermokey.com\/de\/vertriebsnetz-rest-der-welt\/#breadcrumb\"},\"inLanguage\":\"de\",\"potentialAction\":[{\"@type\":\"ReadAction\",\"target\":[\"https:\/\/www.thermokey.com\/de\/vertriebsnetz-rest-der-welt\/\"]}]},{\"@type\":\"BreadcrumbList\",\"@id\":\"https:\/\/www.thermokey.com\/de\/vertriebsnetz-rest-der-welt\/#breadcrumb\",\"itemListElement\":[{\"@type\":\"ListItem\",\"position\":1,\"name\":\"Home\",\"item\":\"https:\/\/www.thermokey.com\/de\/\"},{\"@type\":\"ListItem\",\"position\":2,\"name\":\"Vertriebsnetz &#8211; Rest der Welt\"}]},{\"@type\":\"WebSite\",\"@id\":\"https:\/\/www.thermokey.com\/de\/#website\",\"url\":\"https:\/\/www.thermokey.com\/de\/\",\"name\":\"Thermokey\",\"description\":\"Heat Exchange Solutions\",\"potentialAction\":[{\"@type\":\"SearchAction\",\"target\":{\"@type\":\"EntryPoint\",\"urlTemplate\":\"https:\/\/www.thermokey.com\/de\/?s={search_term_string}\"},\"query-input\":{\"@type\":\"PropertyValueSpecification\",\"valueRequired\":true,\"valueName\":\"search_term_string\"}}],\"inLanguage\":\"de\"}]}<\/script>\n<!-- \/ Yoast SEO plugin. -->","yoast_head_json":{"title":"Rest der Welt - ThermoKey","description":"Das Thermokey\u2011Vertriebsnetzwerk f\u00fcr den Rest der Welt bietet lokale HVAC\u2011R\u2011Expertise und ma\u00dfgeschneiderte W\u00e4rmetauscherl\u00f6sungen.","robots":{"index":"index","follow":"follow","max-snippet":"max-snippet:-1","max-image-preview":"max-image-preview:large","max-video-preview":"max-video-preview:-1"},"canonical":"https:\/\/www.thermokey.com\/de\/vertriebsnetz-rest-der-welt\/","og_locale":"de_DE","og_type":"article","og_title":"Rest der Welt - ThermoKey","og_description":"Das Thermokey\u2011Vertriebsnetzwerk f\u00fcr den Rest der Welt bietet lokale HVAC\u2011R\u2011Expertise und ma\u00dfgeschneiderte W\u00e4rmetauscherl\u00f6sungen.","og_url":"https:\/\/www.thermokey.com\/de\/vertriebsnetz-rest-der-welt\/","og_site_name":"Thermokey","twitter_card":"summary_large_image","twitter_misc":{"Gesch\u00e4tzte Lesezeit":"1\u00a0Minute"},"schema":{"@context":"https:\/\/schema.org","@graph":[{"@type":"WebPage","@id":"https:\/\/www.thermokey.com\/de\/vertriebsnetz-rest-der-welt\/","url":"https:\/\/www.thermokey.com\/de\/vertriebsnetz-rest-der-welt\/","name":"Rest der Welt - ThermoKey","isPartOf":{"@id":"https:\/\/www.thermokey.com\/de\/#website"},"datePublished":"2026-04-14T09:04:17+00:00","description":"Das Thermokey\u2011Vertriebsnetzwerk f\u00fcr den Rest der Welt bietet lokale HVAC\u2011R\u2011Expertise und ma\u00dfgeschneiderte W\u00e4rmetauscherl\u00f6sungen.","breadcrumb":{"@id":"https:\/\/www.thermokey.com\/de\/vertriebsnetz-rest-der-welt\/#breadcrumb"},"inLanguage":"de","potentialAction":[{"@type":"ReadAction","target":["https:\/\/www.thermokey.com\/de\/vertriebsnetz-rest-der-welt\/"]}]},{"@type":"BreadcrumbList","@id":"https:\/\/www.thermokey.com\/de\/vertriebsnetz-rest-der-welt\/#breadcrumb","itemListElement":[{"@type":"ListItem","position":1,"name":"Home","item":"https:\/\/www.thermokey.com\/de\/"},{"@type":"ListItem","position":2,"name":"Vertriebsnetz &#8211; Rest der Welt"}]},{"@type":"WebSite","@id":"https:\/\/www.thermokey.com\/de\/#website","url":"https:\/\/www.thermokey.com\/de\/","name":"Thermokey","description":"Heat Exchange Solutions","potentialAction":[{"@type":"SearchAction","target":{"@type":"EntryPoint","urlTemplate":"https:\/\/www.thermokey.com\/de\/?s={search_term_string}"},"query-input":{"@type":"PropertyValueSpecification","valueRequired":true,"valueName":"search_term_string"}}],"inLanguage":"de"}]}},"_links":{"self":[{"href":"https:\/\/www.thermokey.com\/de\/wp-json\/wp\/v2\/pages\/66412","targetHints":{"allow":["GET"]}}],"collection":[{"href":"https:\/\/www.thermokey.com\/de\/wp-json\/wp\/v2\/pages"}],"about":[{"href":"https:\/\/www.thermokey.com\/de\/wp-json\/wp\/v2\/types\/page"}],"author":[{"embeddable":true,"href":"https:\/\/www.thermokey.com\/de\/wp-json\/wp\/v2\/users\/2"}],"replies":[{"embeddable":true,"href":"https:\/\/www.thermokey.com\/de\/wp-json\/wp\/v2\/comments?post=66412"}],"version-history":[{"count":2,"href":"https:\/\/www.thermokey.com\/de\/wp-json\/wp\/v2\/pages\/66412\/revisions"}],"predecessor-version":[{"id":66439,"href":"https:\/\/www.thermokey.com\/de\/wp-json\/wp\/v2\/pages\/66412\/revisions\/66439"}],"wp:attachment":[{"href":"https:\/\/www.thermokey.com\/de\/wp-json\/wp\/v2\/media?parent=66412"}],"curies":[{"name":"wp","href":"https:\/\/api.w.org\/{rel}","templated":true}]}}