{"id":4988,"date":"2017-11-08T16:56:16","date_gmt":"2017-11-08T15:56:16","guid":{"rendered":"https:\/\/www.thermokey.com\/privacy-policy\/"},"modified":"2026-04-01T15:09:23","modified_gmt":"2026-04-01T13:09:23","slug":"datenschutzerklaerung","status":"publish","type":"page","link":"https:\/\/www.thermokey.com\/de\/datenschutzerklaerung\/","title":{"rendered":"Datenschutzerkl\u00e4rung"},"content":{"rendered":"<section class=\"wpb-content-wrapper\"><!DOCTYPE html PUBLIC \"-\/\/W3C\/\/DTD HTML 4.0 Transitional\/\/EN\" \"http:\/\/www.w3.org\/TR\/REC-html40\/loose.dtd\">\n<html><body><p>[vc_row][vc_column][vc_custom_heading text=&ldquo;DATENSCHUTZERKL&Auml;RUNG &ndash; INFORMATION ZUR VERARBEITUNG PERSONENBEZOGENER DATEN&ldquo; font_container=&ldquo;tag:h1|font_size:24|text_align:left|color:%23034a7c&ldquo; use_theme_fonts=&ldquo;yes&ldquo; css=&ldquo;.vc_custom_1774963233513{margin-top: 20px !important;margin-bottom: 10px !important;}&ldquo;][vc_custom_heading text=&ldquo;(ART. 13 UND 14 EU-VERORDNUNG 2016\/679 sowie GvD Nr. 196\/2003 in der jeweils geltenden Fassung)&ldquo; font_container=&ldquo;tag:h3|font_size:16|text_align:left|color:%23034a7c&ldquo; use_theme_fonts=&ldquo;yes&ldquo; css=&ldquo;.vc_custom_1774963283970{margin-top: 10px !important;margin-bottom: 20px !important;}&ldquo;][vc_column_text]<\/p>\n<p data-path-to-node=\"4\">Sehr geehrte Nutzerin, sehr geehrter Nutzer,<\/p>\n<p data-path-to-node=\"4\">Mit dieser Datenschutzerkl&auml;rung m&ouml;chte der Verantwortliche die Nutzer und Besucher der Unternehmenswebsite von THERMOKEY S.p.A. (im Folgenden auch &bdquo;Website&ldquo;) &uuml;ber die Datenschutzpolitik informieren und dabei das eigene Engagement und die besondere Aufmerksamkeit im Hinblick auf den Schutz der Privatsph&auml;re hervorheben.<\/p>\n<div>\n<div class=\"paragraph-in-scc-markdown-text ___1ngh792 ftgm304 f1iaxwol\">Das Navigieren auf der Website ist frei und erfordert keine Registrierung, mit Ausnahme bestimmter Bereiche, in denen der Nutzer freiwillig und ausdr&uuml;cklich personenbezogene Daten angeben kann, um auf spezifische Dienste zuzugreifen.<\/div>\n<\/div>\n<p>[\/vc_column_text][vc_custom_heading text=&ldquo;Verantwortlicher f&uuml;r die Datenverarbeitung&ldquo; font_container=&ldquo;tag:h2|font_size:18|text_align:left|color:%23034a7c&ldquo; use_theme_fonts=&ldquo;yes&ldquo; css=&ldquo;.vc_custom_1774963916581{margin-top: 30px !important;margin-bottom: 20px !important;}&ldquo;][vc_column_text]<\/p>\n<div>Verantwortlicher f&uuml;r die Datenverarbeitung ist THERMOKEY S.p.A., mit Sitz in Via dell&rsquo;Industria 1, 33061 Rivarotta di Rivignano Teor (UD), E-Mail: <a href=\"mailto:info@thermokey.com\"><span style=\"text-decoration: underline;\">info@thermokey.com<\/span><\/a> und PEC: <span style=\"text-decoration: underline;\"><a href=\"mailto:thermokey@deltapec.it\">thermokey@deltapec.it<\/a><\/span><\/div>\n<p>[\/vc_column_text][vc_custom_heading text=&ldquo;Quellen der erhobenen personenbezogenen Daten, Art der Daten und Verarbeitungszwecke&ldquo; font_container=&ldquo;tag:h2|font_size:18|text_align:left|color:%23034a7c&ldquo; use_theme_fonts=&ldquo;yes&ldquo; css=&ldquo;.vc_custom_1774963363041{margin-top: 30px !important;margin-bottom: 20px !important;}&ldquo;][vc_column_text]<strong><span style=\"text-decoration: underline;\">Daten, die &uuml;ber IT-SYSTEME UND DIE WEBSITE erhoben werden<\/span><\/strong><\/p>\n<p>Die IT-Systeme und Softwareverfahren, die f&uuml;r den Betrieb der Website eingesetzt werden, erfassen bestimmte personenbezogene Daten, deren &Uuml;bermittlung bei der Nutzung von Internet-Kommunikationsprotokollen implizit ist.<\/p>\n<p>Zu dieser Datenkategorie geh&ouml;ren &ndash; beispielhaft, aber nicht abschlie&szlig;end &ndash; IP-Adressen oder Domainnamen der Computer und Endger&auml;te der Nutzer, Zeitpunkt der Anfrage sowie weitere Parameter bez&uuml;glich des Betriebssystems und der IT-Umgebung des Nutzers.<\/p>\n<div>Diese f&uuml;r die Bereitstellung der Webdienste erforderlichen Daten werden verwendet, um:<\/div>\n<div>\n<ul>\n<li class=\"___ccc16d0 fje8fi8 f1ng9h0j f1bwykku f18jd3zf\">anonyme statistische Informationen &uuml;ber die Nutzung der Website zu gewinnen,<\/li>\n<li class=\"___ccc16d0 fje8fi8 f1ng9h0j f1bwykku f18jd3zf\">deren ordnungsgem&auml;&szlig;e Funktionsweise zu kontrollieren.<\/li>\n<\/ul>\n<div class=\"paragraph-in-scc-markdown-text ___1ngh792 ftgm304 f1iaxwol\">Die Daten werden ausschlie&szlig;lich zu Zwecken verarbeitet, die eng mit der Nutzung der Website und ihrer Dienste verbunden sind. F&uuml;r den Zugang zur Website ist keine Registrierung erforderlich.<\/div>\n<\/div>\n<p><strong><span style=\"text-decoration: underline;\">Daten, die &uuml;ber KONTAKTFORMULARE F&Uuml;R SOFTWARE-DOWNLOAD UND -VERWENDUNG erhoben werden<\/span><\/strong><\/p>\n<p>Die in die Anfrageformulare eingegebenen Daten (Name, Unternehmen, E-Mail, Telefon) werden ausschlie&szlig;lich verarbeitet, um die Anfragen der betroffenen Person zu beantworten und Angebote oder technische Informationen zu &uuml;bermitteln.<\/p>\n<div><span style=\"text-decoration: underline;\">Die Daten werden f&uuml;r folgende Zwecke genutzt:<\/span><\/div>\n<div>\n<ul>\n<li class=\"___ccc16d0 fje8fi8 f1ng9h0j f1bwykku f18jd3zf\">Bereitstellung der angeforderten Informationen, Dienste oder Software;<\/li>\n<li class=\"___ccc16d0 fje8fi8 f1ng9h0j f1bwykku f18jd3zf\">Durchf&uuml;hrung vorvertraglicher oder vertraglicher Ma&szlig;nahmen, die mit der &Uuml;bermittlung von Informationen &uuml;ber die ausgef&uuml;hrten T&auml;tigkeiten verbunden sind.<\/li>\n<\/ul>\n<\/div>\n<p>Diese gew&ouml;hnlichen personenbezogenen Daten k&ouml;nnen &ndash; auch ohne ausdr&uuml;ckliche Einwilligung &ndash; verarbeitet werden, um die gestellten Anfragen zu erf&uuml;llen, vorvertragliche und vertragliche Zwecke zu verfolgen, gesetzlichen Pflichten des Verantwortlichen nachzukommen und berechtigte Interessen des Verantwortlichen zu wahren.<\/p>\n<p><strong><span style=\"text-decoration: underline;\">Daten, die &uuml;ber NEWSLETTER F&Uuml;R MARKETING UND KOMMERZIELLE KOMMUNIKATION erhoben werden<\/span><\/strong><\/p>\n<p>Die Anmeldung zum Newsletter und der Versand von Marketingmitteilungen erfolgen auf Grundlage der freiwilligen Einwilligung der betroffenen Person oder &ndash; im Fall direkter Anmeldung &ndash; durch eine klare, positive Handlung, die den Willen ausdr&uuml;ckt.<\/p>\n<div>Im Fall der Newsletter-Anmeldung werden die Daten f&uuml;r Marketing- und kommerzielle Kommunikationszwecke verwendet.<\/div>\n<p>[\/vc_column_text][vc_custom_heading text=&ldquo;Verarbeitungsmethoden und Umfang der Datenweitergabe&ldquo; font_container=&ldquo;tag:h2|font_size:18|text_align:left|color:%23034a7c&ldquo; use_theme_fonts=&ldquo;yes&ldquo; css=&ldquo;.vc_custom_1774963582914{margin-top: 30px !important;margin-bottom: 20px !important;}&ldquo;][vc_column_text]<\/p>\n<p data-path-to-node=\"7\">Die Daten werden mithilfe automatisierter Systeme verarbeitet, wobei eine rechtm&auml;&szlig;ige und korrekte Verarbeitung sowie die maximale Vertraulichkeit gew&auml;hrleistet werden, in voller &Uuml;bereinstimmung mit den geltenden Vorschriften. Die Daten werden nicht verbreitet und nur von autorisiertem Personal verarbeitet.<\/p>\n<p data-path-to-node=\"7\">Aus rein organisatorischen oder funktionalen Gr&uuml;nden wurden einige Dienstleister, die am Betrieb der Website oder der bereitgestellten Dienste beteiligt sind, zu Auftragsverarbeitern ernannt. Zugriff auf die Daten k&ouml;nnen jene Stellen erhalten, denen dies durch Gesetz oder Verordnung gestattet ist (z.&#8239;B. Justizbeh&ouml;rden oder Sicherheitsbeh&ouml;rden).<\/p>\n<p>[\/vc_column_text][vc_custom_heading text=&ldquo;Bereitstellung der Daten und Verweigerung&ldquo; font_container=&ldquo;tag:h2|font_size:18|text_align:left|color:%23034a7c&ldquo; use_theme_fonts=&ldquo;yes&ldquo; css=&ldquo;.vc_custom_1774963617224{margin-top: 30px !important;margin-bottom: 20px !important;}&ldquo;][vc_column_text]<\/p>\n<p data-path-to-node=\"9\">Die Bereitstellung personenbezogener Daten ist grunds&auml;tzlich freiwillig. Im Rahmen der Nutzung der Kontaktformulare oder f&uuml;r Software-Downloads kann die Nichtbereitstellung jedoch dazu f&uuml;hren, dass bestimmte Dienste nicht zug&auml;nglich sind oder Anfragen nicht bearbeitet werden k&ouml;nnen.<\/p>\n<p>[\/vc_column_text][vc_custom_heading text=&ldquo;Ort der Datenverarbeitung und &Uuml;bermittlung au&szlig;erhalb der Europ&auml;ischen Union&ldquo; font_container=&ldquo;tag:h2|font_size:18|text_align:left|color:%23034a7c&ldquo; use_theme_fonts=&ldquo;yes&ldquo; css=&ldquo;.vc_custom_1774963639513{margin-top: 30px !important;margin-bottom: 20px !important;}&ldquo;][vc_column_text]<\/p>\n<div>Die erhobenen und verarbeiteten Daten werden grunds&auml;tzlich nicht in L&auml;nder oder Organisationen au&szlig;erhalb des EWR &uuml;bermittelt, au&szlig;er wie in der &bdquo;Cookies Policy&ldquo; angegeben und im Fall der Nutzung von Mailchimp f&uuml;r Marketingzwecke. Bei Nutzung dieses Dienstes werden Daten an Empf&auml;nger au&szlig;erhalb der EU (The Rocket Science Group LLC) &uuml;bermittelt, deren L&auml;nder ein angemessenes Schutzniveau vertraglich gew&auml;hrleisten.<\/div>\n<p>[\/vc_column_text][vc_custom_heading text=&ldquo;Aufbewahrungsdauer der Daten&ldquo; font_container=&ldquo;tag:h2|font_size:18|text_align:left|color:%23034a7c&ldquo; use_theme_fonts=&ldquo;yes&ldquo; css=&ldquo;.vc_custom_1774963662664{margin-top: 30px !important;margin-bottom: 20px !important;}&ldquo;][vc_column_text]<\/p>\n<p data-path-to-node=\"3\">Die m&ouml;glicherweise &uuml;ber die Website bereitgestellten Daten werden f&uuml;r die Zeit verarbeitet, die f&uuml;r das Browsing oder die ausdr&uuml;cklich angebotenen Online-Dienste unbedingt erforderlich ist.<\/p>\n<div>\n<div class=\"paragraph-in-scc-markdown-text ___1ngh792 ftgm304 f1iaxwol\">Bez&uuml;glich Tracking-Aktivit&auml;ten wird auf die &bdquo;Cookies Policy&ldquo; verwiesen. Daten zu technischen oder kommerziellen Anfragen werden so lange gespeichert, wie es zur Durchf&uuml;hrung des Dienstes erforderlich ist. Daten zu Marketingzwecken werden bis zum Widerruf der Einwilligung oder bis zur L&ouml;schung auf Wunsch des Betroffenen gespeichert.<\/div>\n<\/div>\n<p>[\/vc_column_text][vc_custom_heading text=&ldquo;Profiling- und Personalisierungsinstrumente&ldquo; font_container=&ldquo;tag:h2|font_size:18|text_align:left|color:%23034a7c&ldquo; use_theme_fonts=&ldquo;yes&ldquo; css=&ldquo;.vc_custom_1774963694887{margin-top: 30px !important;margin-bottom: 20px !important;}&ldquo;][vc_column_text]<\/p>\n<div>Es findet keinerlei Kommunikationsaktivit&auml;t ohne vorherige ausdr&uuml;ckliche Einwilligung des Nutzers statt. Eine detaillierte Erkl&auml;rung zu Cookies ist der entsprechenden <a href=\"https:\/\/www.thermokey.com\/de\/privacy-policy\/ausfuehrliches-informationsblatt-ueber-die-verwendung-von-cookies\/\"><span style=\"text-decoration: underline;\">Cookies Policy<\/span><\/a> zu entnehmen.<\/div>\n<p>[\/vc_column_text][vc_custom_heading text=&ldquo;Rechte der betroffenen Person&ldquo; font_container=&ldquo;tag:h2|font_size:18|text_align:left|color:%23034a7c&ldquo; use_theme_fonts=&ldquo;yes&ldquo; css=&ldquo;.vc_custom_1774963739503{margin-top: 30px !important;margin-bottom: 20px !important;}&ldquo;][vc_column_text]<\/p>\n<div>Jede betroffene Person kann die in den Artikeln 15&ndash;22 der EU-VO 2016\/679 (GDPR) vorgesehenen Rechte aus&uuml;ben, darunter: &bull; Recht auf Zugang zu den eigenen personenbezogenen Daten; &bull; Recht auf Berichtigung, Erg&auml;nzung, L&ouml;schung oder Anonymisierung, sofern keine gesetzlichen Aufbewahrungspflichten entgegenstehen; &bull; Recht auf Einschr&auml;nkung oder Unterbrechung der Verarbeitung; &bull; Recht auf Daten&uuml;bertragbarkeit; &bull; Recht auf Widerruf der Einwilligung, ohne die Rechtm&auml;&szlig;igkeit der zuvor erfolgten Verarbeitung zu beeintr&auml;chtigen; &bull; Recht auf Mitteilung an Dritte, denen die Daten offengelegt wurden; &bull; Recht auf Informationen &uuml;ber die Herkunft der Daten, wenn sie nicht beim Betroffenen erhoben wurden.<\/div>\n<p data-path-to-node=\"4\">Es besteht jederzeit die M&ouml;glichkeit, Beschwerde bei der zust&auml;ndigen Datenschutzbeh&ouml;rde einzureichen.<\/p>\n<div>Die betroffene Person kann ihre Rechte jederzeit aus&uuml;ben, indem sie:<\/div>\n<ul data-path-to-node=\"5\">\n<li>\n<p data-path-to-node=\"5,0,0\">ein Einschreiben mit R&uuml;ckschein an ThermoKey S.p.A. &ndash; Via dell&rsquo;Industria 1 &ndash; 33061 Rivarotta di Rivignano Teor (UD) sendet;<\/p>\n<\/li>\n<li>\n<p data-path-to-node=\"5,1,0\">eine E-Mail an <span style=\"text-decoration: underline;\"><a href=\"mailto:privacy@thermokey.com\">privacy@thermokey.com<\/a><\/span> schreibt.<\/p>\n<p data-path-to-node=\"5,1,0\">\n<\/p><\/li>\n<\/ul>\n<p>[\/vc_column_text][\/vc_column][\/vc_row][vc_row css=&ldquo;.vc_custom_1774884495426{margin-top: 40px !important;}&ldquo;][vc_column width=&ldquo;1\/2&Prime;][vc_column_text]<span style=\"font-size: 1em;\"><strong>Daten<\/strong><br>\n30\/03\/2026<\/span>[\/vc_column_text][\/vc_column][vc_column width=&ldquo;1\/2&Prime;][vc_column_text]<\/p>\n<p style=\"text-align: right;\"><strong>Verantwortlicher f&uuml;r die Datenverarbeitung<\/strong><br>\n<em>ThermoKey Spa<\/em><\/p>\n<p>[\/vc_column_text][\/vc_column][\/vc_row]<\/p>\n<\/body><\/html>\n<\/section>","protected":false},"excerpt":{"rendered":"<p>[vc_row][vc_column][vc_custom_heading text=&ldquo;DATENSCHUTZERKL&Auml;RUNG &ndash; INFORMATION ZUR VERARBEITUNG PERSONENBEZOGENER DATEN&ldquo; font_container=&ldquo;tag:h1|font_size:24|text_align:left|color:%23034a7c&ldquo; use_theme_fonts=&ldquo;yes&ldquo; css=&ldquo;.vc_custom_1774963233513{margin-top: 20px !important;margin-bottom: 10px !important;}&ldquo;][vc_custom_heading text=&ldquo;(ART. 13 UND 14 EU-VERORDNUNG 2016\/679 sowie GvD Nr. 196\/2003 in der jeweils geltenden Fassung)&ldquo; font_container=&ldquo;tag:h3|font_size:16|text_align:left|color:%23034a7c&ldquo; use_theme_fonts=&ldquo;yes&ldquo; css=&ldquo;.vc_custom_1774963283970{margin-top: 10px !important;margin-bottom: 20px !important;}&ldquo;][vc_column_text] Sehr geehrte Nutzerin, sehr geehrter Nutzer, Mit dieser Datenschutzerkl&auml;rung m&ouml;chte der Verantwortliche die Nutzer und Besucher der Unternehmenswebsite [&hellip;]<\/p>\n","protected":false},"author":1,"featured_media":0,"parent":0,"menu_order":0,"comment_status":"closed","ping_status":"closed","template":"","meta":{"_acf_changed":false,"inline_featured_image":false,"footnotes":""},"class_list":["post-4988","page","type-page","status-publish","hentry"],"acf":[],"yoast_head":"<!-- This site is optimized with the Yoast SEO plugin v27.1.1 - https:\/\/yoast.com\/product\/yoast-seo-wordpress\/ -->\n<title>Datenschutzerkl\u00e4rung - Thermokey<\/title>\n<meta name=\"description\" content=\"Entdecken Sie die ThermoKey-Datenschutzerkl\u00e4rung. Erfahren Sie, wie wir Ihre personenbezogenen Daten gem\u00e4\u00df der EU-Verordnung 2016\/679 (GDPR).\" \/>\n<meta name=\"robots\" content=\"index, follow, max-snippet:-1, max-image-preview:large, max-video-preview:-1\" \/>\n<link rel=\"canonical\" href=\"https:\/\/www.thermokey.com\/de\/datenschutzerklaerung\/\" \/>\n<meta property=\"og:locale\" content=\"de_DE\" \/>\n<meta property=\"og:type\" content=\"article\" \/>\n<meta property=\"og:title\" content=\"Datenschutzerkl\u00e4rung - Thermokey\" \/>\n<meta property=\"og:description\" content=\"Entdecken Sie die ThermoKey-Datenschutzerkl\u00e4rung. Erfahren Sie, wie wir Ihre personenbezogenen Daten gem\u00e4\u00df der EU-Verordnung 2016\/679 (GDPR).\" \/>\n<meta property=\"og:url\" content=\"https:\/\/www.thermokey.com\/de\/datenschutzerklaerung\/\" \/>\n<meta property=\"og:site_name\" content=\"Thermokey\" \/>\n<meta property=\"article:modified_time\" content=\"2026-04-01T13:09:23+00:00\" \/>\n<meta name=\"twitter:card\" content=\"summary_large_image\" \/>\n<meta name=\"twitter:label1\" content=\"Gesch\u00e4tzte Lesezeit\" \/>\n\t<meta name=\"twitter:data1\" content=\"6\u00a0Minuten\" \/>\n<script type=\"application\/ld+json\" class=\"yoast-schema-graph\">{\"@context\":\"https:\/\/schema.org\",\"@graph\":[{\"@type\":\"WebPage\",\"@id\":\"https:\/\/www.thermokey.com\/de\/datenschutzerklaerung\/\",\"url\":\"https:\/\/www.thermokey.com\/de\/datenschutzerklaerung\/\",\"name\":\"Datenschutzerkl\u00e4rung - Thermokey\",\"isPartOf\":{\"@id\":\"https:\/\/www.thermokey.com\/de\/#website\"},\"datePublished\":\"2017-11-08T15:56:16+00:00\",\"dateModified\":\"2026-04-01T13:09:23+00:00\",\"description\":\"Entdecken Sie die ThermoKey-Datenschutzerkl\u00e4rung. Erfahren Sie, wie wir Ihre personenbezogenen Daten gem\u00e4\u00df der EU-Verordnung 2016\/679 (GDPR).\",\"breadcrumb\":{\"@id\":\"https:\/\/www.thermokey.com\/de\/datenschutzerklaerung\/#breadcrumb\"},\"inLanguage\":\"de\",\"potentialAction\":[{\"@type\":\"ReadAction\",\"target\":[\"https:\/\/www.thermokey.com\/de\/datenschutzerklaerung\/\"]}]},{\"@type\":\"BreadcrumbList\",\"@id\":\"https:\/\/www.thermokey.com\/de\/datenschutzerklaerung\/#breadcrumb\",\"itemListElement\":[{\"@type\":\"ListItem\",\"position\":1,\"name\":\"Home\",\"item\":\"https:\/\/www.thermokey.com\/de\/\"},{\"@type\":\"ListItem\",\"position\":2,\"name\":\"Datenschutzerkl\u00e4rung\"}]},{\"@type\":\"WebSite\",\"@id\":\"https:\/\/www.thermokey.com\/de\/#website\",\"url\":\"https:\/\/www.thermokey.com\/de\/\",\"name\":\"Thermokey\",\"description\":\"Heat Exchange Solutions\",\"potentialAction\":[{\"@type\":\"SearchAction\",\"target\":{\"@type\":\"EntryPoint\",\"urlTemplate\":\"https:\/\/www.thermokey.com\/de\/?s={search_term_string}\"},\"query-input\":{\"@type\":\"PropertyValueSpecification\",\"valueRequired\":true,\"valueName\":\"search_term_string\"}}],\"inLanguage\":\"de\"}]}<\/script>\n<!-- \/ Yoast SEO plugin. -->","yoast_head_json":{"title":"Datenschutzerkl\u00e4rung - Thermokey","description":"Entdecken Sie die ThermoKey-Datenschutzerkl\u00e4rung. Erfahren Sie, wie wir Ihre personenbezogenen Daten gem\u00e4\u00df der EU-Verordnung 2016\/679 (GDPR).","robots":{"index":"index","follow":"follow","max-snippet":"max-snippet:-1","max-image-preview":"max-image-preview:large","max-video-preview":"max-video-preview:-1"},"canonical":"https:\/\/www.thermokey.com\/de\/datenschutzerklaerung\/","og_locale":"de_DE","og_type":"article","og_title":"Datenschutzerkl\u00e4rung - Thermokey","og_description":"Entdecken Sie die ThermoKey-Datenschutzerkl\u00e4rung. Erfahren Sie, wie wir Ihre personenbezogenen Daten gem\u00e4\u00df der EU-Verordnung 2016\/679 (GDPR).","og_url":"https:\/\/www.thermokey.com\/de\/datenschutzerklaerung\/","og_site_name":"Thermokey","article_modified_time":"2026-04-01T13:09:23+00:00","twitter_card":"summary_large_image","twitter_misc":{"Gesch\u00e4tzte Lesezeit":"6\u00a0Minuten"},"schema":{"@context":"https:\/\/schema.org","@graph":[{"@type":"WebPage","@id":"https:\/\/www.thermokey.com\/de\/datenschutzerklaerung\/","url":"https:\/\/www.thermokey.com\/de\/datenschutzerklaerung\/","name":"Datenschutzerkl\u00e4rung - Thermokey","isPartOf":{"@id":"https:\/\/www.thermokey.com\/de\/#website"},"datePublished":"2017-11-08T15:56:16+00:00","dateModified":"2026-04-01T13:09:23+00:00","description":"Entdecken Sie die ThermoKey-Datenschutzerkl\u00e4rung. Erfahren Sie, wie wir Ihre personenbezogenen Daten gem\u00e4\u00df der EU-Verordnung 2016\/679 (GDPR).","breadcrumb":{"@id":"https:\/\/www.thermokey.com\/de\/datenschutzerklaerung\/#breadcrumb"},"inLanguage":"de","potentialAction":[{"@type":"ReadAction","target":["https:\/\/www.thermokey.com\/de\/datenschutzerklaerung\/"]}]},{"@type":"BreadcrumbList","@id":"https:\/\/www.thermokey.com\/de\/datenschutzerklaerung\/#breadcrumb","itemListElement":[{"@type":"ListItem","position":1,"name":"Home","item":"https:\/\/www.thermokey.com\/de\/"},{"@type":"ListItem","position":2,"name":"Datenschutzerkl\u00e4rung"}]},{"@type":"WebSite","@id":"https:\/\/www.thermokey.com\/de\/#website","url":"https:\/\/www.thermokey.com\/de\/","name":"Thermokey","description":"Heat Exchange Solutions","potentialAction":[{"@type":"SearchAction","target":{"@type":"EntryPoint","urlTemplate":"https:\/\/www.thermokey.com\/de\/?s={search_term_string}"},"query-input":{"@type":"PropertyValueSpecification","valueRequired":true,"valueName":"search_term_string"}}],"inLanguage":"de"}]}},"_links":{"self":[{"href":"https:\/\/www.thermokey.com\/de\/wp-json\/wp\/v2\/pages\/4988","targetHints":{"allow":["GET"]}}],"collection":[{"href":"https:\/\/www.thermokey.com\/de\/wp-json\/wp\/v2\/pages"}],"about":[{"href":"https:\/\/www.thermokey.com\/de\/wp-json\/wp\/v2\/types\/page"}],"author":[{"embeddable":true,"href":"https:\/\/www.thermokey.com\/de\/wp-json\/wp\/v2\/users\/1"}],"replies":[{"embeddable":true,"href":"https:\/\/www.thermokey.com\/de\/wp-json\/wp\/v2\/comments?post=4988"}],"version-history":[{"count":19,"href":"https:\/\/www.thermokey.com\/de\/wp-json\/wp\/v2\/pages\/4988\/revisions"}],"predecessor-version":[{"id":66172,"href":"https:\/\/www.thermokey.com\/de\/wp-json\/wp\/v2\/pages\/4988\/revisions\/66172"}],"wp:attachment":[{"href":"https:\/\/www.thermokey.com\/de\/wp-json\/wp\/v2\/media?parent=4988"}],"curies":[{"name":"wp","href":"https:\/\/api.w.org\/{rel}","templated":true}]}}