{"id":3787,"date":"2017-11-08T16:57:38","date_gmt":"2017-11-08T15:57:38","guid":{"rendered":"http:\/\/dev.thermokey.it\/thermokey-heat-exchange-solutions-from-1991\/"},"modified":"2025-03-20T14:32:10","modified_gmt":"2025-03-20T13:32:10","slug":"thermokey-waermetauscherloesungen-von-1991","status":"publish","type":"page","link":"https:\/\/www.thermokey.com\/de\/thermokey-waermetauscherloesungen-von-1991\/","title":{"rendered":"ThermoKey &#8211; W\u00c4RMETAUSCHERL\u00d6SUNGEN SEIT 1991"},"content":{"rendered":"<section class=\"wpb-content-wrapper\"><!DOCTYPE html PUBLIC \"-\/\/W3C\/\/DTD HTML 4.0 Transitional\/\/EN\" \"http:\/\/www.w3.org\/TR\/REC-html40\/loose.dtd\">\n<html><body><p>[vc_row][vc_column][vc_video link=&ldquo;https:\/\/www.youtube.com\/watch?v=DQSHA6ljstQ&amp;t=19s&ldquo;][\/vc_column][\/vc_row][vc_row css=&ldquo;.vc_custom_1513780068584{padding-top: 30px !important;}&ldquo;][vc_column width=&ldquo;1\/3&Prime; css=&ldquo;.vc_custom_1516182729661{padding-bottom: 25px !important;}&ldquo;][vc_column_text el_class=&ldquo;tk-quote-lines&ldquo;]<span style=\"font-size: 1.5em; color: #00497c;\"><em>Die Komplexit&auml;t des Marktes wird mit Intelligenz gel&ouml;st, mit der F&auml;higkeit, die effizienteste L&ouml;sung in der Ihnen zur Verf&uuml;gung stehenden Zeit zu finden. Unsere St&auml;rke ist es, mit intelligenten Menschen zu arbeiten; unser Wert ist es, jeden einzelnen Menschen in die Lage zu versetzen, sein pers&ouml;nliches Talent bestm&ouml;glich zum Ausdruck zu bringen.<\/em><\/span>[\/vc_column_text][vc_column_text css=&ldquo;.vc_custom_1530199363425{padding-left: 45px !important;}&ldquo;]Giorgio Visentini<br>\n&mdash; Gesch&auml;ftsf&uuml;hrer, ThermoKey Spa[\/vc_column_text][\/vc_column][vc_column width=&ldquo;2\/3&Prime;][vc_custom_heading text=&ldquo;30 JAHRE ERFOLG&ldquo; font_container=&ldquo;tag:div|font_size:2em|text_align:left|color:%2300497c|line_height:100%25&Prime; use_theme_fonts=&ldquo;yes&ldquo; el_class=&ldquo;tk-titles-blue-underline&ldquo;][vc_column_text]Seit seiner Gr&uuml;ndung 1991 fertigt ThermoKey seit &uuml;ber 30 Jahren W&auml;rmetauscher unterschiedlichster Bauart und gilt heute international als idealer Partner f&uuml;r Hersteller von K&uuml;hlger&auml;ten in den Bereichen Klima-, K&auml;lte- und K&auml;ltetechnik.<\/p>\n<p>ThermoKey-W&auml;rmetauscher reichen von gerippten Kernen, Ger&auml;tek&uuml;hlern, Fl&uuml;ssigkeitsk&uuml;hlern und Fernkondensatoren mit Rundrohr- und Aluminium-Mikrokanaltechnik.<\/p>\n<p>Das Unternehmen beliefert OEMs und Installateure aus dem wichtigsten Bereichen des Sektors, dem italienischen Nordosten, wo es ein ausgepr&auml;gtes Know-how entwickelt hat: die F&auml;higkeit, schnell die beste L&ouml;sung zu finden und zu liefern, um die Bed&uuml;rfnisse des Kunden zu erf&uuml;llen.<\/p>\n<p>Alle Produkte werden komplett im eigenen Haus in Zusammenarbeit mit internationalen Zertifizierungsinstituten-ausgef&uuml;hrt, entwickelt und hergestellt.<\/p>\n<p>Neben der breiten Palette an W&auml;rmetauschern in unserem Katalog gibt es spezielle W&auml;rmetauscher, die nach den spezifischen Bed&uuml;rfnissen des Kunden konstruiert werden.[\/vc_column_text][\/vc_column][\/vc_row][vc_row][vc_column][vc_custom_heading text=&ldquo;STRATEGISCHER ORT&ldquo; font_container=&ldquo;tag:div|font_size:2em|text_align:left|color:%2300497c|line_height:100%25&Prime; use_theme_fonts=&ldquo;yes&ldquo; css=&ldquo;.vc_custom_1530199401685{padding-top: 30px !important;padding-bottom: 10px !important;}&ldquo;][vc_single_image image=&ldquo;1841&Prime; img_size=&ldquo;full&ldquo; alignment=&ldquo;center&ldquo; css=&ldquo;.vc_custom_1513702242448{border-top-width: 1px !important;border-right-width: 1px !important;border-right-color: #e3e4e4 !important;border-right-style: solid !important;border-top-color: #e3e4e4 !important;border-top-style: solid !important;}&ldquo;][\/vc_column][\/vc_row][vc_row css=&ldquo;.vc_custom_1533551611113{padding-top: 30px !important;}&ldquo; el_id=&ldquo;Nachhaltigkeit-und-Know-how&ldquo;][vc_column width=&ldquo;3\/12&Prime;][vc_custom_heading text=&ldquo;KNOW-HOW&ldquo; font_container=&ldquo;tag:div|font_size:2em|text_align:left|color:%2300497c|line_height:100%25&Prime; use_theme_fonts=&ldquo;yes&ldquo; el_class=&ldquo;tk-titles-blue-underline&ldquo;][vc_column_text]Dank eines &auml;u&szlig;erst flexiblen Fertigungs- und IT-Prozesses sowie eines Teams von Ingenieuren und Verk&auml;ufern, die sich auf die spezifischen Bed&uuml;rfnisse unserer Kunden konzentrieren, bietet ThermoKey leistungsstarke Produkte, die in k&uuml;rzester Zeit entwickelt und geliefert werden.<\/p>\n<p>Das Unternehmen ist in der Lage, L&ouml;sungen f&uuml;r die industrielle Klimatisierung, K&uuml;hlung und industrielle K&uuml;hlung zu liefern.[\/vc_column_text][\/vc_column][vc_column width=&ldquo;1\/12&Prime;][\/vc_column][vc_column width=&ldquo;8\/12&Prime;][vc_custom_heading text=&ldquo;WARUM THERMOKEY&ldquo; font_container=&ldquo;tag:div|font_size:2em|text_align:left|color:%2300497c|line_height:100%25&Prime; use_theme_fonts=&ldquo;yes&ldquo; el_class=&ldquo;tk-titles-blue-underline&ldquo;][vc_column_text el_class=&ldquo;why-thermokey-list&ldquo;]ThermoKey ist f&uuml;hrend in Technologie und stellt sich den Herausforderungen unserer Zeit:<\/p>\n<p>DURCHSCHNITTLICHER ANSTIEG DER GLOBALEN TEMPERATUREN DER ERDE DURCH K&Auml;LTEMITTEL MIT HOHEM GWP (GLOBAL WARMING POTENTIAL):<\/p>\n<p>Thermokey ist der erste europ&auml;ische Hersteller von W&auml;rmetauschern und L&uuml;ftereinheiten mit Aluminium-Mikrokanal-W&auml;rmetauschern.Die Mikrokanaltechnik erm&ouml;glicht eine Reduzierung der K&uuml;hlfl&uuml;ssigkeit um bis zu 65 % und ist kompatibel mit gwp-freien K&auml;ltemitteln wie Ammoniak und Propan.<\/p>\n<p>WASSERMANGEL:<\/p>\n<p>Thermokey bietet geschlossene Prozessk&uuml;hlungsl&ouml;sungen als Alternative zu den weit verbreiteten Verdunstungsk&uuml;hlt&uuml;rmen an.<\/p>\n<p>BEV&Ouml;LKERUNGSZUWACHS:<\/p>\n<p>Thermokey ist stolz darauf, mit seinen K&uuml;hlprodukten zur ordnungsgem&auml;&szlig;en Herstellung und Lagerung von hochwertigen Lebensmitteln und PHARMAZEUTISCHEN WAREN beizutragen.<\/p>\n<p>VERBESSERUNG DER LEBENSQUALIT&Auml;T:<\/p>\n<p>ThermoKey tr&auml;gt mit seinen h-vac-Produkten dazu bei, klimatisierte Umgebungen zu realisieren.<\/p>\n<p>DER WACHSENDE ENERGIEVERBRAUCH VON RECHENZENTREN:<\/p>\n<p>ThermoKey bietet L&ouml;sungen f&uuml;r die W&auml;rmeabfuhr durch freie K&uuml;hlung, um eine erhebliche Reduzierung der Kosten f&uuml;r die K&uuml;hlung zu erreichen.[\/vc_column_text][\/vc_column][\/vc_row][vc_row][vc_column css=&ldquo;.vc_custom_1515754268725{padding-top: 60px !important;}&ldquo;][vc_custom_heading text=&ldquo;QUALIT&Auml;TSZERTIFIKATE&ldquo; font_container=&ldquo;tag:div|font_size:2em|text_align:left|color:%2300497c|line_height:100%25&Prime; use_theme_fonts=&ldquo;yes&ldquo; el_class=&ldquo;tk-titles-blue-underline&ldquo;][vc_column_text]<\/p>\n<ul>\n<li>Seit 2002 <a href=\"https:\/\/www.thermokey.com\/wp-content\/uploads\/2021\/04\/ISO-9001_7-04-21.pdf\" target=\"_blank\" rel=\"noopener noreferrer\"><strong>UNI EN ISO 9001:2015 Qualit&auml;tsmanagementsystem<\/strong><\/a><\/li>\n<li>Seit 2005 <a href=\"https:\/\/www.thermokey.com\/wp-content\/uploads\/2026\/01\/ISO-14001-13-01-2026.pdf\" target=\"_blank\" rel=\"noopener noreferrer\"><strong>UNI EN ISO 14001:2015 Umweltmanagementsystem<\/strong><\/a><\/li>\n<li>Seit 2009 <a href=\"\/dev\/wp-content\/uploads\/2018\/01\/T%C3%9CV_Certificate_against_Legionella_for_ThermoKey_Air_Fresh_System.pdf\" target=\"_blank\" rel=\"noopener noreferrer\"><strong>T&Uuml;V-Zertifikat gegen Legionellen f&uuml;r das ThermoKey-Frischluftsystem<\/strong><\/a><\/li>\n<li>Seit 2015 <a href=\"\/dev\/wp-content\/uploads\/2018\/01\/EAC_Declaration_and_Certificate.pdf\" target=\"_blank\" rel=\"noopener noreferrer\"><strong>EAC-Deklaration und Zertifikat<\/strong><\/a><\/li>\n<li>Seit 2016 <a href=\"\/dev\/wp-content\/uploads\/2018\/01\/Wet_Fin_System_Hygiene_Certificate.pdf\" target=\"_blank\" rel=\"noopener noreferrer\"><strong>WFS (Wet Fin System) Hygienezertifikat<\/strong><\/a><\/li>\n<li>Seit 2018 <a href=\"\/dev\/wp-content\/uploads\/2023\/04\/23.130_ThermoKey-SpA_Hygiene-certifcate_EPS.pdf\"><strong> EPS (Evaporative Panel System) Hygienezertifikat<\/strong><\/a><\/li>\n<li>Seit 2019&nbsp;<a href=\"https:\/\/www.thermokey.com\/wp-content\/uploads\/2022\/05\/TIS-PED-MI-19-03-278340-14189-Rev.-3.pdf\"><b>Ped Cat2<\/b><\/a><\/li>\n<li>Seit 2021 <strong><a href=\"https:\/\/www.thermokey.com\/wp-content\/uploads\/2026\/02\/ISO-45001-31-01-2026.pdf\">UNI ISO 45001:2018 Arbeitssicherheits- und Gesundheitsschutz-Managementsystem<\/a><\/strong><\/li>\n<\/ul>\n<p>[\/vc_column_text][\/vc_column][\/vc_row]<\/p>\n<\/body><\/html>\n<\/section>","protected":false},"excerpt":{"rendered":"<p>[vc_row][vc_column][vc_video link=&ldquo;https:\/\/www.youtube.com\/watch?v=DQSHA6ljstQ&amp;t=19s&ldquo;][\/vc_column][\/vc_row][vc_row css=&ldquo;.vc_custom_1513780068584{padding-top: 30px !important;}&ldquo;][vc_column width=&ldquo;1\/3&Prime; css=&ldquo;.vc_custom_1516182729661{padding-bottom: 25px !important;}&ldquo;][vc_column_text el_class=&ldquo;tk-quote-lines&ldquo;]Die Komplexit&auml;t des Marktes wird mit Intelligenz gel&ouml;st, mit der F&auml;higkeit, die effizienteste L&ouml;sung in der Ihnen zur Verf&uuml;gung stehenden Zeit zu finden. Unsere St&auml;rke ist es, mit intelligenten Menschen zu arbeiten; unser Wert ist es, jeden einzelnen Menschen in die Lage zu versetzen, sein pers&ouml;nliches [&hellip;]<\/p>\n","protected":false},"author":1,"featured_media":0,"parent":0,"menu_order":0,"comment_status":"closed","ping_status":"closed","template":"","meta":{"_acf_changed":false,"inline_featured_image":false,"footnotes":""},"class_list":["post-3787","page","type-page","status-publish","hentry"],"acf":[],"yoast_head":"<!-- This site is optimized with the Yoast SEO plugin v27.1.1 - https:\/\/yoast.com\/product\/yoast-seo-wordpress\/ -->\n<title>ThermoKey - W\u00c4RMETAUSCHERL\u00d6SUNGEN SEIT 1991 - Thermokey<\/title>\n<meta name=\"description\" content=\"Die Komplexit\u00e4t des Marktes wird mit Intelligenz gel\u00f6st, mit der F\u00e4higkeit, die effizienteste L\u00f6sung in der Ihnen zur Verf\u00fcgung stehenden Zeit zu finden.\" \/>\n<meta name=\"robots\" content=\"index, follow, max-snippet:-1, max-image-preview:large, max-video-preview:-1\" \/>\n<link rel=\"canonical\" href=\"https:\/\/www.thermokey.com\/de\/thermokey-waermetauscherloesungen-von-1991\/\" \/>\n<meta property=\"og:locale\" content=\"de_DE\" \/>\n<meta property=\"og:type\" content=\"article\" \/>\n<meta property=\"og:title\" content=\"ThermoKey - W\u00c4RMETAUSCHERL\u00d6SUNGEN SEIT 1991 - Thermokey\" \/>\n<meta property=\"og:description\" content=\"Die Komplexit\u00e4t des Marktes wird mit Intelligenz gel\u00f6st, mit der F\u00e4higkeit, die effizienteste L\u00f6sung in der Ihnen zur Verf\u00fcgung stehenden Zeit zu finden.\" \/>\n<meta property=\"og:url\" content=\"https:\/\/www.thermokey.com\/de\/thermokey-waermetauscherloesungen-von-1991\/\" \/>\n<meta property=\"og:site_name\" content=\"Thermokey\" \/>\n<meta property=\"article:modified_time\" content=\"2025-03-20T13:32:10+00:00\" \/>\n<meta name=\"twitter:card\" content=\"summary_large_image\" \/>\n<meta name=\"twitter:label1\" content=\"Gesch\u00e4tzte Lesezeit\" \/>\n\t<meta name=\"twitter:data1\" content=\"3\u00a0Minuten\" \/>\n<script type=\"application\/ld+json\" class=\"yoast-schema-graph\">{\"@context\":\"https:\/\/schema.org\",\"@graph\":[{\"@type\":\"WebPage\",\"@id\":\"https:\/\/www.thermokey.com\/de\/thermokey-waermetauscherloesungen-von-1991\/\",\"url\":\"https:\/\/www.thermokey.com\/de\/thermokey-waermetauscherloesungen-von-1991\/\",\"name\":\"ThermoKey - W\u00c4RMETAUSCHERL\u00d6SUNGEN SEIT 1991 - Thermokey\",\"isPartOf\":{\"@id\":\"https:\/\/www.thermokey.com\/de\/#website\"},\"datePublished\":\"2017-11-08T15:57:38+00:00\",\"dateModified\":\"2025-03-20T13:32:10+00:00\",\"description\":\"Die Komplexit\u00e4t des Marktes wird mit Intelligenz gel\u00f6st, mit der F\u00e4higkeit, die effizienteste L\u00f6sung in der Ihnen zur Verf\u00fcgung stehenden Zeit zu finden.\",\"breadcrumb\":{\"@id\":\"https:\/\/www.thermokey.com\/de\/thermokey-waermetauscherloesungen-von-1991\/#breadcrumb\"},\"inLanguage\":\"de\",\"potentialAction\":[{\"@type\":\"ReadAction\",\"target\":[\"https:\/\/www.thermokey.com\/de\/thermokey-waermetauscherloesungen-von-1991\/\"]}]},{\"@type\":\"BreadcrumbList\",\"@id\":\"https:\/\/www.thermokey.com\/de\/thermokey-waermetauscherloesungen-von-1991\/#breadcrumb\",\"itemListElement\":[{\"@type\":\"ListItem\",\"position\":1,\"name\":\"Home\",\"item\":\"https:\/\/www.thermokey.com\/de\/\"},{\"@type\":\"ListItem\",\"position\":2,\"name\":\"ThermoKey &#8211; W\u00c4RMETAUSCHERL\u00d6SUNGEN SEIT 1991\"}]},{\"@type\":\"WebSite\",\"@id\":\"https:\/\/www.thermokey.com\/de\/#website\",\"url\":\"https:\/\/www.thermokey.com\/de\/\",\"name\":\"Thermokey\",\"description\":\"Heat Exchange Solutions\",\"potentialAction\":[{\"@type\":\"SearchAction\",\"target\":{\"@type\":\"EntryPoint\",\"urlTemplate\":\"https:\/\/www.thermokey.com\/de\/?s={search_term_string}\"},\"query-input\":{\"@type\":\"PropertyValueSpecification\",\"valueRequired\":true,\"valueName\":\"search_term_string\"}}],\"inLanguage\":\"de\"}]}<\/script>\n<!-- \/ Yoast SEO plugin. -->","yoast_head_json":{"title":"ThermoKey - W\u00c4RMETAUSCHERL\u00d6SUNGEN SEIT 1991 - Thermokey","description":"Die Komplexit\u00e4t des Marktes wird mit Intelligenz gel\u00f6st, mit der F\u00e4higkeit, die effizienteste L\u00f6sung in der Ihnen zur Verf\u00fcgung stehenden Zeit zu finden.","robots":{"index":"index","follow":"follow","max-snippet":"max-snippet:-1","max-image-preview":"max-image-preview:large","max-video-preview":"max-video-preview:-1"},"canonical":"https:\/\/www.thermokey.com\/de\/thermokey-waermetauscherloesungen-von-1991\/","og_locale":"de_DE","og_type":"article","og_title":"ThermoKey - W\u00c4RMETAUSCHERL\u00d6SUNGEN SEIT 1991 - Thermokey","og_description":"Die Komplexit\u00e4t des Marktes wird mit Intelligenz gel\u00f6st, mit der F\u00e4higkeit, die effizienteste L\u00f6sung in der Ihnen zur Verf\u00fcgung stehenden Zeit zu finden.","og_url":"https:\/\/www.thermokey.com\/de\/thermokey-waermetauscherloesungen-von-1991\/","og_site_name":"Thermokey","article_modified_time":"2025-03-20T13:32:10+00:00","twitter_card":"summary_large_image","twitter_misc":{"Gesch\u00e4tzte Lesezeit":"3\u00a0Minuten"},"schema":{"@context":"https:\/\/schema.org","@graph":[{"@type":"WebPage","@id":"https:\/\/www.thermokey.com\/de\/thermokey-waermetauscherloesungen-von-1991\/","url":"https:\/\/www.thermokey.com\/de\/thermokey-waermetauscherloesungen-von-1991\/","name":"ThermoKey - W\u00c4RMETAUSCHERL\u00d6SUNGEN SEIT 1991 - Thermokey","isPartOf":{"@id":"https:\/\/www.thermokey.com\/de\/#website"},"datePublished":"2017-11-08T15:57:38+00:00","dateModified":"2025-03-20T13:32:10+00:00","description":"Die Komplexit\u00e4t des Marktes wird mit Intelligenz gel\u00f6st, mit der F\u00e4higkeit, die effizienteste L\u00f6sung in der Ihnen zur Verf\u00fcgung stehenden Zeit zu finden.","breadcrumb":{"@id":"https:\/\/www.thermokey.com\/de\/thermokey-waermetauscherloesungen-von-1991\/#breadcrumb"},"inLanguage":"de","potentialAction":[{"@type":"ReadAction","target":["https:\/\/www.thermokey.com\/de\/thermokey-waermetauscherloesungen-von-1991\/"]}]},{"@type":"BreadcrumbList","@id":"https:\/\/www.thermokey.com\/de\/thermokey-waermetauscherloesungen-von-1991\/#breadcrumb","itemListElement":[{"@type":"ListItem","position":1,"name":"Home","item":"https:\/\/www.thermokey.com\/de\/"},{"@type":"ListItem","position":2,"name":"ThermoKey &#8211; W\u00c4RMETAUSCHERL\u00d6SUNGEN SEIT 1991"}]},{"@type":"WebSite","@id":"https:\/\/www.thermokey.com\/de\/#website","url":"https:\/\/www.thermokey.com\/de\/","name":"Thermokey","description":"Heat Exchange Solutions","potentialAction":[{"@type":"SearchAction","target":{"@type":"EntryPoint","urlTemplate":"https:\/\/www.thermokey.com\/de\/?s={search_term_string}"},"query-input":{"@type":"PropertyValueSpecification","valueRequired":true,"valueName":"search_term_string"}}],"inLanguage":"de"}]}},"_links":{"self":[{"href":"https:\/\/www.thermokey.com\/de\/wp-json\/wp\/v2\/pages\/3787","targetHints":{"allow":["GET"]}}],"collection":[{"href":"https:\/\/www.thermokey.com\/de\/wp-json\/wp\/v2\/pages"}],"about":[{"href":"https:\/\/www.thermokey.com\/de\/wp-json\/wp\/v2\/types\/page"}],"author":[{"embeddable":true,"href":"https:\/\/www.thermokey.com\/de\/wp-json\/wp\/v2\/users\/1"}],"replies":[{"embeddable":true,"href":"https:\/\/www.thermokey.com\/de\/wp-json\/wp\/v2\/comments?post=3787"}],"version-history":[{"count":24,"href":"https:\/\/www.thermokey.com\/de\/wp-json\/wp\/v2\/pages\/3787\/revisions"}],"predecessor-version":[{"id":54285,"href":"https:\/\/www.thermokey.com\/de\/wp-json\/wp\/v2\/pages\/3787\/revisions\/54285"}],"wp:attachment":[{"href":"https:\/\/www.thermokey.com\/de\/wp-json\/wp\/v2\/media?parent=3787"}],"curies":[{"name":"wp","href":"https:\/\/api.w.org\/{rel}","templated":true}]}}