{"id":3760,"date":"2017-12-11T12:20:34","date_gmt":"2017-12-11T11:20:34","guid":{"rendered":"http:\/\/dev.thermokey.it\/certifications\/"},"modified":"2025-03-20T12:56:43","modified_gmt":"2025-03-20T11:56:43","slug":"zertifikate","status":"publish","type":"page","link":"https:\/\/www.thermokey.com\/de\/download\/zertifikate\/","title":{"rendered":"Zertifikate"},"content":{"rendered":"<section class=\"wpb-content-wrapper\"><!DOCTYPE html PUBLIC \"-\/\/W3C\/\/DTD HTML 4.0 Transitional\/\/EN\" \"http:\/\/www.w3.org\/TR\/REC-html40\/loose.dtd\">\n<html><body><p>[vc_row][vc_column width=&ldquo;1\/2&Prime;][vc_column_text el_class=&ldquo;tk-links-list&ldquo;]<\/p>\n<ul>\n<li><a href=\"https:\/\/www.thermokey.com\/wp-content\/uploads\/2023\/04\/ThermoKey-ISO-9001.-09-10-2023-1.pdf\" target=\"_blank\" rel=\"noopener noreferrer\"><strong>UNI EN ISO 9001: 2015 Qualit&auml;tsmanagementsystem<\/strong><\/a><\/li>\n<li><a href=\"https:\/\/www.thermokey.com\/wp-content\/uploads\/2026\/01\/ISO-14001-13-01-2026.pdf\" target=\"_blank\" rel=\"noopener noreferrer\"><strong>Uni En Iso 14001: Umweltmanagementsystem<\/strong><\/a><\/li>\n<li><a href=\"\/dev\/wp-content\/uploads\/2018\/01\/T%C3%9CV_Certificate_on_Turbo-Line_Condenser.pdf\" target=\"_blank\" rel=\"noopener noreferrer\"><strong>TT&uuml;v-Zertifikat Auf Turbo-Line Kondensator<\/strong><\/a><\/li>\n<li><a href=\"\/dev\/wp-content\/uploads\/2018\/01\/T%C3%9CV_Certificate_against_Legionella_for_ThermoKey_Air_Fresh_System.pdf\" target=\"_blank\" rel=\"noopener noreferrer\"><strong>T&uuml;v-Zertifikat Gegen Legionellen F&uuml;r Das Thermokey-Frischluftsystem<\/strong><\/a><\/li>\n<li><a href=\"https:\/\/www.thermokey.com\/wp-content\/uploads\/2023\/05\/Certificato-UL_ThermoKey-2023.pdf\">UL-Zertifizierung f&uuml;r Microchannel-W&auml;rmetauscher<\/a><\/li>\n<\/ul>\n<p>[\/vc_column_text][\/vc_column][vc_column width=&ldquo;1\/2&Prime;][vc_column_text el_class=&ldquo;tk-links-list&ldquo;]<\/p>\n<ul>\n<li><a href=\"https:\/\/www.thermokey.com\/wp-content\/uploads\/2023\/10\/PED-0948-PA2-14189-19-Rev.4.pdf\">Cat.2 PED Certificate<\/a><\/li>\n<li><a href=\"https:\/\/www.thermokey.com\/wp-content\/uploads\/2026\/02\/ISO-45001-31-01-2026.pdf\" target=\"_blank\" rel=\"noopener noreferrer\"><strong>UNI ISO 45001:2018 Arbeitssicherheits- Und Gesundheitsschutz-Managementsystem<\/strong><\/a><\/li>\n<li><a href=\"https:\/\/www.thermokey.com\/wp-content\/uploads\/2021\/11\/Wet-Fin-System_ThermoKey_11.2021_21.530.pdf\" target=\"_blank\" rel=\"noopener noreferrer\"><strong>Wfs (Wet Fin System) Hygienezertifikat<\/strong><\/a><\/li>\n<li><a href=\"https:\/\/www.thermokey.com\/wp-content\/uploads\/2022\/02\/Politica-QAS-rev_13-ENG.pdf\" target=\"_blank\" rel=\"noopener noreferrer\"><strong>Environment, health and safety policy<\/strong><\/a><\/li>\n<li><a href=\"\/dev\/wp-content\/uploads\/2023\/04\/23.130_ThermoKey-SpA_Hygiene-certifcate_EPS.pdf\" target=\"_blank\" rel=\"noopener noreferrer\"><strong>EPS (EVAPORATIVE PANEL SYSTEM) HYGIENEZERTIFIKAT<\/strong><\/a><\/li>\n<\/ul>\n<p>[\/vc_column_text][\/vc_column][\/vc_row]<\/p>\n<\/body><\/html>\n<\/section>","protected":false},"excerpt":{"rendered":"<p>[vc_row][vc_column width=&ldquo;1\/2&Prime;][vc_column_text el_class=&ldquo;tk-links-list&ldquo;] UNI EN ISO 9001: 2015 Qualit&auml;tsmanagementsystem Uni En Iso 14001: Umweltmanagementsystem TT&uuml;v-Zertifikat Auf Turbo-Line Kondensator T&uuml;v-Zertifikat Gegen Legionellen F&uuml;r Das Thermokey-Frischluftsystem UL-Zertifizierung f&uuml;r Microchannel-W&auml;rmetauscher [\/vc_column_text][\/vc_column][vc_column width=&ldquo;1\/2&Prime;][vc_column_text el_class=&ldquo;tk-links-list&ldquo;] Cat.2 PED Certificate UNI ISO 45001:2018 Arbeitssicherheits- Und Gesundheitsschutz-Managementsystem Wfs (Wet Fin System) Hygienezertifikat Environment, health and safety policy EPS (EVAPORATIVE PANEL SYSTEM) HYGIENEZERTIFIKAT [\/vc_column_text][\/vc_column][\/vc_row]<\/p>\n","protected":false},"author":1,"featured_media":0,"parent":4851,"menu_order":3,"comment_status":"closed","ping_status":"closed","template":"","meta":{"_acf_changed":false,"inline_featured_image":false,"footnotes":""},"class_list":["post-3760","page","type-page","status-publish","hentry"],"acf":[],"yoast_head":"<!-- This site is optimized with the Yoast SEO plugin v27.1.1 - https:\/\/yoast.com\/product\/yoast-seo-wordpress\/ -->\n<title>Zertifikate - Thermokey<\/title>\n<meta name=\"description\" content=\"UNI EN ISO 9001: 2015 Qualit\u00e4tsmanagementsystem Uni En Iso 14001: Umweltmanagementsystem TT\u00fcv-Zertifikat Auf Turbo-Line Kondensator T\u00fcv-Zertifikat Gegen\" \/>\n<meta name=\"robots\" content=\"index, follow, max-snippet:-1, max-image-preview:large, max-video-preview:-1\" \/>\n<link rel=\"canonical\" href=\"https:\/\/www.thermokey.com\/de\/download\/zertifikate\/\" \/>\n<meta property=\"og:locale\" content=\"de_DE\" \/>\n<meta property=\"og:type\" content=\"article\" \/>\n<meta property=\"og:title\" content=\"Zertifikate - Thermokey\" \/>\n<meta property=\"og:description\" content=\"UNI EN ISO 9001: 2015 Qualit\u00e4tsmanagementsystem Uni En Iso 14001: Umweltmanagementsystem TT\u00fcv-Zertifikat Auf Turbo-Line Kondensator T\u00fcv-Zertifikat Gegen\" \/>\n<meta property=\"og:url\" content=\"https:\/\/www.thermokey.com\/de\/download\/zertifikate\/\" \/>\n<meta property=\"og:site_name\" content=\"Thermokey\" \/>\n<meta property=\"article:modified_time\" content=\"2025-03-20T11:56:43+00:00\" \/>\n<meta name=\"twitter:card\" content=\"summary_large_image\" \/>\n<meta name=\"twitter:label1\" content=\"Gesch\u00e4tzte Lesezeit\" \/>\n\t<meta name=\"twitter:data1\" content=\"1\u00a0Minute\" \/>\n<script type=\"application\/ld+json\" class=\"yoast-schema-graph\">{\"@context\":\"https:\/\/schema.org\",\"@graph\":[{\"@type\":\"WebPage\",\"@id\":\"https:\/\/www.thermokey.com\/de\/download\/zertifikate\/\",\"url\":\"https:\/\/www.thermokey.com\/de\/download\/zertifikate\/\",\"name\":\"Zertifikate - Thermokey\",\"isPartOf\":{\"@id\":\"https:\/\/www.thermokey.com\/de\/#website\"},\"datePublished\":\"2017-12-11T11:20:34+00:00\",\"dateModified\":\"2025-03-20T11:56:43+00:00\",\"description\":\"UNI EN ISO 9001: 2015 Qualit\u00e4tsmanagementsystem Uni En Iso 14001: Umweltmanagementsystem TT\u00fcv-Zertifikat Auf Turbo-Line Kondensator T\u00fcv-Zertifikat Gegen\",\"breadcrumb\":{\"@id\":\"https:\/\/www.thermokey.com\/de\/download\/zertifikate\/#breadcrumb\"},\"inLanguage\":\"de\",\"potentialAction\":[{\"@type\":\"ReadAction\",\"target\":[\"https:\/\/www.thermokey.com\/de\/download\/zertifikate\/\"]}]},{\"@type\":\"BreadcrumbList\",\"@id\":\"https:\/\/www.thermokey.com\/de\/download\/zertifikate\/#breadcrumb\",\"itemListElement\":[{\"@type\":\"ListItem\",\"position\":1,\"name\":\"Home\",\"item\":\"https:\/\/www.thermokey.com\/de\/\"},{\"@type\":\"ListItem\",\"position\":2,\"name\":\"Download\",\"item\":\"https:\/\/www.thermokey.com\/de\/download\/\"},{\"@type\":\"ListItem\",\"position\":3,\"name\":\"Zertifikate\"}]},{\"@type\":\"WebSite\",\"@id\":\"https:\/\/www.thermokey.com\/de\/#website\",\"url\":\"https:\/\/www.thermokey.com\/de\/\",\"name\":\"Thermokey\",\"description\":\"Heat Exchange Solutions\",\"potentialAction\":[{\"@type\":\"SearchAction\",\"target\":{\"@type\":\"EntryPoint\",\"urlTemplate\":\"https:\/\/www.thermokey.com\/de\/?s={search_term_string}\"},\"query-input\":{\"@type\":\"PropertyValueSpecification\",\"valueRequired\":true,\"valueName\":\"search_term_string\"}}],\"inLanguage\":\"de\"}]}<\/script>\n<!-- \/ Yoast SEO plugin. -->","yoast_head_json":{"title":"Zertifikate - Thermokey","description":"UNI EN ISO 9001: 2015 Qualit\u00e4tsmanagementsystem Uni En Iso 14001: Umweltmanagementsystem TT\u00fcv-Zertifikat Auf Turbo-Line Kondensator T\u00fcv-Zertifikat Gegen","robots":{"index":"index","follow":"follow","max-snippet":"max-snippet:-1","max-image-preview":"max-image-preview:large","max-video-preview":"max-video-preview:-1"},"canonical":"https:\/\/www.thermokey.com\/de\/download\/zertifikate\/","og_locale":"de_DE","og_type":"article","og_title":"Zertifikate - Thermokey","og_description":"UNI EN ISO 9001: 2015 Qualit\u00e4tsmanagementsystem Uni En Iso 14001: Umweltmanagementsystem TT\u00fcv-Zertifikat Auf Turbo-Line Kondensator T\u00fcv-Zertifikat Gegen","og_url":"https:\/\/www.thermokey.com\/de\/download\/zertifikate\/","og_site_name":"Thermokey","article_modified_time":"2025-03-20T11:56:43+00:00","twitter_card":"summary_large_image","twitter_misc":{"Gesch\u00e4tzte Lesezeit":"1\u00a0Minute"},"schema":{"@context":"https:\/\/schema.org","@graph":[{"@type":"WebPage","@id":"https:\/\/www.thermokey.com\/de\/download\/zertifikate\/","url":"https:\/\/www.thermokey.com\/de\/download\/zertifikate\/","name":"Zertifikate - Thermokey","isPartOf":{"@id":"https:\/\/www.thermokey.com\/de\/#website"},"datePublished":"2017-12-11T11:20:34+00:00","dateModified":"2025-03-20T11:56:43+00:00","description":"UNI EN ISO 9001: 2015 Qualit\u00e4tsmanagementsystem Uni En Iso 14001: Umweltmanagementsystem TT\u00fcv-Zertifikat Auf Turbo-Line Kondensator T\u00fcv-Zertifikat Gegen","breadcrumb":{"@id":"https:\/\/www.thermokey.com\/de\/download\/zertifikate\/#breadcrumb"},"inLanguage":"de","potentialAction":[{"@type":"ReadAction","target":["https:\/\/www.thermokey.com\/de\/download\/zertifikate\/"]}]},{"@type":"BreadcrumbList","@id":"https:\/\/www.thermokey.com\/de\/download\/zertifikate\/#breadcrumb","itemListElement":[{"@type":"ListItem","position":1,"name":"Home","item":"https:\/\/www.thermokey.com\/de\/"},{"@type":"ListItem","position":2,"name":"Download","item":"https:\/\/www.thermokey.com\/de\/download\/"},{"@type":"ListItem","position":3,"name":"Zertifikate"}]},{"@type":"WebSite","@id":"https:\/\/www.thermokey.com\/de\/#website","url":"https:\/\/www.thermokey.com\/de\/","name":"Thermokey","description":"Heat Exchange Solutions","potentialAction":[{"@type":"SearchAction","target":{"@type":"EntryPoint","urlTemplate":"https:\/\/www.thermokey.com\/de\/?s={search_term_string}"},"query-input":{"@type":"PropertyValueSpecification","valueRequired":true,"valueName":"search_term_string"}}],"inLanguage":"de"}]}},"_links":{"self":[{"href":"https:\/\/www.thermokey.com\/de\/wp-json\/wp\/v2\/pages\/3760","targetHints":{"allow":["GET"]}}],"collection":[{"href":"https:\/\/www.thermokey.com\/de\/wp-json\/wp\/v2\/pages"}],"about":[{"href":"https:\/\/www.thermokey.com\/de\/wp-json\/wp\/v2\/types\/page"}],"author":[{"embeddable":true,"href":"https:\/\/www.thermokey.com\/de\/wp-json\/wp\/v2\/users\/1"}],"replies":[{"embeddable":true,"href":"https:\/\/www.thermokey.com\/de\/wp-json\/wp\/v2\/comments?post=3760"}],"version-history":[{"count":31,"href":"https:\/\/www.thermokey.com\/de\/wp-json\/wp\/v2\/pages\/3760\/revisions"}],"predecessor-version":[{"id":54279,"href":"https:\/\/www.thermokey.com\/de\/wp-json\/wp\/v2\/pages\/3760\/revisions\/54279"}],"up":[{"embeddable":true,"href":"https:\/\/www.thermokey.com\/de\/wp-json\/wp\/v2\/pages\/4851"}],"wp:attachment":[{"href":"https:\/\/www.thermokey.com\/de\/wp-json\/wp\/v2\/media?parent=3760"}],"curies":[{"name":"wp","href":"https:\/\/api.w.org\/{rel}","templated":true}]}}