{"id":3757,"date":"2017-12-11T12:20:20","date_gmt":"2017-12-11T11:20:20","guid":{"rendered":"http:\/\/dev.thermokey.it\/manuals\/"},"modified":"2026-04-23T14:23:16","modified_gmt":"2026-04-23T12:23:16","slug":"technische-handbuecher","status":"publish","type":"page","link":"https:\/\/www.thermokey.com\/de\/download\/technische-handbuecher\/","title":{"rendered":"Technische handb\u00fccher"},"content":{"rendered":"<section class=\"wpb-content-wrapper\"><!DOCTYPE html PUBLIC \"-\/\/W3C\/\/DTD HTML 4.0 Transitional\/\/EN\" \"http:\/\/www.w3.org\/TR\/REC-html40\/loose.dtd\">\n<html><body><p>[vc_row css=&ldquo;.vc_custom_1762264508732{margin-top: 20px !important;}&ldquo;][vc_column width=&ldquo;1\/2&Prime;][vc_custom_heading text=&ldquo;Allgemeine Handb&uuml;cher&ldquo; font_container=&ldquo;tag:h2|font_size:22|text_align:left|color:%23034a7c&ldquo; css=&ldquo;.vc_custom_1762264533229{margin-bottom: 20px !important;}&ldquo;][vc_column_text el_class=&ldquo;tk-links-list&ldquo;]<\/p>\n<ul>\n<li><a href=\"\/dev\/wp-content\/uploads\/2017\/12\/111007_TECHNICAL-BULLETIN.pdf\" target=\"_blank\" rel=\"noopener noreferrer\">Technisches Bulletin 2001-01<\/a><\/li>\n<li><a href=\"\/dev\/wp-content\/uploads\/2026\/03\/Indications-use-TKMicro-WEB_01.26-1.pdf\" target=\"_blank\" rel=\"noopener noreferrer\">Indikationen F&uuml;r Die Verwendung Von Tkmicro-Kernen<\/a><\/li>\n<li><a href=\"https:\/\/www.thermokey.com\/wp-content\/uploads\/2026\/04\/IM-Manual-04.26_WEB-1.pdf\" target=\"_blank\" rel=\"noopener noreferrer\">IG Handbuch &ndash; Allgemeine Hinweise F&uuml;r Den Sicheren Gebrauch<\/a><\/li>\n<li><a href=\"https:\/\/www.thermokey.com\/wp-content\/uploads\/2026\/04\/IM-Manual-04.26_WEB-1.pdf\" target=\"_blank\" rel=\"noopener noreferrer\">IM Handbuch &ndash; Anweisungen Zur Handhabung Und Zum Auspacken<\/a><\/li>\n<li><a href=\"https:\/\/www.thermokey.com\/wp-content\/uploads\/2022\/02\/Manuale-IS-12.2022_Ver.-digitale.pdf\" target=\"_blank\" rel=\"noopener noreferrer\">IS Handbuch &ndash; Spezifische Gebrauchs- Und Wartungsanleitung<\/a><\/li>\n<li><a href=\"https:\/\/www.thermokey.com\/wp-content\/uploads\/2022\/02\/Manuale-IS-integrato-12.22_ver.-digitale.pdf\">IS Handbuch &ndash; Manuelle Reinigung von W&#1050;rmetauschern mit Lamellen-Paket<\/a><\/li>\n<li><a href=\"https:\/\/www.thermokey.com\/wp-content\/uploads\/2022\/02\/Manuale-TC_10.21.pdf\" target=\"_blank\" rel=\"noopener noreferrer\">TC HANDBUCH &ndash; ANWEISUNGEN UND TECHNISCHE SPEZIFIKATIONEN<\/a><\/li>\n<\/ul>\n<p>[\/vc_column_text][\/vc_column][vc_column width=&ldquo;1\/2&Prime;][vc_custom_heading text=&ldquo;Produktspezifische Handb&uuml;cher&ldquo; font_container=&ldquo;tag:h2|font_size:22|text_align:left|color:%23034a7c&ldquo; css=&ldquo;.vc_custom_1762264539972{margin-bottom: 20px !important;}&ldquo;][vc_column_text el_class=&ldquo;tk-links-list&ldquo;]<\/p>\n<ul>\n<li><a href=\"https:\/\/www.thermokey.com\/de\/manuale-tc-series-jv-sj_web-03-26-2\/\" target=\"_blank\" rel=\"noopener\">TC Technisches Handbuch &ndash; Trockenk&uuml;hler, Axialverfl&uuml;ssiger und Gas-K&uuml;hler V-Type Serie<\/a><\/li>\n<li><a href=\"https:\/\/www.thermokey.com\/wp-content\/uploads\/2022\/02\/Manuale-TC-dual-flow_10.21_V.-digitale.pdf\" target=\"_blank\" rel=\"noopener noreferrer\">TC TECHNISCHES HANDBUCH &ndash; DUALDURCHFLUSS-GER&Auml;TEK&Uuml;HLER<\/a><\/li>\n<li><a href=\"\/dev\/wp-content\/uploads\/2017\/12\/manuale_TC-tksmart-GEN.pdf\" target=\"_blank\" rel=\"noopener noreferrer\">TC TECHNISCHES HANDBUCH &nbsp;&ndash; TKSmart<\/a><\/li>\n<li><a href=\"https:\/\/www.thermokey.com\/wp-content\/uploads\/2019\/12\/GEN_manuale-TC-WFS.pdf\" target=\"_blank\" rel=\"noopener noreferrer\">TECHNISCHES HANDBUCH &ndash; WFS<\/a><\/li>\n<li><a href=\"https:\/\/www.thermokey.com\/wp-content\/uploads\/2019\/04\/ENG_manuale-TC-AFS.pdf\" target=\"_blank\" rel=\"noopener noreferrer\">TC TECHNISCHES HANDBUCH &ndash; AFS ADIABATISCHES FRISCHLUFTSYSTEM<\/a><\/li>\n<li><a href=\"https:\/\/www.thermokey.com\/wp-content\/uploads\/2023\/04\/ENG-manuale-TC-EPS_2023_V.1.pdf\" target=\"_blank\" rel=\"noopener noreferrer\">TC TECHNISCHES HANDBUCH &ndash; EPS Adiabatic Evaporative Panel System<\/a><\/li>\n<\/ul>\n<p>[\/vc_column_text][\/vc_column][\/vc_row]<\/p>\n<\/body><\/html>\n<\/section>","protected":false},"excerpt":{"rendered":"<p>[vc_row css=&ldquo;.vc_custom_1762264508732{margin-top: 20px !important;}&ldquo;][vc_column width=&ldquo;1\/2&Prime;][vc_custom_heading text=&ldquo;Allgemeine Handb&uuml;cher&ldquo; font_container=&ldquo;tag:h2|font_size:22|text_align:left|color:%23034a7c&ldquo; css=&ldquo;.vc_custom_1762264533229{margin-bottom: 20px !important;}&ldquo;][vc_column_text el_class=&ldquo;tk-links-list&ldquo;] Technisches Bulletin 2001-01 Indikationen F&uuml;r Die Verwendung Von Tkmicro-Kernen IG Handbuch &ndash; Allgemeine Hinweise F&uuml;r Den Sicheren Gebrauch IM Handbuch &ndash; Anweisungen Zur Handhabung Und Zum Auspacken IS Handbuch &ndash; Spezifische Gebrauchs- Und Wartungsanleitung IS Handbuch &ndash; Manuelle Reinigung von W&#1050;rmetauschern mit Lamellen-Paket [&hellip;]<\/p>\n","protected":false},"author":1,"featured_media":0,"parent":4851,"menu_order":2,"comment_status":"closed","ping_status":"closed","template":"","meta":{"_acf_changed":false,"inline_featured_image":false,"footnotes":""},"class_list":["post-3757","page","type-page","status-publish","hentry"],"acf":[],"yoast_head":"<!-- This site is optimized with the Yoast SEO plugin v27.1.1 - https:\/\/yoast.com\/product\/yoast-seo-wordpress\/ -->\n<title>Technische handb\u00fccher - Thermokey<\/title>\n<meta name=\"description\" content=\"Laden Sie technische Handb\u00fccher f\u00fcr die Produktpalette von ThermoKey, Handhabungshinweise und technische Spezifikationen herunter.\" \/>\n<meta name=\"robots\" content=\"index, follow, max-snippet:-1, max-image-preview:large, max-video-preview:-1\" \/>\n<link rel=\"canonical\" href=\"https:\/\/www.thermokey.com\/de\/download\/technische-handbuecher\/\" \/>\n<meta property=\"og:locale\" content=\"de_DE\" \/>\n<meta property=\"og:type\" content=\"article\" \/>\n<meta property=\"og:title\" content=\"Technische handb\u00fccher - Thermokey\" \/>\n<meta property=\"og:description\" content=\"Laden Sie technische Handb\u00fccher f\u00fcr die Produktpalette von ThermoKey, Handhabungshinweise und technische Spezifikationen herunter.\" \/>\n<meta property=\"og:url\" content=\"https:\/\/www.thermokey.com\/de\/download\/technische-handbuecher\/\" \/>\n<meta property=\"og:site_name\" content=\"Thermokey\" \/>\n<meta property=\"article:modified_time\" content=\"2026-04-23T12:23:16+00:00\" \/>\n<meta name=\"twitter:card\" content=\"summary_large_image\" \/>\n<meta name=\"twitter:label1\" content=\"Gesch\u00e4tzte Lesezeit\" \/>\n\t<meta name=\"twitter:data1\" content=\"1\u00a0Minute\" \/>\n<script type=\"application\/ld+json\" class=\"yoast-schema-graph\">{\"@context\":\"https:\/\/schema.org\",\"@graph\":[{\"@type\":\"WebPage\",\"@id\":\"https:\/\/www.thermokey.com\/de\/download\/technische-handbuecher\/\",\"url\":\"https:\/\/www.thermokey.com\/de\/download\/technische-handbuecher\/\",\"name\":\"Technische handb\u00fccher - Thermokey\",\"isPartOf\":{\"@id\":\"https:\/\/www.thermokey.com\/de\/#website\"},\"datePublished\":\"2017-12-11T11:20:20+00:00\",\"dateModified\":\"2026-04-23T12:23:16+00:00\",\"description\":\"Laden Sie technische Handb\u00fccher f\u00fcr die Produktpalette von ThermoKey, Handhabungshinweise und technische Spezifikationen herunter.\",\"breadcrumb\":{\"@id\":\"https:\/\/www.thermokey.com\/de\/download\/technische-handbuecher\/#breadcrumb\"},\"inLanguage\":\"de\",\"potentialAction\":[{\"@type\":\"ReadAction\",\"target\":[\"https:\/\/www.thermokey.com\/de\/download\/technische-handbuecher\/\"]}]},{\"@type\":\"BreadcrumbList\",\"@id\":\"https:\/\/www.thermokey.com\/de\/download\/technische-handbuecher\/#breadcrumb\",\"itemListElement\":[{\"@type\":\"ListItem\",\"position\":1,\"name\":\"Home\",\"item\":\"https:\/\/www.thermokey.com\/de\/\"},{\"@type\":\"ListItem\",\"position\":2,\"name\":\"Download\",\"item\":\"https:\/\/www.thermokey.com\/de\/download\/\"},{\"@type\":\"ListItem\",\"position\":3,\"name\":\"Technische handb\u00fccher\"}]},{\"@type\":\"WebSite\",\"@id\":\"https:\/\/www.thermokey.com\/de\/#website\",\"url\":\"https:\/\/www.thermokey.com\/de\/\",\"name\":\"Thermokey\",\"description\":\"Heat Exchange Solutions\",\"potentialAction\":[{\"@type\":\"SearchAction\",\"target\":{\"@type\":\"EntryPoint\",\"urlTemplate\":\"https:\/\/www.thermokey.com\/de\/?s={search_term_string}\"},\"query-input\":{\"@type\":\"PropertyValueSpecification\",\"valueRequired\":true,\"valueName\":\"search_term_string\"}}],\"inLanguage\":\"de\"}]}<\/script>\n<!-- \/ Yoast SEO plugin. -->","yoast_head_json":{"title":"Technische handb\u00fccher - Thermokey","description":"Laden Sie technische Handb\u00fccher f\u00fcr die Produktpalette von ThermoKey, Handhabungshinweise und technische Spezifikationen herunter.","robots":{"index":"index","follow":"follow","max-snippet":"max-snippet:-1","max-image-preview":"max-image-preview:large","max-video-preview":"max-video-preview:-1"},"canonical":"https:\/\/www.thermokey.com\/de\/download\/technische-handbuecher\/","og_locale":"de_DE","og_type":"article","og_title":"Technische handb\u00fccher - Thermokey","og_description":"Laden Sie technische Handb\u00fccher f\u00fcr die Produktpalette von ThermoKey, Handhabungshinweise und technische Spezifikationen herunter.","og_url":"https:\/\/www.thermokey.com\/de\/download\/technische-handbuecher\/","og_site_name":"Thermokey","article_modified_time":"2026-04-23T12:23:16+00:00","twitter_card":"summary_large_image","twitter_misc":{"Gesch\u00e4tzte Lesezeit":"1\u00a0Minute"},"schema":{"@context":"https:\/\/schema.org","@graph":[{"@type":"WebPage","@id":"https:\/\/www.thermokey.com\/de\/download\/technische-handbuecher\/","url":"https:\/\/www.thermokey.com\/de\/download\/technische-handbuecher\/","name":"Technische handb\u00fccher - Thermokey","isPartOf":{"@id":"https:\/\/www.thermokey.com\/de\/#website"},"datePublished":"2017-12-11T11:20:20+00:00","dateModified":"2026-04-23T12:23:16+00:00","description":"Laden Sie technische Handb\u00fccher f\u00fcr die Produktpalette von ThermoKey, Handhabungshinweise und technische Spezifikationen herunter.","breadcrumb":{"@id":"https:\/\/www.thermokey.com\/de\/download\/technische-handbuecher\/#breadcrumb"},"inLanguage":"de","potentialAction":[{"@type":"ReadAction","target":["https:\/\/www.thermokey.com\/de\/download\/technische-handbuecher\/"]}]},{"@type":"BreadcrumbList","@id":"https:\/\/www.thermokey.com\/de\/download\/technische-handbuecher\/#breadcrumb","itemListElement":[{"@type":"ListItem","position":1,"name":"Home","item":"https:\/\/www.thermokey.com\/de\/"},{"@type":"ListItem","position":2,"name":"Download","item":"https:\/\/www.thermokey.com\/de\/download\/"},{"@type":"ListItem","position":3,"name":"Technische handb\u00fccher"}]},{"@type":"WebSite","@id":"https:\/\/www.thermokey.com\/de\/#website","url":"https:\/\/www.thermokey.com\/de\/","name":"Thermokey","description":"Heat Exchange Solutions","potentialAction":[{"@type":"SearchAction","target":{"@type":"EntryPoint","urlTemplate":"https:\/\/www.thermokey.com\/de\/?s={search_term_string}"},"query-input":{"@type":"PropertyValueSpecification","valueRequired":true,"valueName":"search_term_string"}}],"inLanguage":"de"}]}},"_links":{"self":[{"href":"https:\/\/www.thermokey.com\/de\/wp-json\/wp\/v2\/pages\/3757","targetHints":{"allow":["GET"]}}],"collection":[{"href":"https:\/\/www.thermokey.com\/de\/wp-json\/wp\/v2\/pages"}],"about":[{"href":"https:\/\/www.thermokey.com\/de\/wp-json\/wp\/v2\/types\/page"}],"author":[{"embeddable":true,"href":"https:\/\/www.thermokey.com\/de\/wp-json\/wp\/v2\/users\/1"}],"replies":[{"embeddable":true,"href":"https:\/\/www.thermokey.com\/de\/wp-json\/wp\/v2\/comments?post=3757"}],"version-history":[{"count":36,"href":"https:\/\/www.thermokey.com\/de\/wp-json\/wp\/v2\/pages\/3757\/revisions"}],"predecessor-version":[{"id":66653,"href":"https:\/\/www.thermokey.com\/de\/wp-json\/wp\/v2\/pages\/3757\/revisions\/66653"}],"up":[{"embeddable":true,"href":"https:\/\/www.thermokey.com\/de\/wp-json\/wp\/v2\/pages\/4851"}],"wp:attachment":[{"href":"https:\/\/www.thermokey.com\/de\/wp-json\/wp\/v2\/media?parent=3757"}],"curies":[{"name":"wp","href":"https:\/\/api.w.org\/{rel}","templated":true}]}}